{"id":31167,"date":"2024-10-29T02:32:33","date_gmt":"2024-10-29T02:32:33","guid":{"rendered":"https:\/\/global-hookah.com\/?post_type=product&#038;p=31167"},"modified":"2024-11-18T03:29:19","modified_gmt":"2024-11-18T03:29:19","slug":"wholesale-portable-acrylic-hookah-with-led-light-base","status":"publish","type":"product","link":"https:\/\/global-hookah.com\/es\/producto\/wholesale-portable-acrylic-hookah-with-led-light-base\/","title":{"rendered":"Mayorista Hookah Acr\u00edlico Port\u00e1til Con Base De Luz Led"},"content":{"rendered":"<p>Creo que uno de los mayores placeres de nuestras vidas es fumar narguiles afrutados, as\u00ed que hemos dise\u00f1ado este <strong>Hookah acr\u00edlico port\u00e1til<\/strong>. Este <strong>Hookah acr\u00edlico port\u00e1til<\/strong> est\u00e1 fabricado con material acr\u00edlico de alta calidad, especialmente el avanzado sistema de ventilaci\u00f3n del <a href=\"https:\/\/global-hookah.com\/product-category\/wholesale-hookah\/portable-hookah-wholesale\/\"><strong>narguile port\u00e1til<\/strong><\/a>que puede reducir el calor de la pipa de agua, a fin de lograr un control perfecto de calor<\/p>\n<p>Adem\u00e1s de proporcionar un excelente aislamiento, tambi\u00e9n es muy c\u00f3modo de usar. S\u00f3lo tiene que a\u00f1adir una peque\u00f1a cantidad de tabaco para narguile para disfrutar de una maravillosa experiencia de fumar. Por supuesto, si no quiere que el sabor del tabaco para narguile sea demasiado complicado, le recomendamos que compre<strong> Tabaco para narguile doble con sabor a manzana de Al Fakher<\/strong><\/p>\n<p>Si t\u00fa tambi\u00e9n eres un amante del narguile, creo que no te lo puedes perder <strong>Hookah acr\u00edlico con luz LED<\/strong>\u00a1! Es sin duda la elecci\u00f3n perfecta para su fiesta en el interior.<\/p>\n<p>En <strong>Set de narguile port\u00e1til<\/strong> incluye 1 botella de hookah de acr\u00edlico transparente, 1 cuenco de silicona, 1 luz de ambiente LED de colores, 1 mando a distancia con pilas, y un juego completo de juntas de goma a prueba de fugas, especialmente la tira de luz LED incorporada, que puede cambiar de color a trav\u00e9s del mando a distancia, haci\u00e9ndole m\u00e1s fresco en la fiesta de hookah por la noche.<\/p>\n<p>Especialmente, este <strong>Hookah Acr\u00edlico Con Luz Led<\/strong> adopta un dise\u00f1o especial de chimenea, que puede hacer el mejor uso del aire caliente para cocinar el tabaco. \u00a1Le garantizo que este dise\u00f1o \u00fanico ser\u00e1 muy popular cuando se utiliza en una fiesta!<\/p>\n<p><strong>Especificaciones del producto<\/strong>:<\/p>\n<ul>\n<li><strong>Material<\/strong>: Acr\u00edlico + Metal (Acero inoxidable)<\/li>\n<li><strong>Dise\u00f1o b\u00e1sico<\/strong>: Dise\u00f1o de chapa de madera veteada con una base de luz LED, color ajustable<\/li>\n<li>Tipo:<a href=\"https:\/\/global-hookah.com\/\">Hookah<\/a><\/li>\n<li><strong>Altura<\/strong>: 45 cm<\/li>\n<li><strong>Peso<\/strong>: 1,5 kg<\/li>\n<li><strong>Manguera<\/strong>: Tubo flexible de pl\u00e1stico desmontable<\/li>\n<li><strong>Taz\u00f3n<\/strong>: Bol de cer\u00e1mica de alta calidad, resistente al calor<\/li>\n<li><strong>Control de luz LED<\/strong>: Control remoto, colores y efectos de iluminaci\u00f3n ajustables<\/li>\n<li><strong>Portabilidad<\/strong>: Dise\u00f1o ligero, adecuado tanto para interiores como para exteriores<\/li>\n<\/ul>\n<p><strong>Accesorios<\/strong>:<\/p>\n<ul>\n<li>1 cuenco de cer\u00e1mica<\/li>\n<li>1 manguera blanda<\/li>\n<li>1 base luminosa LED con mando a distancia<\/li>\n<li>1 pinza de carb\u00f3n<\/li>\n<li>1 boquilla met\u00e1lica<\/li>\n<\/ul>","protected":false},"excerpt":{"rendered":"<p>Creo que uno de los mayores placeres de nuestras vidas es fumar narguiles afrutados, as\u00ed que hemos dise\u00f1ado este Portable<\/p>","protected":false},"featured_media":31171,"comment_status":"closed","ping_status":"closed","template":"","meta":{"iawp_total_views":12,"_joinchat":[]},"product_brand":[],"product_cat":[559,119],"product_tag":[],"class_list":{"0":"post-31167","1":"product","2":"type-product","3":"status-publish","4":"has-post-thumbnail","6":"product_cat-portable-hookah-wholesale","7":"product_cat-wholesale-hookah","9":"first","10":"instock","11":"shipping-taxable","12":"product-type-external"},"yoast_head":"<!-- This site is optimized with the Yoast SEO Premium plugin v24.7 (Yoast SEO v26.8) - https:\/\/yoast.com\/product\/yoast-seo-premium-wordpress\/ -->\n<title>Wholesale Portable Acrylic Hookah With Led Light Base - Global Hookah<\/title>\n<meta name=\"robots\" content=\"index, follow, max-snippet:-1, max-image-preview:large, max-video-preview:-1\" \/>\n<link rel=\"canonical\" href=\"https:\/\/global-hookah.com\/es\/producto\/wholesale-portable-acrylic-hookah-with-led-light-base\/\" \/>\n<meta property=\"og:locale\" content=\"es_ES\" \/>\n<meta property=\"og:type\" content=\"article\" \/>\n<meta property=\"og:title\" content=\"Wholesale Portable Acrylic Hookah With Led Light Base\" \/>\n<meta property=\"og:description\" content=\"I think one of the greatest pleasures in our lives is to smoke fruity hookahs, so we designed this Portable\" \/>\n<meta property=\"og:url\" content=\"https:\/\/global-hookah.com\/es\/producto\/wholesale-portable-acrylic-hookah-with-led-light-base\/\" \/>\n<meta property=\"og:site_name\" content=\"Global Hookah\" \/>\n<meta property=\"article:modified_time\" content=\"2024-11-18T03:29:19+00:00\" \/>\n<meta property=\"og:image\" content=\"https:\/\/global-hookah.com\/wp-content\/uploads\/2024\/10\/4b9a7d4fae58cb8573f506f4821030f.jpg\" \/>\n\t<meta property=\"og:image:width\" content=\"1000\" \/>\n\t<meta property=\"og:image:height\" content=\"1000\" \/>\n\t<meta property=\"og:image:type\" content=\"image\/jpeg\" \/>\n<meta name=\"twitter:card\" content=\"summary_large_image\" \/>\n<meta name=\"twitter:label1\" content=\"Tiempo de lectura\" \/>\n\t<meta name=\"twitter:data1\" content=\"2 minutos\" \/>\n<script type=\"application\/ld+json\" class=\"yoast-schema-graph\">{\"@context\":\"https:\/\/schema.org\",\"@graph\":[{\"@type\":\"WebPage\",\"@id\":\"https:\/\/global-hookah.com\/product\/wholesale-portable-acrylic-hookah-with-led-light-base\/\",\"url\":\"https:\/\/global-hookah.com\/product\/wholesale-portable-acrylic-hookah-with-led-light-base\/\",\"name\":\"Wholesale Portable Acrylic Hookah With Led Light Base - Global Hookah\",\"isPartOf\":{\"@id\":\"https:\/\/global-hookah.com\/#website\"},\"primaryImageOfPage\":{\"@id\":\"https:\/\/global-hookah.com\/product\/wholesale-portable-acrylic-hookah-with-led-light-base\/#primaryimage\"},\"image\":{\"@id\":\"https:\/\/global-hookah.com\/product\/wholesale-portable-acrylic-hookah-with-led-light-base\/#primaryimage\"},\"thumbnailUrl\":\"https:\/\/global-hookah.com\/wp-content\/uploads\/2024\/10\/4b9a7d4fae58cb8573f506f4821030f.jpg\",\"datePublished\":\"2024-10-29T02:32:33+00:00\",\"dateModified\":\"2024-11-18T03:29:19+00:00\",\"breadcrumb\":{\"@id\":\"https:\/\/global-hookah.com\/product\/wholesale-portable-acrylic-hookah-with-led-light-base\/#breadcrumb\"},\"inLanguage\":\"es\",\"potentialAction\":[{\"@type\":\"ReadAction\",\"target\":[\"https:\/\/global-hookah.com\/product\/wholesale-portable-acrylic-hookah-with-led-light-base\/\"]}]},{\"@type\":\"ImageObject\",\"inLanguage\":\"es\",\"@id\":\"https:\/\/global-hookah.com\/product\/wholesale-portable-acrylic-hookah-with-led-light-base\/#primaryimage\",\"url\":\"https:\/\/global-hookah.com\/wp-content\/uploads\/2024\/10\/4b9a7d4fae58cb8573f506f4821030f.jpg\",\"contentUrl\":\"https:\/\/global-hookah.com\/wp-content\/uploads\/2024\/10\/4b9a7d4fae58cb8573f506f4821030f.jpg\",\"width\":1000,\"height\":1000,\"caption\":\"Wholesale Portable Acrylic Hookah With Led Light Base\"},{\"@type\":\"BreadcrumbList\",\"@id\":\"https:\/\/global-hookah.com\/product\/wholesale-portable-acrylic-hookah-with-led-light-base\/#breadcrumb\",\"itemListElement\":[{\"@type\":\"ListItem\",\"position\":1,\"name\":\"Home\",\"item\":\"https:\/\/global-hookah.com\/\"},{\"@type\":\"ListItem\",\"position\":2,\"name\":\"Shop\",\"item\":\"https:\/\/global-hookah.com\/shop\/\"},{\"@type\":\"ListItem\",\"position\":3,\"name\":\"Wholesale Portable Acrylic Hookah With Led Light Base\"}]},{\"@type\":\"WebSite\",\"@id\":\"https:\/\/global-hookah.com\/#website\",\"url\":\"https:\/\/global-hookah.com\/\",\"name\":\"Global Hookah\",\"description\":\"Global Hookah\",\"publisher\":{\"@id\":\"https:\/\/global-hookah.com\/#organization\"},\"potentialAction\":[{\"@type\":\"SearchAction\",\"target\":{\"@type\":\"EntryPoint\",\"urlTemplate\":\"https:\/\/global-hookah.com\/?s={search_term_string}\"},\"query-input\":{\"@type\":\"PropertyValueSpecification\",\"valueRequired\":true,\"valueName\":\"search_term_string\"}}],\"inLanguage\":\"es\"},{\"@type\":\"Organization\",\"@id\":\"https:\/\/global-hookah.com\/#organization\",\"name\":\"Global Hookah\",\"url\":\"https:\/\/global-hookah.com\/\",\"logo\":{\"@type\":\"ImageObject\",\"inLanguage\":\"es\",\"@id\":\"https:\/\/global-hookah.com\/#\/schema\/logo\/image\/\",\"url\":\"https:\/\/global-hookah.com\/wp-content\/uploads\/2021\/10\/cropped-fgg.png\",\"contentUrl\":\"https:\/\/global-hookah.com\/wp-content\/uploads\/2021\/10\/cropped-fgg.png\",\"width\":512,\"height\":512,\"caption\":\"Global Hookah\"},\"image\":{\"@id\":\"https:\/\/global-hookah.com\/#\/schema\/logo\/image\/\"}}]}<\/script>\n<!-- \/ Yoast SEO Premium plugin. -->","yoast_head_json":{"title":"Mayorista Hookah acr\u00edlico port\u00e1til con base de luz Led - Global Hookah","robots":{"index":"index","follow":"follow","max-snippet":"max-snippet:-1","max-image-preview":"max-image-preview:large","max-video-preview":"max-video-preview:-1"},"canonical":"https:\/\/global-hookah.com\/es\/producto\/wholesale-portable-acrylic-hookah-with-led-light-base\/","og_locale":"es_ES","og_type":"article","og_title":"Wholesale Portable Acrylic Hookah With Led Light Base","og_description":"I think one of the greatest pleasures in our lives is to smoke fruity hookahs, so we designed this Portable","og_url":"https:\/\/global-hookah.com\/es\/producto\/wholesale-portable-acrylic-hookah-with-led-light-base\/","og_site_name":"Global Hookah","article_modified_time":"2024-11-18T03:29:19+00:00","og_image":[{"width":1000,"height":1000,"url":"https:\/\/global-hookah.com\/wp-content\/uploads\/2024\/10\/4b9a7d4fae58cb8573f506f4821030f.jpg","type":"image\/jpeg"}],"twitter_card":"summary_large_image","twitter_misc":{"Tiempo de lectura":"2 minutos"},"schema":{"@context":"https:\/\/schema.org","@graph":[{"@type":"WebPage","@id":"https:\/\/global-hookah.com\/product\/wholesale-portable-acrylic-hookah-with-led-light-base\/","url":"https:\/\/global-hookah.com\/product\/wholesale-portable-acrylic-hookah-with-led-light-base\/","name":"Mayorista Hookah acr\u00edlico port\u00e1til con base de luz Led - Global Hookah","isPartOf":{"@id":"https:\/\/global-hookah.com\/#website"},"primaryImageOfPage":{"@id":"https:\/\/global-hookah.com\/product\/wholesale-portable-acrylic-hookah-with-led-light-base\/#primaryimage"},"image":{"@id":"https:\/\/global-hookah.com\/product\/wholesale-portable-acrylic-hookah-with-led-light-base\/#primaryimage"},"thumbnailUrl":"https:\/\/global-hookah.com\/wp-content\/uploads\/2024\/10\/4b9a7d4fae58cb8573f506f4821030f.jpg","datePublished":"2024-10-29T02:32:33+00:00","dateModified":"2024-11-18T03:29:19+00:00","breadcrumb":{"@id":"https:\/\/global-hookah.com\/product\/wholesale-portable-acrylic-hookah-with-led-light-base\/#breadcrumb"},"inLanguage":"es","potentialAction":[{"@type":"ReadAction","target":["https:\/\/global-hookah.com\/product\/wholesale-portable-acrylic-hookah-with-led-light-base\/"]}]},{"@type":"ImageObject","inLanguage":"es","@id":"https:\/\/global-hookah.com\/product\/wholesale-portable-acrylic-hookah-with-led-light-base\/#primaryimage","url":"https:\/\/global-hookah.com\/wp-content\/uploads\/2024\/10\/4b9a7d4fae58cb8573f506f4821030f.jpg","contentUrl":"https:\/\/global-hookah.com\/wp-content\/uploads\/2024\/10\/4b9a7d4fae58cb8573f506f4821030f.jpg","width":1000,"height":1000,"caption":"Wholesale Portable Acrylic Hookah With Led Light Base"},{"@type":"BreadcrumbList","@id":"https:\/\/global-hookah.com\/product\/wholesale-portable-acrylic-hookah-with-led-light-base\/#breadcrumb","itemListElement":[{"@type":"ListItem","position":1,"name":"Home","item":"https:\/\/global-hookah.com\/"},{"@type":"ListItem","position":2,"name":"Shop","item":"https:\/\/global-hookah.com\/shop\/"},{"@type":"ListItem","position":3,"name":"Wholesale Portable Acrylic Hookah With Led Light Base"}]},{"@type":"WebSite","@id":"https:\/\/global-hookah.com\/#website","url":"https:\/\/global-hookah.com\/","name":"Global Hookah","description":"Global Hookah","publisher":{"@id":"https:\/\/global-hookah.com\/#organization"},"potentialAction":[{"@type":"SearchAction","target":{"@type":"EntryPoint","urlTemplate":"https:\/\/global-hookah.com\/?s={search_term_string}"},"query-input":{"@type":"PropertyValueSpecification","valueRequired":true,"valueName":"search_term_string"}}],"inLanguage":"es"},{"@type":"Organization","@id":"https:\/\/global-hookah.com\/#organization","name":"Global Hookah","url":"https:\/\/global-hookah.com\/","logo":{"@type":"ImageObject","inLanguage":"es","@id":"https:\/\/global-hookah.com\/#\/schema\/logo\/image\/","url":"https:\/\/global-hookah.com\/wp-content\/uploads\/2021\/10\/cropped-fgg.png","contentUrl":"https:\/\/global-hookah.com\/wp-content\/uploads\/2021\/10\/cropped-fgg.png","width":512,"height":512,"caption":"Global Hookah"},"image":{"@id":"https:\/\/global-hookah.com\/#\/schema\/logo\/image\/"}}]}},"_links":{"self":[{"href":"https:\/\/global-hookah.com\/es\/wp-json\/wp\/v2\/product\/31167","targetHints":{"allow":["GET"]}}],"collection":[{"href":"https:\/\/global-hookah.com\/es\/wp-json\/wp\/v2\/product"}],"about":[{"href":"https:\/\/global-hookah.com\/es\/wp-json\/wp\/v2\/types\/product"}],"replies":[{"embeddable":true,"href":"https:\/\/global-hookah.com\/es\/wp-json\/wp\/v2\/comments?post=31167"}],"version-history":[{"count":0,"href":"https:\/\/global-hookah.com\/es\/wp-json\/wp\/v2\/product\/31167\/revisions"}],"wp:featuredmedia":[{"embeddable":true,"href":"https:\/\/global-hookah.com\/es\/wp-json\/wp\/v2\/media\/31171"}],"wp:attachment":[{"href":"https:\/\/global-hookah.com\/es\/wp-json\/wp\/v2\/media?parent=31167"}],"wp:term":[{"taxonomy":"product_brand","embeddable":true,"href":"https:\/\/global-hookah.com\/es\/wp-json\/wp\/v2\/product_brand?post=31167"},{"taxonomy":"product_cat","embeddable":true,"href":"https:\/\/global-hookah.com\/es\/wp-json\/wp\/v2\/product_cat?post=31167"},{"taxonomy":"product_tag","embeddable":true,"href":"https:\/\/global-hookah.com\/es\/wp-json\/wp\/v2\/product_tag?post=31167"}],"curies":[{"name":"wp","href":"https:\/\/api.w.org\/{rel}","templated":true}]}}