{"id":31175,"date":"2024-10-31T03:51:55","date_gmt":"2024-10-31T03:51:55","guid":{"rendered":"https:\/\/global-hookah.com\/?post_type=product&#038;p=31175"},"modified":"2024-11-16T07:59:53","modified_gmt":"2024-11-16T07:59:53","slug":"cartoon-bomber-shape-silicone-weed-bong-wholesale","status":"publish","type":"product","link":"https:\/\/global-hookah.com\/es\/producto\/cartoon-bomber-shape-silicone-weed-bong-wholesale\/","title":{"rendered":"Bong de silicona con forma de bombardero de dibujos animados al por mayor"},"content":{"rendered":"<p>Prometo que este dibujo animado en forma de bomba suave<strong> pipa de hierba de silicona<\/strong> sin duda le convertir\u00e1 en la presencia m\u00e1s llamativa de la fiesta. Nuestra f\u00e1brica dise\u00f1\u00f3 originalmente los dibujos de este <a href=\"https:\/\/global-hookah.com\/product-category\/bong-wholesale\/silicone-bong-wholesale\/\">bong de silicona<\/a> en 2023.<\/p>\n<p>Lo que m\u00e1s me gusta de este bong es que comparado con los voluminosos <a href=\"https:\/\/global-hookah.com\/product-category\/bong-wholesale\/wholesale-glass-bong\/\">cachimba de cristal<\/a>, el material de silicona ultraligero me permite llevarlo a todas partes. Ya sea en casa o al aire libre, me permite disfrutar del placer de fumar marihuana en cualquier momento y lugar. En particular, el dise\u00f1o de conexi\u00f3n giratoria de 360 grados aumenta a\u00fan m\u00e1s su comodidad.<\/p>\n<p>Para una mejor experiencia de uso, utilizamos material de silicona de alta calidad con una resistencia al calor muy alta, y su temperatura de resistencia al calor es de hasta 1200 \u00b0F. Esto significa que puede soportar lavados a altas temperaturas, y te juro que no habr\u00e1 problemas aunque lo uses durante muchos a\u00f1os.<\/p>\n<p>Adem\u00e1s, tenemos plenamente en cuenta las necesidades de los usuarios, por lo que este <strong>Weed bong de silicona<\/strong>, otra caracter\u00edstica \u00fanica es que se puede desmontar f\u00e1cilmente, para que puedas limpiar r\u00e1pidamente la parte inferior de la cachimba cuando la limpies.<\/p>","protected":false},"excerpt":{"rendered":"<p>Te prometo que este bong de silicona blanda con forma de bomba de dibujos animados te convertir\u00e1 sin duda en la presencia m\u00e1s llamativa de la<\/p>","protected":false},"featured_media":31180,"comment_status":"closed","ping_status":"closed","template":"","meta":{"iawp_total_views":19,"_joinchat":[]},"product_brand":[],"product_cat":[534],"product_tag":[],"class_list":{"0":"post-31175","1":"product","2":"type-product","3":"status-publish","4":"has-post-thumbnail","6":"product_cat-silicone-bong-wholesale","8":"first","9":"instock","10":"shipping-taxable","11":"product-type-external"},"yoast_head":"<!-- This site is optimized with the Yoast SEO Premium plugin v24.7 (Yoast SEO v26.8) - https:\/\/yoast.com\/product\/yoast-seo-premium-wordpress\/ -->\n<title>Cartoon Bomber Shape Silicone Weed Bong Wholesale - Global Hookah<\/title>\n<meta name=\"robots\" content=\"index, follow, max-snippet:-1, max-image-preview:large, max-video-preview:-1\" \/>\n<link rel=\"canonical\" href=\"https:\/\/global-hookah.com\/es\/producto\/cartoon-bomber-shape-silicone-weed-bong-wholesale\/\" \/>\n<meta property=\"og:locale\" content=\"es_ES\" \/>\n<meta property=\"og:type\" content=\"article\" \/>\n<meta property=\"og:title\" content=\"Cartoon Bomber Shape Silicone Weed Bong Wholesale\" \/>\n<meta property=\"og:description\" content=\"I promise that this cartoon bomb-shaped soft silicone weed bong will definitely make you the most eye-catching presence at the\" \/>\n<meta property=\"og:url\" content=\"https:\/\/global-hookah.com\/es\/producto\/cartoon-bomber-shape-silicone-weed-bong-wholesale\/\" \/>\n<meta property=\"og:site_name\" content=\"Global Hookah\" \/>\n<meta property=\"article:modified_time\" content=\"2024-11-16T07:59:53+00:00\" \/>\n<meta property=\"og:image\" content=\"https:\/\/global-hookah.com\/wp-content\/uploads\/2024\/10\/af27f4c19150fa1265f89fcac4296d9.jpg\" \/>\n\t<meta property=\"og:image:width\" content=\"729\" \/>\n\t<meta property=\"og:image:height\" content=\"725\" \/>\n\t<meta property=\"og:image:type\" content=\"image\/jpeg\" \/>\n<meta name=\"twitter:card\" content=\"summary_large_image\" \/>\n<meta name=\"twitter:label1\" content=\"Tiempo de lectura\" \/>\n\t<meta name=\"twitter:data1\" content=\"1 minuto\" \/>\n<script type=\"application\/ld+json\" class=\"yoast-schema-graph\">{\"@context\":\"https:\/\/schema.org\",\"@graph\":[{\"@type\":\"WebPage\",\"@id\":\"https:\/\/global-hookah.com\/product\/cartoon-bomber-shape-silicone-weed-bong-wholesale\/\",\"url\":\"https:\/\/global-hookah.com\/product\/cartoon-bomber-shape-silicone-weed-bong-wholesale\/\",\"name\":\"Cartoon Bomber Shape Silicone Weed Bong Wholesale - Global Hookah\",\"isPartOf\":{\"@id\":\"https:\/\/global-hookah.com\/#website\"},\"primaryImageOfPage\":{\"@id\":\"https:\/\/global-hookah.com\/product\/cartoon-bomber-shape-silicone-weed-bong-wholesale\/#primaryimage\"},\"image\":{\"@id\":\"https:\/\/global-hookah.com\/product\/cartoon-bomber-shape-silicone-weed-bong-wholesale\/#primaryimage\"},\"thumbnailUrl\":\"https:\/\/global-hookah.com\/wp-content\/uploads\/2024\/10\/af27f4c19150fa1265f89fcac4296d9.jpg\",\"datePublished\":\"2024-10-31T03:51:55+00:00\",\"dateModified\":\"2024-11-16T07:59:53+00:00\",\"breadcrumb\":{\"@id\":\"https:\/\/global-hookah.com\/product\/cartoon-bomber-shape-silicone-weed-bong-wholesale\/#breadcrumb\"},\"inLanguage\":\"es\",\"potentialAction\":[{\"@type\":\"ReadAction\",\"target\":[\"https:\/\/global-hookah.com\/product\/cartoon-bomber-shape-silicone-weed-bong-wholesale\/\"]}]},{\"@type\":\"ImageObject\",\"inLanguage\":\"es\",\"@id\":\"https:\/\/global-hookah.com\/product\/cartoon-bomber-shape-silicone-weed-bong-wholesale\/#primaryimage\",\"url\":\"https:\/\/global-hookah.com\/wp-content\/uploads\/2024\/10\/af27f4c19150fa1265f89fcac4296d9.jpg\",\"contentUrl\":\"https:\/\/global-hookah.com\/wp-content\/uploads\/2024\/10\/af27f4c19150fa1265f89fcac4296d9.jpg\",\"width\":729,\"height\":725,\"caption\":\"Silicone Weed Bong Wholesale\"},{\"@type\":\"BreadcrumbList\",\"@id\":\"https:\/\/global-hookah.com\/product\/cartoon-bomber-shape-silicone-weed-bong-wholesale\/#breadcrumb\",\"itemListElement\":[{\"@type\":\"ListItem\",\"position\":1,\"name\":\"Home\",\"item\":\"https:\/\/global-hookah.com\/\"},{\"@type\":\"ListItem\",\"position\":2,\"name\":\"Shop\",\"item\":\"https:\/\/global-hookah.com\/shop\/\"},{\"@type\":\"ListItem\",\"position\":3,\"name\":\"Cartoon Bomber Shape Silicone Weed Bong Wholesale\"}]},{\"@type\":\"WebSite\",\"@id\":\"https:\/\/global-hookah.com\/#website\",\"url\":\"https:\/\/global-hookah.com\/\",\"name\":\"Global Hookah\",\"description\":\"Global Hookah\",\"publisher\":{\"@id\":\"https:\/\/global-hookah.com\/#organization\"},\"potentialAction\":[{\"@type\":\"SearchAction\",\"target\":{\"@type\":\"EntryPoint\",\"urlTemplate\":\"https:\/\/global-hookah.com\/?s={search_term_string}\"},\"query-input\":{\"@type\":\"PropertyValueSpecification\",\"valueRequired\":true,\"valueName\":\"search_term_string\"}}],\"inLanguage\":\"es\"},{\"@type\":\"Organization\",\"@id\":\"https:\/\/global-hookah.com\/#organization\",\"name\":\"Global Hookah\",\"url\":\"https:\/\/global-hookah.com\/\",\"logo\":{\"@type\":\"ImageObject\",\"inLanguage\":\"es\",\"@id\":\"https:\/\/global-hookah.com\/#\/schema\/logo\/image\/\",\"url\":\"https:\/\/global-hookah.com\/wp-content\/uploads\/2021\/10\/cropped-fgg.png\",\"contentUrl\":\"https:\/\/global-hookah.com\/wp-content\/uploads\/2021\/10\/cropped-fgg.png\",\"width\":512,\"height\":512,\"caption\":\"Global Hookah\"},\"image\":{\"@id\":\"https:\/\/global-hookah.com\/#\/schema\/logo\/image\/\"}}]}<\/script>\n<!-- \/ Yoast SEO Premium plugin. -->","yoast_head_json":{"title":"Bomber de dibujos animados en forma de silicona Weed Bong al por mayor - Global Hookah","robots":{"index":"index","follow":"follow","max-snippet":"max-snippet:-1","max-image-preview":"max-image-preview:large","max-video-preview":"max-video-preview:-1"},"canonical":"https:\/\/global-hookah.com\/es\/producto\/cartoon-bomber-shape-silicone-weed-bong-wholesale\/","og_locale":"es_ES","og_type":"article","og_title":"Cartoon Bomber Shape Silicone Weed Bong Wholesale","og_description":"I promise that this cartoon bomb-shaped soft silicone weed bong will definitely make you the most eye-catching presence at the","og_url":"https:\/\/global-hookah.com\/es\/producto\/cartoon-bomber-shape-silicone-weed-bong-wholesale\/","og_site_name":"Global Hookah","article_modified_time":"2024-11-16T07:59:53+00:00","og_image":[{"width":729,"height":725,"url":"https:\/\/global-hookah.com\/wp-content\/uploads\/2024\/10\/af27f4c19150fa1265f89fcac4296d9.jpg","type":"image\/jpeg"}],"twitter_card":"summary_large_image","twitter_misc":{"Tiempo de lectura":"1 minuto"},"schema":{"@context":"https:\/\/schema.org","@graph":[{"@type":"WebPage","@id":"https:\/\/global-hookah.com\/product\/cartoon-bomber-shape-silicone-weed-bong-wholesale\/","url":"https:\/\/global-hookah.com\/product\/cartoon-bomber-shape-silicone-weed-bong-wholesale\/","name":"Bomber de dibujos animados en forma de silicona Weed Bong al por mayor - Global Hookah","isPartOf":{"@id":"https:\/\/global-hookah.com\/#website"},"primaryImageOfPage":{"@id":"https:\/\/global-hookah.com\/product\/cartoon-bomber-shape-silicone-weed-bong-wholesale\/#primaryimage"},"image":{"@id":"https:\/\/global-hookah.com\/product\/cartoon-bomber-shape-silicone-weed-bong-wholesale\/#primaryimage"},"thumbnailUrl":"https:\/\/global-hookah.com\/wp-content\/uploads\/2024\/10\/af27f4c19150fa1265f89fcac4296d9.jpg","datePublished":"2024-10-31T03:51:55+00:00","dateModified":"2024-11-16T07:59:53+00:00","breadcrumb":{"@id":"https:\/\/global-hookah.com\/product\/cartoon-bomber-shape-silicone-weed-bong-wholesale\/#breadcrumb"},"inLanguage":"es","potentialAction":[{"@type":"ReadAction","target":["https:\/\/global-hookah.com\/product\/cartoon-bomber-shape-silicone-weed-bong-wholesale\/"]}]},{"@type":"ImageObject","inLanguage":"es","@id":"https:\/\/global-hookah.com\/product\/cartoon-bomber-shape-silicone-weed-bong-wholesale\/#primaryimage","url":"https:\/\/global-hookah.com\/wp-content\/uploads\/2024\/10\/af27f4c19150fa1265f89fcac4296d9.jpg","contentUrl":"https:\/\/global-hookah.com\/wp-content\/uploads\/2024\/10\/af27f4c19150fa1265f89fcac4296d9.jpg","width":729,"height":725,"caption":"Silicone Weed Bong Wholesale"},{"@type":"BreadcrumbList","@id":"https:\/\/global-hookah.com\/product\/cartoon-bomber-shape-silicone-weed-bong-wholesale\/#breadcrumb","itemListElement":[{"@type":"ListItem","position":1,"name":"Home","item":"https:\/\/global-hookah.com\/"},{"@type":"ListItem","position":2,"name":"Shop","item":"https:\/\/global-hookah.com\/shop\/"},{"@type":"ListItem","position":3,"name":"Cartoon Bomber Shape Silicone Weed Bong Wholesale"}]},{"@type":"WebSite","@id":"https:\/\/global-hookah.com\/#website","url":"https:\/\/global-hookah.com\/","name":"Global Hookah","description":"Global Hookah","publisher":{"@id":"https:\/\/global-hookah.com\/#organization"},"potentialAction":[{"@type":"SearchAction","target":{"@type":"EntryPoint","urlTemplate":"https:\/\/global-hookah.com\/?s={search_term_string}"},"query-input":{"@type":"PropertyValueSpecification","valueRequired":true,"valueName":"search_term_string"}}],"inLanguage":"es"},{"@type":"Organization","@id":"https:\/\/global-hookah.com\/#organization","name":"Global Hookah","url":"https:\/\/global-hookah.com\/","logo":{"@type":"ImageObject","inLanguage":"es","@id":"https:\/\/global-hookah.com\/#\/schema\/logo\/image\/","url":"https:\/\/global-hookah.com\/wp-content\/uploads\/2021\/10\/cropped-fgg.png","contentUrl":"https:\/\/global-hookah.com\/wp-content\/uploads\/2021\/10\/cropped-fgg.png","width":512,"height":512,"caption":"Global Hookah"},"image":{"@id":"https:\/\/global-hookah.com\/#\/schema\/logo\/image\/"}}]}},"_links":{"self":[{"href":"https:\/\/global-hookah.com\/es\/wp-json\/wp\/v2\/product\/31175","targetHints":{"allow":["GET"]}}],"collection":[{"href":"https:\/\/global-hookah.com\/es\/wp-json\/wp\/v2\/product"}],"about":[{"href":"https:\/\/global-hookah.com\/es\/wp-json\/wp\/v2\/types\/product"}],"replies":[{"embeddable":true,"href":"https:\/\/global-hookah.com\/es\/wp-json\/wp\/v2\/comments?post=31175"}],"version-history":[{"count":0,"href":"https:\/\/global-hookah.com\/es\/wp-json\/wp\/v2\/product\/31175\/revisions"}],"wp:featuredmedia":[{"embeddable":true,"href":"https:\/\/global-hookah.com\/es\/wp-json\/wp\/v2\/media\/31180"}],"wp:attachment":[{"href":"https:\/\/global-hookah.com\/es\/wp-json\/wp\/v2\/media?parent=31175"}],"wp:term":[{"taxonomy":"product_brand","embeddable":true,"href":"https:\/\/global-hookah.com\/es\/wp-json\/wp\/v2\/product_brand?post=31175"},{"taxonomy":"product_cat","embeddable":true,"href":"https:\/\/global-hookah.com\/es\/wp-json\/wp\/v2\/product_cat?post=31175"},{"taxonomy":"product_tag","embeddable":true,"href":"https:\/\/global-hookah.com\/es\/wp-json\/wp\/v2\/product_tag?post=31175"}],"curies":[{"name":"wp","href":"https:\/\/api.w.org\/{rel}","templated":true}]}}