{"id":31361,"date":"2024-12-04T08:46:42","date_gmt":"2024-12-04T08:46:42","guid":{"rendered":"https:\/\/global-hookah.com\/?post_type=product&#038;p=31361"},"modified":"2025-01-11T03:04:40","modified_gmt":"2025-01-11T03:04:40","slug":"portable-electric-dab-rig-wholesale","status":"publish","type":"product","link":"https:\/\/global-hookah.com\/es\/producto\/portable-electric-dab-rig-wholesale\/","title":{"rendered":"Equipo El\u00e9ctrico Port\u00e1til para Dab al por Mayor"},"content":{"rendered":"<p>Este <strong>Equipo de Dab El\u00e9ctrico Port\u00e1til<\/strong> est\u00e1 dise\u00f1ado por JESSE, un dise\u00f1ador de nuestro sitio web global de narguiles. Se ve muy elegante y port\u00e1til y est\u00e1 dise\u00f1ado para viajar.<\/p>\n<p>El Dab Rig El\u00e9ctrico cuenta con un simple bot\u00f3n de operaci\u00f3n que permite a los usuarios encender, ajustar la temperatura y activar el dispositivo con facilidad. Adem\u00e1s, este <strong>mini equipo de dab el\u00e9ctrico<\/strong> viene con una tira de luz LED brillante que proporciona informaci\u00f3n en tiempo real sobre la duraci\u00f3n de la bater\u00eda y el estado de calentamiento.<\/p>\n<p>Tecnolog\u00eda de c\u00e1mara 3D: En el coraz\u00f3n de la <strong>equipo de dab el\u00e9ctrico volcano<\/strong> es su innovadora C\u00e1mara 3D, que utiliza trazadores de calor incrustados en las paredes de cer\u00e1mica para proporcionar un calentamiento constante y una extracci\u00f3n \u00f3ptima del sabor. Este dise\u00f1o permite una mayor producci\u00f3n de vapor mientras preserva la integridad de tus concentrados, resultando en caladas ricas y sabrosas cada vez.<\/p>\n<p>Tiempo de calentamiento r\u00e1pido: El <strong>Presume de Dab Rig el\u00e9ctrico<\/strong> un impresionante tiempo medio de calentamiento de s\u00f3lo 20 segundos, lo que te permite disfrutar de tus concentrados sin largas esperas. Su robusta bater\u00eda proporciona aproximadamente 40 dabs por carga completa, por lo que es ideal tanto para uso personal como para reuniones sociales.<\/p>\n<p>Funciones inteligentes: El <strong>equipo de dab el\u00e9ctrico autom\u00e1tico<\/strong> El sistema de retroalimentaci\u00f3n h\u00e1ptica integrado notifica a los usuarios cuando se alcanza la temperatura deseada, garantizando una experiencia sin interrupciones. La funci\u00f3n \"Sesh Mode\" permite sesiones de dabbing comunales manteniendo la temperatura \u00f3ptima durante largos periodos, perfecto para compartir con amigos.<\/p>\n<p>Fabricado con materiales duraderos, como vidrio de borosilicato y acero inoxidable de alta calidad, este <strong>dab rig atomizador el\u00e9ctrico<\/strong> garantiza un sabor limpio y puro en cada calada.<\/p>\n<p>Eficiente Sistema de Filtraci\u00f3n: El sistema de filtraci\u00f3n de agua incorporado enfr\u00eda el vapor para inhalaciones m\u00e1s suaves mientras filtra eficazmente las impurezas, asegurando una experiencia de dabbing m\u00e1s limpia.<\/p>","protected":false},"excerpt":{"rendered":"<p>Este port\u00e1til el\u00e9ctrico Dab Rig est\u00e1 dise\u00f1ado por JESSE, un dise\u00f1ador de nuestro sitio web global hookah. Se ve muy elegante<\/p>","protected":false},"featured_media":31366,"comment_status":"closed","ping_status":"closed","template":"","meta":{"iawp_total_views":6,"_joinchat":[]},"product_brand":[],"product_cat":[415],"product_tag":[],"class_list":{"0":"post-31361","1":"product","2":"type-product","3":"status-publish","4":"has-post-thumbnail","6":"product_cat-accessories","8":"first","9":"instock","10":"shipping-taxable","11":"product-type-external"},"yoast_head":"<!-- This site is optimized with the Yoast SEO Premium plugin v24.7 (Yoast SEO v26.8) - https:\/\/yoast.com\/product\/yoast-seo-premium-wordpress\/ -->\n<title>Portable Electric Dab Rig Wholesale - Global Hookah<\/title>\n<meta name=\"robots\" content=\"index, follow, max-snippet:-1, max-image-preview:large, max-video-preview:-1\" \/>\n<link rel=\"canonical\" href=\"https:\/\/global-hookah.com\/es\/producto\/portable-electric-dab-rig-wholesale\/\" \/>\n<meta property=\"og:locale\" content=\"es_ES\" \/>\n<meta property=\"og:type\" content=\"article\" \/>\n<meta property=\"og:title\" content=\"Portable Electric Dab Rig Wholesale\" \/>\n<meta property=\"og:description\" content=\"This Portable Electric Dab Rig is designed by JESSE, a designer from our global hookah website. It looks very stylish\" \/>\n<meta property=\"og:url\" content=\"https:\/\/global-hookah.com\/es\/producto\/portable-electric-dab-rig-wholesale\/\" \/>\n<meta property=\"og:site_name\" content=\"Global Hookah\" \/>\n<meta property=\"article:modified_time\" content=\"2025-01-11T03:04:40+00:00\" \/>\n<meta property=\"og:image\" content=\"https:\/\/global-hookah.com\/wp-content\/uploads\/2024\/12\/33c3d50c-df32-4681-bd43-550dc0434e46.jpg\" \/>\n\t<meta property=\"og:image:width\" content=\"1200\" \/>\n\t<meta property=\"og:image:height\" content=\"1200\" \/>\n\t<meta property=\"og:image:type\" content=\"image\/jpeg\" \/>\n<meta name=\"twitter:card\" content=\"summary_large_image\" \/>\n<meta name=\"twitter:label1\" content=\"Tiempo de lectura\" \/>\n\t<meta name=\"twitter:data1\" content=\"1 minuto\" \/>\n<script type=\"application\/ld+json\" class=\"yoast-schema-graph\">{\"@context\":\"https:\/\/schema.org\",\"@graph\":[{\"@type\":\"WebPage\",\"@id\":\"https:\/\/global-hookah.com\/product\/portable-electric-dab-rig-wholesale\/\",\"url\":\"https:\/\/global-hookah.com\/product\/portable-electric-dab-rig-wholesale\/\",\"name\":\"Portable Electric Dab Rig Wholesale - Global Hookah\",\"isPartOf\":{\"@id\":\"https:\/\/global-hookah.com\/#website\"},\"primaryImageOfPage\":{\"@id\":\"https:\/\/global-hookah.com\/product\/portable-electric-dab-rig-wholesale\/#primaryimage\"},\"image\":{\"@id\":\"https:\/\/global-hookah.com\/product\/portable-electric-dab-rig-wholesale\/#primaryimage\"},\"thumbnailUrl\":\"https:\/\/global-hookah.com\/wp-content\/uploads\/2024\/12\/33c3d50c-df32-4681-bd43-550dc0434e46.jpg\",\"datePublished\":\"2024-12-04T08:46:42+00:00\",\"dateModified\":\"2025-01-11T03:04:40+00:00\",\"breadcrumb\":{\"@id\":\"https:\/\/global-hookah.com\/product\/portable-electric-dab-rig-wholesale\/#breadcrumb\"},\"inLanguage\":\"es\",\"potentialAction\":[{\"@type\":\"ReadAction\",\"target\":[\"https:\/\/global-hookah.com\/product\/portable-electric-dab-rig-wholesale\/\"]}]},{\"@type\":\"ImageObject\",\"inLanguage\":\"es\",\"@id\":\"https:\/\/global-hookah.com\/product\/portable-electric-dab-rig-wholesale\/#primaryimage\",\"url\":\"https:\/\/global-hookah.com\/wp-content\/uploads\/2024\/12\/33c3d50c-df32-4681-bd43-550dc0434e46.jpg\",\"contentUrl\":\"https:\/\/global-hookah.com\/wp-content\/uploads\/2024\/12\/33c3d50c-df32-4681-bd43-550dc0434e46.jpg\",\"width\":1200,\"height\":1200,\"caption\":\"Portable Electric Dab Rig Wholesale\"},{\"@type\":\"BreadcrumbList\",\"@id\":\"https:\/\/global-hookah.com\/product\/portable-electric-dab-rig-wholesale\/#breadcrumb\",\"itemListElement\":[{\"@type\":\"ListItem\",\"position\":1,\"name\":\"Home\",\"item\":\"https:\/\/global-hookah.com\/\"},{\"@type\":\"ListItem\",\"position\":2,\"name\":\"Shop\",\"item\":\"https:\/\/global-hookah.com\/shop\/\"},{\"@type\":\"ListItem\",\"position\":3,\"name\":\"Portable Electric Dab Rig Wholesale\"}]},{\"@type\":\"WebSite\",\"@id\":\"https:\/\/global-hookah.com\/#website\",\"url\":\"https:\/\/global-hookah.com\/\",\"name\":\"Global Hookah\",\"description\":\"Global Hookah\",\"publisher\":{\"@id\":\"https:\/\/global-hookah.com\/#organization\"},\"potentialAction\":[{\"@type\":\"SearchAction\",\"target\":{\"@type\":\"EntryPoint\",\"urlTemplate\":\"https:\/\/global-hookah.com\/?s={search_term_string}\"},\"query-input\":{\"@type\":\"PropertyValueSpecification\",\"valueRequired\":true,\"valueName\":\"search_term_string\"}}],\"inLanguage\":\"es\"},{\"@type\":\"Organization\",\"@id\":\"https:\/\/global-hookah.com\/#organization\",\"name\":\"Global Hookah\",\"url\":\"https:\/\/global-hookah.com\/\",\"logo\":{\"@type\":\"ImageObject\",\"inLanguage\":\"es\",\"@id\":\"https:\/\/global-hookah.com\/#\/schema\/logo\/image\/\",\"url\":\"https:\/\/global-hookah.com\/wp-content\/uploads\/2021\/10\/cropped-fgg.png\",\"contentUrl\":\"https:\/\/global-hookah.com\/wp-content\/uploads\/2021\/10\/cropped-fgg.png\",\"width\":512,\"height\":512,\"caption\":\"Global Hookah\"},\"image\":{\"@id\":\"https:\/\/global-hookah.com\/#\/schema\/logo\/image\/\"}}]}<\/script>\n<!-- \/ Yoast SEO Premium plugin. -->","yoast_head_json":{"title":"Portable Electric Dab Rig Wholesale - Global Hookah","robots":{"index":"index","follow":"follow","max-snippet":"max-snippet:-1","max-image-preview":"max-image-preview:large","max-video-preview":"max-video-preview:-1"},"canonical":"https:\/\/global-hookah.com\/es\/producto\/portable-electric-dab-rig-wholesale\/","og_locale":"es_ES","og_type":"article","og_title":"Portable Electric Dab Rig Wholesale","og_description":"This Portable Electric Dab Rig is designed by JESSE, a designer from our global hookah website. It looks very stylish","og_url":"https:\/\/global-hookah.com\/es\/producto\/portable-electric-dab-rig-wholesale\/","og_site_name":"Global Hookah","article_modified_time":"2025-01-11T03:04:40+00:00","og_image":[{"width":1200,"height":1200,"url":"https:\/\/global-hookah.com\/wp-content\/uploads\/2024\/12\/33c3d50c-df32-4681-bd43-550dc0434e46.jpg","type":"image\/jpeg"}],"twitter_card":"summary_large_image","twitter_misc":{"Tiempo de lectura":"1 minuto"},"schema":{"@context":"https:\/\/schema.org","@graph":[{"@type":"WebPage","@id":"https:\/\/global-hookah.com\/product\/portable-electric-dab-rig-wholesale\/","url":"https:\/\/global-hookah.com\/product\/portable-electric-dab-rig-wholesale\/","name":"Portable Electric Dab Rig Wholesale - Global Hookah","isPartOf":{"@id":"https:\/\/global-hookah.com\/#website"},"primaryImageOfPage":{"@id":"https:\/\/global-hookah.com\/product\/portable-electric-dab-rig-wholesale\/#primaryimage"},"image":{"@id":"https:\/\/global-hookah.com\/product\/portable-electric-dab-rig-wholesale\/#primaryimage"},"thumbnailUrl":"https:\/\/global-hookah.com\/wp-content\/uploads\/2024\/12\/33c3d50c-df32-4681-bd43-550dc0434e46.jpg","datePublished":"2024-12-04T08:46:42+00:00","dateModified":"2025-01-11T03:04:40+00:00","breadcrumb":{"@id":"https:\/\/global-hookah.com\/product\/portable-electric-dab-rig-wholesale\/#breadcrumb"},"inLanguage":"es","potentialAction":[{"@type":"ReadAction","target":["https:\/\/global-hookah.com\/product\/portable-electric-dab-rig-wholesale\/"]}]},{"@type":"ImageObject","inLanguage":"es","@id":"https:\/\/global-hookah.com\/product\/portable-electric-dab-rig-wholesale\/#primaryimage","url":"https:\/\/global-hookah.com\/wp-content\/uploads\/2024\/12\/33c3d50c-df32-4681-bd43-550dc0434e46.jpg","contentUrl":"https:\/\/global-hookah.com\/wp-content\/uploads\/2024\/12\/33c3d50c-df32-4681-bd43-550dc0434e46.jpg","width":1200,"height":1200,"caption":"Portable Electric Dab Rig Wholesale"},{"@type":"BreadcrumbList","@id":"https:\/\/global-hookah.com\/product\/portable-electric-dab-rig-wholesale\/#breadcrumb","itemListElement":[{"@type":"ListItem","position":1,"name":"Home","item":"https:\/\/global-hookah.com\/"},{"@type":"ListItem","position":2,"name":"Shop","item":"https:\/\/global-hookah.com\/shop\/"},{"@type":"ListItem","position":3,"name":"Portable Electric Dab Rig Wholesale"}]},{"@type":"WebSite","@id":"https:\/\/global-hookah.com\/#website","url":"https:\/\/global-hookah.com\/","name":"Global Hookah","description":"Global Hookah","publisher":{"@id":"https:\/\/global-hookah.com\/#organization"},"potentialAction":[{"@type":"SearchAction","target":{"@type":"EntryPoint","urlTemplate":"https:\/\/global-hookah.com\/?s={search_term_string}"},"query-input":{"@type":"PropertyValueSpecification","valueRequired":true,"valueName":"search_term_string"}}],"inLanguage":"es"},{"@type":"Organization","@id":"https:\/\/global-hookah.com\/#organization","name":"Global Hookah","url":"https:\/\/global-hookah.com\/","logo":{"@type":"ImageObject","inLanguage":"es","@id":"https:\/\/global-hookah.com\/#\/schema\/logo\/image\/","url":"https:\/\/global-hookah.com\/wp-content\/uploads\/2021\/10\/cropped-fgg.png","contentUrl":"https:\/\/global-hookah.com\/wp-content\/uploads\/2021\/10\/cropped-fgg.png","width":512,"height":512,"caption":"Global Hookah"},"image":{"@id":"https:\/\/global-hookah.com\/#\/schema\/logo\/image\/"}}]}},"_links":{"self":[{"href":"https:\/\/global-hookah.com\/es\/wp-json\/wp\/v2\/product\/31361","targetHints":{"allow":["GET"]}}],"collection":[{"href":"https:\/\/global-hookah.com\/es\/wp-json\/wp\/v2\/product"}],"about":[{"href":"https:\/\/global-hookah.com\/es\/wp-json\/wp\/v2\/types\/product"}],"replies":[{"embeddable":true,"href":"https:\/\/global-hookah.com\/es\/wp-json\/wp\/v2\/comments?post=31361"}],"version-history":[{"count":0,"href":"https:\/\/global-hookah.com\/es\/wp-json\/wp\/v2\/product\/31361\/revisions"}],"wp:featuredmedia":[{"embeddable":true,"href":"https:\/\/global-hookah.com\/es\/wp-json\/wp\/v2\/media\/31366"}],"wp:attachment":[{"href":"https:\/\/global-hookah.com\/es\/wp-json\/wp\/v2\/media?parent=31361"}],"wp:term":[{"taxonomy":"product_brand","embeddable":true,"href":"https:\/\/global-hookah.com\/es\/wp-json\/wp\/v2\/product_brand?post=31361"},{"taxonomy":"product_cat","embeddable":true,"href":"https:\/\/global-hookah.com\/es\/wp-json\/wp\/v2\/product_cat?post=31361"},{"taxonomy":"product_tag","embeddable":true,"href":"https:\/\/global-hookah.com\/es\/wp-json\/wp\/v2\/product_tag?post=31361"}],"curies":[{"name":"wp","href":"https:\/\/api.w.org\/{rel}","templated":true}]}}