{"id":31409,"date":"2025-01-10T08:08:03","date_gmt":"2025-01-10T08:08:03","guid":{"rendered":"https:\/\/global-hookah.com\/?post_type=product&#038;p=31409"},"modified":"2026-02-03T05:46:08","modified_gmt":"2026-02-03T05:46:08","slug":"nose-vape-wholesale","status":"publish","type":"product","link":"https:\/\/global-hookah.com\/es\/producto\/nose-vape-wholesale\/","title":{"rendered":"Nose Vape al por mayor"},"content":{"rendered":"<p>PAR\u00c1METROS DEL PRODUCTO<br \/>\nDimensi\u00f3n:93*16*16mm<br \/>\nResistencia:1,6 ohmios<br \/>\nCapacidad de la c\u00e1psula recargable:2mlPuf:600+Puf<br \/>\nCarcasa:ss304<br \/>\nCapacidad de la bater\u00eda:400mAh<br \/>\nBobina:Malla y algod\u00f3n<br \/>\nTama\u00f1o de la caja de regalo:21*25*110mm<br \/>\nTama\u00f1o de la caja interior:110*52*113mm<\/p>\n<p>Este <strong>NOSE VAPE<\/strong> es port\u00e1til e integra a la perfecci\u00f3n potentes funciones para ofrecer a los clientes una experiencia extraordinaria<\/p>\n<p>Elsholtzia, una planta de la familia de las aster\u00e1ceas, es una forma cristalina de compuestos naturales conocidos como \"Ai Pian\". Posee propiedades antibacterianas, antiinflamatorias, revitalizantes, antical\u00f3ricas y analg\u00e9sicas, as\u00ed como efectos cardioprotectores y anticancer\u00edgenos.El \"Compendio de Materia M\u00e9dica\" describe sus efectos como: \"Para el tratamiento del mal en el coraz\u00f3n y el aodomen, el reumatismo, la sordera, la mejora de la evesignt, y removincred pel\u00edcula de los ojos\": \"Compendio de Materia M\u00e9dica\" describe sus efectos como: La apertura de todos los orificios, la dispersi\u00f3n de fuego depresivo.<\/p>\n<p>Extracto de Bumea Balsamifera,ceriveo de<br \/>\nPlanta de la familia de las Aster\u00e1ceas, tiene efectos nasorotectores sobre las v\u00edas respiratorias y la mucosa oral.Cuando se administra a animales, su extracto puede provocar una disminuci\u00f3n de la presi\u00f3n sangu\u00ednea, vasodilataci\u00f3n e inhici\u00f3n del sistema nervioso simp\u00e1tico, lo que la hace potencialmente \u00fatil para pacientes con excitabilidad, insomnio o hipertensi\u00f3n.<br \/>\nVestimenta.<\/p>","protected":false},"excerpt":{"rendered":"<p>PARAMETROS DEL PRODUCTO Dimensi\u00f3n:93*16*16mm Resistencia:1.6 ohm Capacidad de la vaina recargable:2mlPuf:600+Puf Carcasa:ss304 Capacidad de la bater\u00eda:400mAh Bobina:Mesh&amp;algod\u00f3n Tama\u00f1o de la caja de regalo:21*25*110mm Tama\u00f1o de la caja interior:110*52*113mm Esta NOSE<\/p>","protected":false},"featured_media":31418,"comment_status":"closed","ping_status":"closed","template":"","meta":{"iawp_total_views":18,"_joinchat":[]},"product_brand":[],"product_cat":[1090,933],"product_tag":[],"class_list":{"0":"post-31409","1":"product","2":"type-product","3":"status-publish","4":"has-post-thumbnail","6":"product_cat-nose-vape","7":"product_cat-vape-wholesale","9":"first","10":"instock","11":"shipping-taxable","12":"product-type-external"},"yoast_head":"<!-- This site is optimized with the Yoast SEO Premium plugin v24.7 (Yoast SEO v26.8) - https:\/\/yoast.com\/product\/yoast-seo-premium-wordpress\/ -->\n<title>Nose Vape Wholesale - Global Hookah<\/title>\n<meta name=\"robots\" content=\"index, follow, max-snippet:-1, max-image-preview:large, max-video-preview:-1\" \/>\n<link rel=\"canonical\" href=\"https:\/\/global-hookah.com\/es\/producto\/nose-vape-wholesale\/\" \/>\n<meta property=\"og:locale\" content=\"es_ES\" \/>\n<meta property=\"og:type\" content=\"article\" \/>\n<meta property=\"og:title\" content=\"Nose Vape Wholesale\" \/>\n<meta property=\"og:description\" content=\"PRODUCT PARAMETERS Dimension:93*16*16mm Resistance:1.6 ohm Refillable pod capacity:2mlPuf:600+Puf Shell:ss304 Battery capacity:400mAh Coil:Mesh&amp;cotton Gift box size:21*25*110mm Inner box size:110*52*113mm This NOSE\" \/>\n<meta property=\"og:url\" content=\"https:\/\/global-hookah.com\/es\/producto\/nose-vape-wholesale\/\" \/>\n<meta property=\"og:site_name\" content=\"Global Hookah\" \/>\n<meta property=\"article:modified_time\" content=\"2026-02-03T05:46:08+00:00\" \/>\n<meta property=\"og:image\" content=\"https:\/\/global-hookah.com\/wp-content\/uploads\/2025\/01\/42ef51d8c9ea391524c07e4fffb0617-scaled.jpg\" \/>\n\t<meta property=\"og:image:width\" content=\"1707\" \/>\n\t<meta property=\"og:image:height\" content=\"2560\" \/>\n\t<meta property=\"og:image:type\" content=\"image\/jpeg\" \/>\n<meta name=\"twitter:card\" content=\"summary_large_image\" \/>\n<meta name=\"twitter:label1\" content=\"Tiempo de lectura\" \/>\n\t<meta name=\"twitter:data1\" content=\"1 minuto\" \/>\n<script type=\"application\/ld+json\" class=\"yoast-schema-graph\">{\"@context\":\"https:\/\/schema.org\",\"@graph\":[{\"@type\":\"WebPage\",\"@id\":\"https:\/\/global-hookah.com\/product\/nose-vape-wholesale\/\",\"url\":\"https:\/\/global-hookah.com\/product\/nose-vape-wholesale\/\",\"name\":\"Nose Vape Wholesale - Global Hookah\",\"isPartOf\":{\"@id\":\"https:\/\/global-hookah.com\/#website\"},\"primaryImageOfPage\":{\"@id\":\"https:\/\/global-hookah.com\/product\/nose-vape-wholesale\/#primaryimage\"},\"image\":{\"@id\":\"https:\/\/global-hookah.com\/product\/nose-vape-wholesale\/#primaryimage\"},\"thumbnailUrl\":\"https:\/\/global-hookah.com\/wp-content\/uploads\/2025\/01\/42ef51d8c9ea391524c07e4fffb0617-scaled.jpg\",\"datePublished\":\"2025-01-10T08:08:03+00:00\",\"dateModified\":\"2026-02-03T05:46:08+00:00\",\"breadcrumb\":{\"@id\":\"https:\/\/global-hookah.com\/product\/nose-vape-wholesale\/#breadcrumb\"},\"inLanguage\":\"es\",\"potentialAction\":[{\"@type\":\"ReadAction\",\"target\":[\"https:\/\/global-hookah.com\/product\/nose-vape-wholesale\/\"]}]},{\"@type\":\"ImageObject\",\"inLanguage\":\"es\",\"@id\":\"https:\/\/global-hookah.com\/product\/nose-vape-wholesale\/#primaryimage\",\"url\":\"https:\/\/global-hookah.com\/wp-content\/uploads\/2025\/01\/42ef51d8c9ea391524c07e4fffb0617-scaled.jpg\",\"contentUrl\":\"https:\/\/global-hookah.com\/wp-content\/uploads\/2025\/01\/42ef51d8c9ea391524c07e4fffb0617-scaled.jpg\",\"width\":1707,\"height\":2560,\"caption\":\"Nose Vape Wholesal\"},{\"@type\":\"BreadcrumbList\",\"@id\":\"https:\/\/global-hookah.com\/product\/nose-vape-wholesale\/#breadcrumb\",\"itemListElement\":[{\"@type\":\"ListItem\",\"position\":1,\"name\":\"Home\",\"item\":\"https:\/\/global-hookah.com\/\"},{\"@type\":\"ListItem\",\"position\":2,\"name\":\"Shop\",\"item\":\"https:\/\/global-hookah.com\/shop\/\"},{\"@type\":\"ListItem\",\"position\":3,\"name\":\"Nose Vape Wholesale\"}]},{\"@type\":\"WebSite\",\"@id\":\"https:\/\/global-hookah.com\/#website\",\"url\":\"https:\/\/global-hookah.com\/\",\"name\":\"Global Hookah\",\"description\":\"Global Hookah\",\"publisher\":{\"@id\":\"https:\/\/global-hookah.com\/#organization\"},\"potentialAction\":[{\"@type\":\"SearchAction\",\"target\":{\"@type\":\"EntryPoint\",\"urlTemplate\":\"https:\/\/global-hookah.com\/?s={search_term_string}\"},\"query-input\":{\"@type\":\"PropertyValueSpecification\",\"valueRequired\":true,\"valueName\":\"search_term_string\"}}],\"inLanguage\":\"es\"},{\"@type\":\"Organization\",\"@id\":\"https:\/\/global-hookah.com\/#organization\",\"name\":\"Global Hookah\",\"url\":\"https:\/\/global-hookah.com\/\",\"logo\":{\"@type\":\"ImageObject\",\"inLanguage\":\"es\",\"@id\":\"https:\/\/global-hookah.com\/#\/schema\/logo\/image\/\",\"url\":\"https:\/\/global-hookah.com\/wp-content\/uploads\/2021\/10\/cropped-fgg.png\",\"contentUrl\":\"https:\/\/global-hookah.com\/wp-content\/uploads\/2021\/10\/cropped-fgg.png\",\"width\":512,\"height\":512,\"caption\":\"Global Hookah\"},\"image\":{\"@id\":\"https:\/\/global-hookah.com\/#\/schema\/logo\/image\/\"}}]}<\/script>\n<!-- \/ Yoast SEO Premium plugin. -->","yoast_head_json":{"title":"Nose Vape Wholesale - Hookah Global","robots":{"index":"index","follow":"follow","max-snippet":"max-snippet:-1","max-image-preview":"max-image-preview:large","max-video-preview":"max-video-preview:-1"},"canonical":"https:\/\/global-hookah.com\/es\/producto\/nose-vape-wholesale\/","og_locale":"es_ES","og_type":"article","og_title":"Nose Vape Wholesale","og_description":"PRODUCT PARAMETERS Dimension:93*16*16mm Resistance:1.6 ohm Refillable pod capacity:2mlPuf:600+Puf Shell:ss304 Battery capacity:400mAh Coil:Mesh&amp;cotton Gift box size:21*25*110mm Inner box size:110*52*113mm This NOSE","og_url":"https:\/\/global-hookah.com\/es\/producto\/nose-vape-wholesale\/","og_site_name":"Global Hookah","article_modified_time":"2026-02-03T05:46:08+00:00","og_image":[{"width":1707,"height":2560,"url":"https:\/\/global-hookah.com\/wp-content\/uploads\/2025\/01\/42ef51d8c9ea391524c07e4fffb0617-scaled.jpg","type":"image\/jpeg"}],"twitter_card":"summary_large_image","twitter_misc":{"Tiempo de lectura":"1 minuto"},"schema":{"@context":"https:\/\/schema.org","@graph":[{"@type":"WebPage","@id":"https:\/\/global-hookah.com\/product\/nose-vape-wholesale\/","url":"https:\/\/global-hookah.com\/product\/nose-vape-wholesale\/","name":"Nose Vape Wholesale - Hookah Global","isPartOf":{"@id":"https:\/\/global-hookah.com\/#website"},"primaryImageOfPage":{"@id":"https:\/\/global-hookah.com\/product\/nose-vape-wholesale\/#primaryimage"},"image":{"@id":"https:\/\/global-hookah.com\/product\/nose-vape-wholesale\/#primaryimage"},"thumbnailUrl":"https:\/\/global-hookah.com\/wp-content\/uploads\/2025\/01\/42ef51d8c9ea391524c07e4fffb0617-scaled.jpg","datePublished":"2025-01-10T08:08:03+00:00","dateModified":"2026-02-03T05:46:08+00:00","breadcrumb":{"@id":"https:\/\/global-hookah.com\/product\/nose-vape-wholesale\/#breadcrumb"},"inLanguage":"es","potentialAction":[{"@type":"ReadAction","target":["https:\/\/global-hookah.com\/product\/nose-vape-wholesale\/"]}]},{"@type":"ImageObject","inLanguage":"es","@id":"https:\/\/global-hookah.com\/product\/nose-vape-wholesale\/#primaryimage","url":"https:\/\/global-hookah.com\/wp-content\/uploads\/2025\/01\/42ef51d8c9ea391524c07e4fffb0617-scaled.jpg","contentUrl":"https:\/\/global-hookah.com\/wp-content\/uploads\/2025\/01\/42ef51d8c9ea391524c07e4fffb0617-scaled.jpg","width":1707,"height":2560,"caption":"Nose Vape Wholesal"},{"@type":"BreadcrumbList","@id":"https:\/\/global-hookah.com\/product\/nose-vape-wholesale\/#breadcrumb","itemListElement":[{"@type":"ListItem","position":1,"name":"Home","item":"https:\/\/global-hookah.com\/"},{"@type":"ListItem","position":2,"name":"Shop","item":"https:\/\/global-hookah.com\/shop\/"},{"@type":"ListItem","position":3,"name":"Nose Vape Wholesale"}]},{"@type":"WebSite","@id":"https:\/\/global-hookah.com\/#website","url":"https:\/\/global-hookah.com\/","name":"Global Hookah","description":"Global Hookah","publisher":{"@id":"https:\/\/global-hookah.com\/#organization"},"potentialAction":[{"@type":"SearchAction","target":{"@type":"EntryPoint","urlTemplate":"https:\/\/global-hookah.com\/?s={search_term_string}"},"query-input":{"@type":"PropertyValueSpecification","valueRequired":true,"valueName":"search_term_string"}}],"inLanguage":"es"},{"@type":"Organization","@id":"https:\/\/global-hookah.com\/#organization","name":"Global Hookah","url":"https:\/\/global-hookah.com\/","logo":{"@type":"ImageObject","inLanguage":"es","@id":"https:\/\/global-hookah.com\/#\/schema\/logo\/image\/","url":"https:\/\/global-hookah.com\/wp-content\/uploads\/2021\/10\/cropped-fgg.png","contentUrl":"https:\/\/global-hookah.com\/wp-content\/uploads\/2021\/10\/cropped-fgg.png","width":512,"height":512,"caption":"Global Hookah"},"image":{"@id":"https:\/\/global-hookah.com\/#\/schema\/logo\/image\/"}}]}},"_links":{"self":[{"href":"https:\/\/global-hookah.com\/es\/wp-json\/wp\/v2\/product\/31409","targetHints":{"allow":["GET"]}}],"collection":[{"href":"https:\/\/global-hookah.com\/es\/wp-json\/wp\/v2\/product"}],"about":[{"href":"https:\/\/global-hookah.com\/es\/wp-json\/wp\/v2\/types\/product"}],"replies":[{"embeddable":true,"href":"https:\/\/global-hookah.com\/es\/wp-json\/wp\/v2\/comments?post=31409"}],"version-history":[{"count":1,"href":"https:\/\/global-hookah.com\/es\/wp-json\/wp\/v2\/product\/31409\/revisions"}],"predecessor-version":[{"id":33061,"href":"https:\/\/global-hookah.com\/es\/wp-json\/wp\/v2\/product\/31409\/revisions\/33061"}],"wp:featuredmedia":[{"embeddable":true,"href":"https:\/\/global-hookah.com\/es\/wp-json\/wp\/v2\/media\/31418"}],"wp:attachment":[{"href":"https:\/\/global-hookah.com\/es\/wp-json\/wp\/v2\/media?parent=31409"}],"wp:term":[{"taxonomy":"product_brand","embeddable":true,"href":"https:\/\/global-hookah.com\/es\/wp-json\/wp\/v2\/product_brand?post=31409"},{"taxonomy":"product_cat","embeddable":true,"href":"https:\/\/global-hookah.com\/es\/wp-json\/wp\/v2\/product_cat?post=31409"},{"taxonomy":"product_tag","embeddable":true,"href":"https:\/\/global-hookah.com\/es\/wp-json\/wp\/v2\/product_tag?post=31409"}],"curies":[{"name":"wp","href":"https:\/\/api.w.org\/{rel}","templated":true}]}}