{"id":31425,"date":"2025-01-15T03:59:50","date_gmt":"2025-01-15T03:59:50","guid":{"rendered":"https:\/\/global-hookah.com\/product\/wholesale-58mm-grinder-with-magnetic-closure\/"},"modified":"2025-01-15T07:16:03","modified_gmt":"2025-01-15T07:16:03","slug":"wholesale-58mm-grinder-with-magnetic-closure","status":"publish","type":"product","link":"https:\/\/global-hookah.com\/es\/producto\/wholesale-58mm-grinder-with-magnetic-closure\/","title":{"rendered":"Mayorista Molinillo de 58mm con Cierre Magn\u00e9tico"},"content":{"rendered":"<div class=\"product-specs-list-container\">\n<ul class=\"product-specs-list util-clearfix\">\n<li class=\"product-prop line-limit-length\">Nuestra<strong> Amoladora de cierre magn\u00e9tico de 58 mm<\/strong> es perfecta para todo tipo de entusiastas del cannabis, incluidos los usuarios dom\u00e9sticos, los entusiastas del aire libre y los estancos profesionales. Nuestra Global-Hookah utiliza excelentes materiales y dise\u00f1os met\u00e1licos, y esta <strong>Amoladora de cierre magn\u00e9tico<\/strong> es competitivo en el mercado mayorista y es una opci\u00f3n de compra ideal para minoristas y distribuidores.Cierre Magn\u00e9tico: Debe saber que este Grinder con Cierre Magn\u00e9tico ha sido realmente elaborado durante varios a\u00f1os por nuestros dise\u00f1adores. Nunca hemos estado tan satisfechos con ning\u00fan grinder. I<strong>Amoladora 4 piezas 58mm<\/strong> no s\u00f3lo est\u00e1 bien dise\u00f1ado, sino que tambi\u00e9n est\u00e1 equipado con un potente sistema de cierre magn\u00e9tico para garantizar que no se abra accidentalmente durante su uso. Este dise\u00f1o no s\u00f3lo mejora la seguridad, sino que tambi\u00e9n mantiene eficazmente la frescura y el aroma de las especias.Eficaz funci\u00f3n de molido<br \/>\nEn <strong>Antiadherente <\/strong><a href=\"https:\/\/global-hookah.com\/product\/63mm-herb-grinder-smoke-cigarette-accessories-tobacco-miller-crusher-5-layer-dry-herb-spices-grass-metal-grinders-diamond-rudder\/\">Molinillo de hierbas<\/a> est\u00e1 equipada con afiladas cuchillas en su interior, que pueden moler f\u00e1cilmente diversas especias, hierbas secas y otros ingredientes. Su fina <a href=\"https:\/\/global-hookah.com\/product\/1pc-creative-5-layer-grinder-with-storage-tank-spice-grinder-grinding-machine-kitchen-grinder-spice-crusher-kitchen-supplies-household-gadgets-holiday-gift-birthday-gift-gift-for-friends\/\">El efecto de molido permite ajustar el grosor de las especias<\/a> seg\u00fan sus preferencias personales para satisfacer las necesidades de diferentes platos. Estos son sin duda nuestros<a href=\"https:\/\/global-hookah.com\/product-category\/wholesale-grinder\/wholesale-grinder-with-kief-catcher\/\"> trituradoras mejor dise\u00f1adas<\/a> \u00a1todav\u00eda! Esta vez hemos dado en el clavo: realmente est\u00e1n a la altura.<\/p>\n<p>Dise\u00f1o multifuncional: El tamiz interno puede recoger f\u00e1cilmente el polvo fino (Kief), permitiendo a los usuarios aprovechar al m\u00e1ximo cada ingrediente. Adem\u00e1s, su dise\u00f1o de cuatro capas permite separar eficazmente diferentes part\u00edculas, mejorando la eficiencia de uso<\/li>\n<\/ul>\n<\/div>\n<div class=\"detailmodule_text-image\"><img decoding=\"async\" class=\"detail-desc-decorate-image\" src=\"https:\/\/ae01.alicdn.com\/kf\/S3dd154b6888d4392aed175623c2caa3fd.jpg\" \/><img decoding=\"async\" class=\"detail-desc-decorate-image\" src=\"https:\/\/ae01.alicdn.com\/kf\/S33685e7479c84b619e3ce3aac0f48cd6q.jpg\" \/><img decoding=\"async\" class=\"detail-desc-decorate-image\" src=\"https:\/\/ae01.alicdn.com\/kf\/S3278a1fa951942c584a20fa8df9012485.jpg\" \/><img decoding=\"async\" class=\"detail-desc-decorate-image\" src=\"https:\/\/ae01.alicdn.com\/kf\/Sf3a5b7f95151439a997cfbe38b84d4eez.jpg\" \/><img decoding=\"async\" class=\"detail-desc-decorate-image\" src=\"https:\/\/ae01.alicdn.com\/kf\/S0294468d74e844ad8384911f32128756k.jpg\" \/><img decoding=\"async\" class=\"detail-desc-decorate-image\" src=\"https:\/\/ae01.alicdn.com\/kf\/S725674eade8441a688a69a213db717105.jpg\" \/><\/div>","protected":false},"excerpt":{"rendered":"<p>Nuestro Grinder con cierre magn\u00e9tico de 58mm es perfecto para todo tipo de entusiastas del cannabis, incluyendo usuarios dom\u00e9sticos, entusiastas del aire libre y profesionales.<\/p>","protected":false},"featured_media":31426,"comment_status":"closed","ping_status":"closed","template":"","meta":{"iawp_total_views":1,"_joinchat":[]},"product_brand":[],"product_cat":[890],"product_tag":[],"class_list":{"0":"post-31425","1":"product","2":"type-product","3":"status-publish","4":"has-post-thumbnail","6":"product_cat-metal-grinder-wholesale","8":"first","9":"instock","10":"shipping-taxable","11":"product-type-external"},"yoast_head":"<!-- This site is optimized with the Yoast SEO Premium plugin v24.7 (Yoast SEO v26.8) - https:\/\/yoast.com\/product\/yoast-seo-premium-wordpress\/ -->\n<title>Wholesale 58mm Grinder with Magnetic Closure - Global Hookah<\/title>\n<meta name=\"robots\" content=\"index, follow, max-snippet:-1, max-image-preview:large, max-video-preview:-1\" \/>\n<link rel=\"canonical\" href=\"https:\/\/global-hookah.com\/es\/producto\/wholesale-58mm-grinder-with-magnetic-closure\/\" \/>\n<meta property=\"og:locale\" content=\"es_ES\" \/>\n<meta property=\"og:type\" content=\"article\" \/>\n<meta property=\"og:title\" content=\"Wholesale 58mm Grinder with Magnetic Closure\" \/>\n<meta property=\"og:description\" content=\"Our 58mm Magnetic Closure Grinder is perfect for all types of cannabis enthusiasts, including home users, outdoor enthusiasts and professional\" \/>\n<meta property=\"og:url\" content=\"https:\/\/global-hookah.com\/es\/producto\/wholesale-58mm-grinder-with-magnetic-closure\/\" \/>\n<meta property=\"og:site_name\" content=\"Global Hookah\" \/>\n<meta property=\"article:modified_time\" content=\"2025-01-15T07:16:03+00:00\" \/>\n<meta property=\"og:image\" content=\"https:\/\/global-hookah.com\/wp-content\/uploads\/2025\/01\/kf-S3dd154b6888d4392aed175623c2caa3fd-58mm-Grinder-with-Magnetic-Closure-and-Kief-Catcher-Rose-Spice-Crusher-Kitchen-Accessories-Gold-Black.webp\" \/>\n\t<meta property=\"og:image:width\" content=\"800\" \/>\n\t<meta property=\"og:image:height\" content=\"800\" \/>\n\t<meta property=\"og:image:type\" content=\"image\/webp\" \/>\n<meta name=\"twitter:card\" content=\"summary_large_image\" \/>\n<meta name=\"twitter:label1\" content=\"Tiempo de lectura\" \/>\n\t<meta name=\"twitter:data1\" content=\"1 minuto\" \/>\n<script type=\"application\/ld+json\" class=\"yoast-schema-graph\">{\"@context\":\"https:\/\/schema.org\",\"@graph\":[{\"@type\":\"WebPage\",\"@id\":\"https:\/\/global-hookah.com\/product\/wholesale-58mm-grinder-with-magnetic-closure\/\",\"url\":\"https:\/\/global-hookah.com\/product\/wholesale-58mm-grinder-with-magnetic-closure\/\",\"name\":\"Wholesale 58mm Grinder with Magnetic Closure - Global Hookah\",\"isPartOf\":{\"@id\":\"https:\/\/global-hookah.com\/#website\"},\"primaryImageOfPage\":{\"@id\":\"https:\/\/global-hookah.com\/product\/wholesale-58mm-grinder-with-magnetic-closure\/#primaryimage\"},\"image\":{\"@id\":\"https:\/\/global-hookah.com\/product\/wholesale-58mm-grinder-with-magnetic-closure\/#primaryimage\"},\"thumbnailUrl\":\"https:\/\/global-hookah.com\/wp-content\/uploads\/2025\/01\/kf-S3dd154b6888d4392aed175623c2caa3fd-58mm-Grinder-with-Magnetic-Closure-and-Kief-Catcher-Rose-Spice-Crusher-Kitchen-Accessories-Gold-Black.webp\",\"datePublished\":\"2025-01-15T03:59:50+00:00\",\"dateModified\":\"2025-01-15T07:16:03+00:00\",\"breadcrumb\":{\"@id\":\"https:\/\/global-hookah.com\/product\/wholesale-58mm-grinder-with-magnetic-closure\/#breadcrumb\"},\"inLanguage\":\"es\",\"potentialAction\":[{\"@type\":\"ReadAction\",\"target\":[\"https:\/\/global-hookah.com\/product\/wholesale-58mm-grinder-with-magnetic-closure\/\"]}]},{\"@type\":\"ImageObject\",\"inLanguage\":\"es\",\"@id\":\"https:\/\/global-hookah.com\/product\/wholesale-58mm-grinder-with-magnetic-closure\/#primaryimage\",\"url\":\"https:\/\/global-hookah.com\/wp-content\/uploads\/2025\/01\/kf-S3dd154b6888d4392aed175623c2caa3fd-58mm-Grinder-with-Magnetic-Closure-and-Kief-Catcher-Rose-Spice-Crusher-Kitchen-Accessories-Gold-Black.webp\",\"contentUrl\":\"https:\/\/global-hookah.com\/wp-content\/uploads\/2025\/01\/kf-S3dd154b6888d4392aed175623c2caa3fd-58mm-Grinder-with-Magnetic-Closure-and-Kief-Catcher-Rose-Spice-Crusher-Kitchen-Accessories-Gold-Black.webp\",\"width\":800,\"height\":800,\"caption\":\"Wholesale 58mm Grinder with Magnetic Closure\"},{\"@type\":\"BreadcrumbList\",\"@id\":\"https:\/\/global-hookah.com\/product\/wholesale-58mm-grinder-with-magnetic-closure\/#breadcrumb\",\"itemListElement\":[{\"@type\":\"ListItem\",\"position\":1,\"name\":\"Home\",\"item\":\"https:\/\/global-hookah.com\/\"},{\"@type\":\"ListItem\",\"position\":2,\"name\":\"Shop\",\"item\":\"https:\/\/global-hookah.com\/shop\/\"},{\"@type\":\"ListItem\",\"position\":3,\"name\":\"Wholesale 58mm Grinder with Magnetic Closure\"}]},{\"@type\":\"WebSite\",\"@id\":\"https:\/\/global-hookah.com\/#website\",\"url\":\"https:\/\/global-hookah.com\/\",\"name\":\"Global Hookah\",\"description\":\"Global Hookah\",\"publisher\":{\"@id\":\"https:\/\/global-hookah.com\/#organization\"},\"potentialAction\":[{\"@type\":\"SearchAction\",\"target\":{\"@type\":\"EntryPoint\",\"urlTemplate\":\"https:\/\/global-hookah.com\/?s={search_term_string}\"},\"query-input\":{\"@type\":\"PropertyValueSpecification\",\"valueRequired\":true,\"valueName\":\"search_term_string\"}}],\"inLanguage\":\"es\"},{\"@type\":\"Organization\",\"@id\":\"https:\/\/global-hookah.com\/#organization\",\"name\":\"Global Hookah\",\"url\":\"https:\/\/global-hookah.com\/\",\"logo\":{\"@type\":\"ImageObject\",\"inLanguage\":\"es\",\"@id\":\"https:\/\/global-hookah.com\/#\/schema\/logo\/image\/\",\"url\":\"https:\/\/global-hookah.com\/wp-content\/uploads\/2021\/10\/cropped-fgg.png\",\"contentUrl\":\"https:\/\/global-hookah.com\/wp-content\/uploads\/2021\/10\/cropped-fgg.png\",\"width\":512,\"height\":512,\"caption\":\"Global Hookah\"},\"image\":{\"@id\":\"https:\/\/global-hookah.com\/#\/schema\/logo\/image\/\"}}]}<\/script>\n<!-- \/ Yoast SEO Premium plugin. -->","yoast_head_json":{"title":"Mayorista Grinder 58mm con Cierre Magn\u00e9tico - Global Hookah","robots":{"index":"index","follow":"follow","max-snippet":"max-snippet:-1","max-image-preview":"max-image-preview:large","max-video-preview":"max-video-preview:-1"},"canonical":"https:\/\/global-hookah.com\/es\/producto\/wholesale-58mm-grinder-with-magnetic-closure\/","og_locale":"es_ES","og_type":"article","og_title":"Wholesale 58mm Grinder with Magnetic Closure","og_description":"Our 58mm Magnetic Closure Grinder is perfect for all types of cannabis enthusiasts, including home users, outdoor enthusiasts and professional","og_url":"https:\/\/global-hookah.com\/es\/producto\/wholesale-58mm-grinder-with-magnetic-closure\/","og_site_name":"Global Hookah","article_modified_time":"2025-01-15T07:16:03+00:00","og_image":[{"width":800,"height":800,"url":"https:\/\/global-hookah.com\/wp-content\/uploads\/2025\/01\/kf-S3dd154b6888d4392aed175623c2caa3fd-58mm-Grinder-with-Magnetic-Closure-and-Kief-Catcher-Rose-Spice-Crusher-Kitchen-Accessories-Gold-Black.webp","type":"image\/webp"}],"twitter_card":"summary_large_image","twitter_misc":{"Tiempo de lectura":"1 minuto"},"schema":{"@context":"https:\/\/schema.org","@graph":[{"@type":"WebPage","@id":"https:\/\/global-hookah.com\/product\/wholesale-58mm-grinder-with-magnetic-closure\/","url":"https:\/\/global-hookah.com\/product\/wholesale-58mm-grinder-with-magnetic-closure\/","name":"Mayorista Grinder 58mm con Cierre Magn\u00e9tico - Global Hookah","isPartOf":{"@id":"https:\/\/global-hookah.com\/#website"},"primaryImageOfPage":{"@id":"https:\/\/global-hookah.com\/product\/wholesale-58mm-grinder-with-magnetic-closure\/#primaryimage"},"image":{"@id":"https:\/\/global-hookah.com\/product\/wholesale-58mm-grinder-with-magnetic-closure\/#primaryimage"},"thumbnailUrl":"https:\/\/global-hookah.com\/wp-content\/uploads\/2025\/01\/kf-S3dd154b6888d4392aed175623c2caa3fd-58mm-Grinder-with-Magnetic-Closure-and-Kief-Catcher-Rose-Spice-Crusher-Kitchen-Accessories-Gold-Black.webp","datePublished":"2025-01-15T03:59:50+00:00","dateModified":"2025-01-15T07:16:03+00:00","breadcrumb":{"@id":"https:\/\/global-hookah.com\/product\/wholesale-58mm-grinder-with-magnetic-closure\/#breadcrumb"},"inLanguage":"es","potentialAction":[{"@type":"ReadAction","target":["https:\/\/global-hookah.com\/product\/wholesale-58mm-grinder-with-magnetic-closure\/"]}]},{"@type":"ImageObject","inLanguage":"es","@id":"https:\/\/global-hookah.com\/product\/wholesale-58mm-grinder-with-magnetic-closure\/#primaryimage","url":"https:\/\/global-hookah.com\/wp-content\/uploads\/2025\/01\/kf-S3dd154b6888d4392aed175623c2caa3fd-58mm-Grinder-with-Magnetic-Closure-and-Kief-Catcher-Rose-Spice-Crusher-Kitchen-Accessories-Gold-Black.webp","contentUrl":"https:\/\/global-hookah.com\/wp-content\/uploads\/2025\/01\/kf-S3dd154b6888d4392aed175623c2caa3fd-58mm-Grinder-with-Magnetic-Closure-and-Kief-Catcher-Rose-Spice-Crusher-Kitchen-Accessories-Gold-Black.webp","width":800,"height":800,"caption":"Wholesale 58mm Grinder with Magnetic Closure"},{"@type":"BreadcrumbList","@id":"https:\/\/global-hookah.com\/product\/wholesale-58mm-grinder-with-magnetic-closure\/#breadcrumb","itemListElement":[{"@type":"ListItem","position":1,"name":"Home","item":"https:\/\/global-hookah.com\/"},{"@type":"ListItem","position":2,"name":"Shop","item":"https:\/\/global-hookah.com\/shop\/"},{"@type":"ListItem","position":3,"name":"Wholesale 58mm Grinder with Magnetic Closure"}]},{"@type":"WebSite","@id":"https:\/\/global-hookah.com\/#website","url":"https:\/\/global-hookah.com\/","name":"Global Hookah","description":"Global Hookah","publisher":{"@id":"https:\/\/global-hookah.com\/#organization"},"potentialAction":[{"@type":"SearchAction","target":{"@type":"EntryPoint","urlTemplate":"https:\/\/global-hookah.com\/?s={search_term_string}"},"query-input":{"@type":"PropertyValueSpecification","valueRequired":true,"valueName":"search_term_string"}}],"inLanguage":"es"},{"@type":"Organization","@id":"https:\/\/global-hookah.com\/#organization","name":"Global Hookah","url":"https:\/\/global-hookah.com\/","logo":{"@type":"ImageObject","inLanguage":"es","@id":"https:\/\/global-hookah.com\/#\/schema\/logo\/image\/","url":"https:\/\/global-hookah.com\/wp-content\/uploads\/2021\/10\/cropped-fgg.png","contentUrl":"https:\/\/global-hookah.com\/wp-content\/uploads\/2021\/10\/cropped-fgg.png","width":512,"height":512,"caption":"Global Hookah"},"image":{"@id":"https:\/\/global-hookah.com\/#\/schema\/logo\/image\/"}}]}},"_links":{"self":[{"href":"https:\/\/global-hookah.com\/es\/wp-json\/wp\/v2\/product\/31425","targetHints":{"allow":["GET"]}}],"collection":[{"href":"https:\/\/global-hookah.com\/es\/wp-json\/wp\/v2\/product"}],"about":[{"href":"https:\/\/global-hookah.com\/es\/wp-json\/wp\/v2\/types\/product"}],"replies":[{"embeddable":true,"href":"https:\/\/global-hookah.com\/es\/wp-json\/wp\/v2\/comments?post=31425"}],"version-history":[{"count":0,"href":"https:\/\/global-hookah.com\/es\/wp-json\/wp\/v2\/product\/31425\/revisions"}],"wp:featuredmedia":[{"embeddable":true,"href":"https:\/\/global-hookah.com\/es\/wp-json\/wp\/v2\/media\/31426"}],"wp:attachment":[{"href":"https:\/\/global-hookah.com\/es\/wp-json\/wp\/v2\/media?parent=31425"}],"wp:term":[{"taxonomy":"product_brand","embeddable":true,"href":"https:\/\/global-hookah.com\/es\/wp-json\/wp\/v2\/product_brand?post=31425"},{"taxonomy":"product_cat","embeddable":true,"href":"https:\/\/global-hookah.com\/es\/wp-json\/wp\/v2\/product_cat?post=31425"},{"taxonomy":"product_tag","embeddable":true,"href":"https:\/\/global-hookah.com\/es\/wp-json\/wp\/v2\/product_tag?post=31425"}],"curies":[{"name":"wp","href":"https:\/\/api.w.org\/{rel}","templated":true}]}}