{"id":31502,"date":"2025-01-21T01:13:53","date_gmt":"2025-01-21T01:13:53","guid":{"rendered":"https:\/\/global-hookah.com\/?post_type=product&#038;p=31502"},"modified":"2025-01-22T00:55:18","modified_gmt":"2025-01-22T00:55:18","slug":"goat-gas-mask-bong-with-acrylic-tube-wholesale","status":"publish","type":"product","link":"https:\/\/global-hookah.com\/es\/producto\/goat-gas-mask-bong-with-acrylic-tube-wholesale\/","title":{"rendered":"Mascara de gas de cabra Bong con tubo acrilico al por mayor"},"content":{"rendered":"<p>Gracias al dise\u00f1o cl\u00e1sico del<strong> M\u00e1scara de gas de cabra Bong<\/strong>Los usuarios pueden inhalar todo el humo, lo que produce un efecto m\u00e1s intenso en comparaci\u00f3n con los bongs tradicionales. Sin embargo, esta caracter\u00edstica puede no ser apta para principiantes, por lo que si eres nuevo fumando, te recomiendo empezar con un <a href=\"https:\/\/global-hookah.com\/product-category\/bong-wholesale\/wholesale-glass-bong\/\">cachimba tradicional<\/a>.<\/p>\n<p>En <strong>M\u00e1scara de gas de cabra Bong<\/strong> dise\u00f1ado por los dise\u00f1adores de nuestro sitio web Global-Hookah tambi\u00e9n es considerado como un accesorio divertido por muchos usuarios. Lo mejor es que te convertir\u00e1s r\u00e1pidamente en el centro de atenci\u00f3n en fiestas y otras ocasiones us\u00e1ndola. Incluso puedes imaginar el humo que te rodea, y tus amigos pueden compartirlo en Facebook haciendo v\u00eddeos o fotos.<\/p>\n<p>La experiencia de inmersi\u00f3n que ofrece el<a href=\"https:\/\/global-hookah.com\/product-category\/bong-wholesale\/gas-mask-bong-wholesale\/\"><strong> M\u00e1scara de gas Bong<\/strong><\/a> es notable; el humo espeso envuelve al usuario, creando una sensaci\u00f3n \u00fanica de estar totalmente inmerso en el momento.<\/p>\n<p>Dise\u00f1o \u00fanico: Con forma de m\u00e1scara de cabra, a\u00f1ade diversi\u00f3n y personalidad, haciendo que cada sesi\u00f3n de fumar sea agradable.<\/p>\n<p>Materiales de alta calidad: Hecho de acr\u00edlico duradero y silicona, estos materiales garantizan la longevidad y facilidad de uso. El tubo acr\u00edlico ayuda a enfriar el humo a la vez que mantiene la hermeticidad durante el uso.<\/p>\n<p>Correa ajustable para la cabeza: Equipada con una correa ajustable para la cabeza, garantiza un ajuste c\u00f3modo para varios tama\u00f1os de cabeza, proporcionando un excelente sellado para evitar fugas de humo.<\/p>\n<p>Sistema de filtraci\u00f3n de agua: El dise\u00f1o de la pipa de agua incorporada filtra el humo a trav\u00e9s del agua, proporcionando una experiencia de fumar m\u00e1s suave y fresca a la vez que reduce la irritaci\u00f3n de garganta.<\/p>","protected":false},"excerpt":{"rendered":"<p>Debido al dise\u00f1o cl\u00e1sico de la Goat Gas Mask Bong, los usuarios pueden inhalar todo el humo, lo que resulta en un<\/p>","protected":false},"featured_media":31503,"comment_status":"closed","ping_status":"closed","template":"","meta":{"iawp_total_views":11,"_joinchat":[]},"product_brand":[],"product_cat":[249,204],"product_tag":[],"class_list":{"0":"post-31502","1":"product","2":"type-product","3":"status-publish","4":"has-post-thumbnail","6":"product_cat-bong-wholesale","7":"product_cat-gas-mask-bong-wholesale","9":"first","10":"instock","11":"shipping-taxable","12":"product-type-external"},"yoast_head":"<!-- This site is optimized with the Yoast SEO Premium plugin v24.7 (Yoast SEO v26.8) - https:\/\/yoast.com\/product\/yoast-seo-premium-wordpress\/ -->\n<title>Goat Gas Mask Bong with Acrylic Tube Wholesale - Global Hookah<\/title>\n<meta name=\"robots\" content=\"index, follow, max-snippet:-1, max-image-preview:large, max-video-preview:-1\" \/>\n<link rel=\"canonical\" href=\"https:\/\/global-hookah.com\/es\/producto\/goat-gas-mask-bong-with-acrylic-tube-wholesale\/\" \/>\n<meta property=\"og:locale\" content=\"es_ES\" \/>\n<meta property=\"og:type\" content=\"article\" \/>\n<meta property=\"og:title\" content=\"Goat Gas Mask Bong with Acrylic Tube Wholesale\" \/>\n<meta property=\"og:description\" content=\"Due to the classic design of the Goat Gas Mask Bong, users can inhale all the smoke, resulting in a\" \/>\n<meta property=\"og:url\" content=\"https:\/\/global-hookah.com\/es\/producto\/goat-gas-mask-bong-with-acrylic-tube-wholesale\/\" \/>\n<meta property=\"og:site_name\" content=\"Global Hookah\" \/>\n<meta property=\"article:modified_time\" content=\"2025-01-22T00:55:18+00:00\" \/>\n<meta property=\"og:image\" content=\"https:\/\/global-hookah.com\/wp-content\/uploads\/2025\/01\/f196899c-8b62-4ff7-802d-bd35875241a7.webp\" \/>\n\t<meta property=\"og:image:width\" content=\"1000\" \/>\n\t<meta property=\"og:image:height\" content=\"1000\" \/>\n\t<meta property=\"og:image:type\" content=\"image\/webp\" \/>\n<meta name=\"twitter:card\" content=\"summary_large_image\" \/>\n<meta name=\"twitter:label1\" content=\"Tiempo de lectura\" \/>\n\t<meta name=\"twitter:data1\" content=\"1 minuto\" \/>\n<script type=\"application\/ld+json\" class=\"yoast-schema-graph\">{\"@context\":\"https:\/\/schema.org\",\"@graph\":[{\"@type\":\"WebPage\",\"@id\":\"https:\/\/global-hookah.com\/product\/goat-gas-mask-bong-with-acrylic-tube-wholesale\/\",\"url\":\"https:\/\/global-hookah.com\/product\/goat-gas-mask-bong-with-acrylic-tube-wholesale\/\",\"name\":\"Goat Gas Mask Bong with Acrylic Tube Wholesale - Global Hookah\",\"isPartOf\":{\"@id\":\"https:\/\/global-hookah.com\/#website\"},\"primaryImageOfPage\":{\"@id\":\"https:\/\/global-hookah.com\/product\/goat-gas-mask-bong-with-acrylic-tube-wholesale\/#primaryimage\"},\"image\":{\"@id\":\"https:\/\/global-hookah.com\/product\/goat-gas-mask-bong-with-acrylic-tube-wholesale\/#primaryimage\"},\"thumbnailUrl\":\"https:\/\/global-hookah.com\/wp-content\/uploads\/2025\/01\/f196899c-8b62-4ff7-802d-bd35875241a7.webp\",\"datePublished\":\"2025-01-21T01:13:53+00:00\",\"dateModified\":\"2025-01-22T00:55:18+00:00\",\"breadcrumb\":{\"@id\":\"https:\/\/global-hookah.com\/product\/goat-gas-mask-bong-with-acrylic-tube-wholesale\/#breadcrumb\"},\"inLanguage\":\"es\",\"potentialAction\":[{\"@type\":\"ReadAction\",\"target\":[\"https:\/\/global-hookah.com\/product\/goat-gas-mask-bong-with-acrylic-tube-wholesale\/\"]}]},{\"@type\":\"ImageObject\",\"inLanguage\":\"es\",\"@id\":\"https:\/\/global-hookah.com\/product\/goat-gas-mask-bong-with-acrylic-tube-wholesale\/#primaryimage\",\"url\":\"https:\/\/global-hookah.com\/wp-content\/uploads\/2025\/01\/f196899c-8b62-4ff7-802d-bd35875241a7.webp\",\"contentUrl\":\"https:\/\/global-hookah.com\/wp-content\/uploads\/2025\/01\/f196899c-8b62-4ff7-802d-bd35875241a7.webp\",\"width\":1000,\"height\":1000,\"caption\":\"Goat Gas Mask Bong with Acrylic Tube Wholesale\"},{\"@type\":\"BreadcrumbList\",\"@id\":\"https:\/\/global-hookah.com\/product\/goat-gas-mask-bong-with-acrylic-tube-wholesale\/#breadcrumb\",\"itemListElement\":[{\"@type\":\"ListItem\",\"position\":1,\"name\":\"Home\",\"item\":\"https:\/\/global-hookah.com\/\"},{\"@type\":\"ListItem\",\"position\":2,\"name\":\"Shop\",\"item\":\"https:\/\/global-hookah.com\/shop\/\"},{\"@type\":\"ListItem\",\"position\":3,\"name\":\"Goat Gas Mask Bong with Acrylic Tube Wholesale\"}]},{\"@type\":\"WebSite\",\"@id\":\"https:\/\/global-hookah.com\/#website\",\"url\":\"https:\/\/global-hookah.com\/\",\"name\":\"Global Hookah\",\"description\":\"Global Hookah\",\"publisher\":{\"@id\":\"https:\/\/global-hookah.com\/#organization\"},\"potentialAction\":[{\"@type\":\"SearchAction\",\"target\":{\"@type\":\"EntryPoint\",\"urlTemplate\":\"https:\/\/global-hookah.com\/?s={search_term_string}\"},\"query-input\":{\"@type\":\"PropertyValueSpecification\",\"valueRequired\":true,\"valueName\":\"search_term_string\"}}],\"inLanguage\":\"es\"},{\"@type\":\"Organization\",\"@id\":\"https:\/\/global-hookah.com\/#organization\",\"name\":\"Global Hookah\",\"url\":\"https:\/\/global-hookah.com\/\",\"logo\":{\"@type\":\"ImageObject\",\"inLanguage\":\"es\",\"@id\":\"https:\/\/global-hookah.com\/#\/schema\/logo\/image\/\",\"url\":\"https:\/\/global-hookah.com\/wp-content\/uploads\/2021\/10\/cropped-fgg.png\",\"contentUrl\":\"https:\/\/global-hookah.com\/wp-content\/uploads\/2021\/10\/cropped-fgg.png\",\"width\":512,\"height\":512,\"caption\":\"Global Hookah\"},\"image\":{\"@id\":\"https:\/\/global-hookah.com\/#\/schema\/logo\/image\/\"}}]}<\/script>\n<!-- \/ Yoast SEO Premium plugin. -->","yoast_head_json":{"title":"M\u00e1scara de gas de cabra Bong con tubo de acr\u00edlico al por mayor - Global Hookah","robots":{"index":"index","follow":"follow","max-snippet":"max-snippet:-1","max-image-preview":"max-image-preview:large","max-video-preview":"max-video-preview:-1"},"canonical":"https:\/\/global-hookah.com\/es\/producto\/goat-gas-mask-bong-with-acrylic-tube-wholesale\/","og_locale":"es_ES","og_type":"article","og_title":"Goat Gas Mask Bong with Acrylic Tube Wholesale","og_description":"Due to the classic design of the Goat Gas Mask Bong, users can inhale all the smoke, resulting in a","og_url":"https:\/\/global-hookah.com\/es\/producto\/goat-gas-mask-bong-with-acrylic-tube-wholesale\/","og_site_name":"Global Hookah","article_modified_time":"2025-01-22T00:55:18+00:00","og_image":[{"width":1000,"height":1000,"url":"https:\/\/global-hookah.com\/wp-content\/uploads\/2025\/01\/f196899c-8b62-4ff7-802d-bd35875241a7.webp","type":"image\/webp"}],"twitter_card":"summary_large_image","twitter_misc":{"Tiempo de lectura":"1 minuto"},"schema":{"@context":"https:\/\/schema.org","@graph":[{"@type":"WebPage","@id":"https:\/\/global-hookah.com\/product\/goat-gas-mask-bong-with-acrylic-tube-wholesale\/","url":"https:\/\/global-hookah.com\/product\/goat-gas-mask-bong-with-acrylic-tube-wholesale\/","name":"M\u00e1scara de gas de cabra Bong con tubo de acr\u00edlico al por mayor - Global Hookah","isPartOf":{"@id":"https:\/\/global-hookah.com\/#website"},"primaryImageOfPage":{"@id":"https:\/\/global-hookah.com\/product\/goat-gas-mask-bong-with-acrylic-tube-wholesale\/#primaryimage"},"image":{"@id":"https:\/\/global-hookah.com\/product\/goat-gas-mask-bong-with-acrylic-tube-wholesale\/#primaryimage"},"thumbnailUrl":"https:\/\/global-hookah.com\/wp-content\/uploads\/2025\/01\/f196899c-8b62-4ff7-802d-bd35875241a7.webp","datePublished":"2025-01-21T01:13:53+00:00","dateModified":"2025-01-22T00:55:18+00:00","breadcrumb":{"@id":"https:\/\/global-hookah.com\/product\/goat-gas-mask-bong-with-acrylic-tube-wholesale\/#breadcrumb"},"inLanguage":"es","potentialAction":[{"@type":"ReadAction","target":["https:\/\/global-hookah.com\/product\/goat-gas-mask-bong-with-acrylic-tube-wholesale\/"]}]},{"@type":"ImageObject","inLanguage":"es","@id":"https:\/\/global-hookah.com\/product\/goat-gas-mask-bong-with-acrylic-tube-wholesale\/#primaryimage","url":"https:\/\/global-hookah.com\/wp-content\/uploads\/2025\/01\/f196899c-8b62-4ff7-802d-bd35875241a7.webp","contentUrl":"https:\/\/global-hookah.com\/wp-content\/uploads\/2025\/01\/f196899c-8b62-4ff7-802d-bd35875241a7.webp","width":1000,"height":1000,"caption":"Goat Gas Mask Bong with Acrylic Tube Wholesale"},{"@type":"BreadcrumbList","@id":"https:\/\/global-hookah.com\/product\/goat-gas-mask-bong-with-acrylic-tube-wholesale\/#breadcrumb","itemListElement":[{"@type":"ListItem","position":1,"name":"Home","item":"https:\/\/global-hookah.com\/"},{"@type":"ListItem","position":2,"name":"Shop","item":"https:\/\/global-hookah.com\/shop\/"},{"@type":"ListItem","position":3,"name":"Goat Gas Mask Bong with Acrylic Tube Wholesale"}]},{"@type":"WebSite","@id":"https:\/\/global-hookah.com\/#website","url":"https:\/\/global-hookah.com\/","name":"Global Hookah","description":"Global Hookah","publisher":{"@id":"https:\/\/global-hookah.com\/#organization"},"potentialAction":[{"@type":"SearchAction","target":{"@type":"EntryPoint","urlTemplate":"https:\/\/global-hookah.com\/?s={search_term_string}"},"query-input":{"@type":"PropertyValueSpecification","valueRequired":true,"valueName":"search_term_string"}}],"inLanguage":"es"},{"@type":"Organization","@id":"https:\/\/global-hookah.com\/#organization","name":"Global Hookah","url":"https:\/\/global-hookah.com\/","logo":{"@type":"ImageObject","inLanguage":"es","@id":"https:\/\/global-hookah.com\/#\/schema\/logo\/image\/","url":"https:\/\/global-hookah.com\/wp-content\/uploads\/2021\/10\/cropped-fgg.png","contentUrl":"https:\/\/global-hookah.com\/wp-content\/uploads\/2021\/10\/cropped-fgg.png","width":512,"height":512,"caption":"Global Hookah"},"image":{"@id":"https:\/\/global-hookah.com\/#\/schema\/logo\/image\/"}}]}},"_links":{"self":[{"href":"https:\/\/global-hookah.com\/es\/wp-json\/wp\/v2\/product\/31502","targetHints":{"allow":["GET"]}}],"collection":[{"href":"https:\/\/global-hookah.com\/es\/wp-json\/wp\/v2\/product"}],"about":[{"href":"https:\/\/global-hookah.com\/es\/wp-json\/wp\/v2\/types\/product"}],"replies":[{"embeddable":true,"href":"https:\/\/global-hookah.com\/es\/wp-json\/wp\/v2\/comments?post=31502"}],"version-history":[{"count":0,"href":"https:\/\/global-hookah.com\/es\/wp-json\/wp\/v2\/product\/31502\/revisions"}],"wp:featuredmedia":[{"embeddable":true,"href":"https:\/\/global-hookah.com\/es\/wp-json\/wp\/v2\/media\/31503"}],"wp:attachment":[{"href":"https:\/\/global-hookah.com\/es\/wp-json\/wp\/v2\/media?parent=31502"}],"wp:term":[{"taxonomy":"product_brand","embeddable":true,"href":"https:\/\/global-hookah.com\/es\/wp-json\/wp\/v2\/product_brand?post=31502"},{"taxonomy":"product_cat","embeddable":true,"href":"https:\/\/global-hookah.com\/es\/wp-json\/wp\/v2\/product_cat?post=31502"},{"taxonomy":"product_tag","embeddable":true,"href":"https:\/\/global-hookah.com\/es\/wp-json\/wp\/v2\/product_tag?post=31502"}],"curies":[{"name":"wp","href":"https:\/\/api.w.org\/{rel}","templated":true}]}}