{"id":31576,"date":"2025-02-12T05:32:04","date_gmt":"2025-02-12T05:32:04","guid":{"rendered":"https:\/\/global-hookah.com\/product\/wholesale-creative-customizable-grinder-five-layer-vase-herb-grinder\/"},"modified":"2025-02-12T05:32:10","modified_gmt":"2025-02-12T05:32:10","slug":"wholesale-creative-customizable-grinder-five-layer-vase-herb-grinder","status":"publish","type":"product","link":"https:\/\/global-hookah.com\/es\/producto\/wholesale-creative-customizable-grinder-five-layer-vase-herb-grinder\/","title":{"rendered":"Mayorista Creativo Personalizable Grinder florero de cinco capas Hierba Grinder"},"content":{"rendered":"<div class=\"product-specs-list-container\">\n<ul class=\"product-specs-list util-clearfix\">\n<li class=\"product-prop line-limit-length\"><span\n\t\t\t\t\t\t\t\t\tclass=\"property-title\">N\u00famero de modelo:&nbsp;<\/span><span\n\t\t\t\t\t\t\t\t\tclass=\"property-desc line-limit-length\">CN6301<\/span>\n\t\t\t\t\t\t<\/li>\n<li class=\"product-prop line-limit-length\"><span\n\t\t\t\t\t\t\t\t\tclass=\"property-title\">T\u00e9cnica:&nbsp;<\/span><span\n\t\t\t\t\t\t\t\t\tclass=\"property-desc line-limit-length\">FRUSADO<\/span>\n\t\t\t\t\t\t<\/li>\n<li class=\"product-prop line-limit-length\"><span\n\t\t\t\t\t\t\t\t\tclass=\"property-title\">Material:&nbsp;<\/span><span\n\t\t\t\t\t\t\t\t\tclass=\"property-desc line-limit-length\">Metal<\/span>\n\t\t\t\t\t\t<\/li>\n<li class=\"product-prop line-limit-length\"><span\n\t\t\t\t\t\t\t\t\tclass=\"property-title\">Origen:&nbsp;<\/span><span\n\t\t\t\t\t\t\t\t\tclass=\"property-desc line-limit-length\">China continental<\/span>\n\t\t\t\t\t\t<\/li>\n<li class=\"product-prop line-limit-length\"><span\n\t\t\t\t\t\t\t\t\tclass=\"property-title\">color:&nbsp;<\/span><span\n\t\t\t\t\t\t\t\t\tclass=\"property-desc line-limit-length\">negro morado verde azul naranja<\/span>\n\t\t\t\t\t\t<\/li>\n<li class=\"product-prop line-limit-length\"><span\n\t\t\t\t\t\t\t\t\tclass=\"property-title\">varias capas:&nbsp;<\/span><span\n\t\t\t\t\t\t\t\t\tclass=\"property-desc line-limit-length\">5\u00aa planta<\/span>\n\t\t\t\t\t\t<\/li>\n<li class=\"product-prop line-limit-length\"><span\n\t\t\t\t\t\t\t\t\tclass=\"property-title\">total:&nbsp;<\/span><span\n\t\t\t\t\t\t\t\t\tclass=\"property-desc line-limit-length\">169g<\/span>\n\t\t\t\t\t\t<\/li>\n<li class=\"product-prop line-limit-length\"><span\n\t\t\t\t\t\t\t\t\tclass=\"property-title\">Material::&nbsp;<\/span><span\n\t\t\t\t\t\t\t\t\tclass=\"property-desc line-limit-length\">aleaci\u00f3n de aluminio<\/span>\n\t\t\t\t\t\t<\/li>\n<li class=\"product-prop line-limit-length\"><span\n\t\t\t\t\t\t\t\t\tclass=\"property-title\">DR:&nbsp;<\/span><span\n\t\t\t\t\t\t\t\t\tclass=\"property-desc line-limit-length\">50<\/span>\n\t\t\t\t\t\t<\/li>\n<\/ul><\/div>\n<div class=\"detailmodule_dynamic\"><kse:widget data-widget-type=\"relatedProduct\" id=\"1005000001322439\" title=\"\" type=\"relation\"><\/kse:widget><\/div>\n<div class=\"detailmodule_html\">\n<div class=\"detail-desc-decorate-richtext\"><\/p>\n<div class=\"detailmodule_dynamic\"><\/div>\n<div class=\"detailmodule_html\">\n<div class=\"detail-desc-decorate-richtext\">\n<p><span style=\"color:rgb(244, 78, 59);font-size:18px\"><strong>Una amoladora met\u00e1lica de 5 capas<\/strong><\/span><\/p>\n<p><\/p>\n<div>\n<div class=\"detailmodule_media\">\n<div class=\"video-container-352760805342\">\n<div class=\"detail-video\" id=\"352760805342\" data-previewurl=\"https:\/\/img.alicdn.com\/imgextra\/i1\/6000000005977\/O1CN01LKvP9J1u1W1yteCeX_!!6000000005977-0-tbvideo.jpg\"><\/div>\n<\/p><\/div>\n<\/p><\/div>\n<\/p><\/div>\n<p><img decoding=\"async\" src=\"https:\/\/ae01.alicdn.com\/kf\/Sdd689304d8ae42cba8aed5733cf287d8F.jpg\" slate-data-type=\"image\" \/><\/p>\n<p>total: 169 g<\/p>\n<p>varias capas: 5\u00aa planta<\/p>\n<p>color: negro morado verde azul naranja<\/p>\n<p>Material: aleaci\u00f3n de aluminio<\/p>\n<p><img decoding=\"async\" src=\"https:\/\/ae01.alicdn.com\/kf\/Sced6926a9b4d4740a3f2c0ae7ad609323.jpg\" slate-data-type=\"image\" \/><img decoding=\"async\" src=\"https:\/\/ae01.alicdn.com\/kf\/S4c47f89d54e9467aab970c82de0bd55fw.jpg\" slate-data-type=\"image\" \/><img decoding=\"async\" src=\"https:\/\/ae01.alicdn.com\/kf\/S51ff177f5b3d427487259c05ea76d2c3S.jpg\" slate-data-type=\"image\" \/><img decoding=\"async\" src=\"https:\/\/ae01.alicdn.com\/kf\/Sd1e3e59571614db5afbdd0569d81024dc.jpg\" slate-data-type=\"image\" \/><img decoding=\"async\" src=\"https:\/\/ae01.alicdn.com\/kf\/S90d62ab49ae94401abfd76eb91c62202h.jpg\" slate-data-type=\"image\" \/><img decoding=\"async\" src=\"https:\/\/ae01.alicdn.com\/kf\/Sfd291c64cde84cc2b0fb3aebb708ad073.jpg\" slate-data-type=\"image\" \/><img decoding=\"async\" src=\"https:\/\/ae01.alicdn.com\/kf\/Sc0a1751c0e834763830bb70167bf9193f.jpg\" slate-data-type=\"image\" \/><img decoding=\"async\" src=\"https:\/\/ae01.alicdn.com\/kf\/S0dfdb26901f1497a9e052e266b3734acA.jpg\" slate-data-type=\"image\" \/><img decoding=\"async\" src=\"https:\/\/ae01.alicdn.com\/kf\/Sf0764a2564264fb89a4dad353776cdeeX.jpg\" slate-data-type=\"image\" \/><img decoding=\"async\" src=\"https:\/\/ae01.alicdn.com\/kf\/S9f4016b9b9184bff849add5bebd17c81G.jpg\" slate-data-type=\"image\" \/><img decoding=\"async\" src=\"https:\/\/ae01.alicdn.com\/kf\/S7d495df6810743b2968b75df993f7de39.jpg\" slate-data-type=\"image\" \/><img decoding=\"async\" src=\"https:\/\/ae01.alicdn.com\/kf\/S971313cf7d3144fb99d68691aec14c9f1.jpg\" slate-data-type=\"image\" \/><img decoding=\"async\" src=\"https:\/\/ae01.alicdn.com\/kf\/S80d41c9099c347be88c0c1697575519dr.jpg\" slate-data-type=\"image\" \/><img decoding=\"async\" src=\"https:\/\/ae01.alicdn.com\/kf\/Sf021bb9668bc4421affbe72149e5e51a3.jpg\" slate-data-type=\"image\" \/><\/p>\n<\/p><\/div>\n<\/div>\n<p><\/div>\n<\/div>","protected":false},"excerpt":{"rendered":"<p>N\u00famero de modelo: CN6301 T\u00e9cnicas: FROSTED Material: Metal Origen: China continental color: negro p\u00farpura verde azul naranja varias capas: 5 \u00ba piso total: 169g Material:: aleaci\u00f3n de aluminio DR: 50 A 5-capa<\/p>","protected":false},"featured_media":31577,"comment_status":"","ping_status":"closed","template":"","meta":{"iawp_total_views":1,"_joinchat":[]},"product_brand":[],"product_cat":[894],"product_tag":[],"class_list":{"0":"post-31576","1":"product","2":"type-product","3":"status-publish","4":"has-post-thumbnail","6":"product_cat-4-piece-grinder-wholesale","8":"first","9":"instock","10":"shipping-taxable","11":"purchasable","12":"product-type-variable"},"yoast_head":"<!-- This site is optimized with the Yoast SEO Premium plugin v24.7 (Yoast SEO v26.8) - https:\/\/yoast.com\/product\/yoast-seo-premium-wordpress\/ -->\n<title>Wholesale Creative Customizable Grinder five-layer vase Herb Grinder - Global Hookah<\/title>\n<meta name=\"robots\" content=\"index, follow, max-snippet:-1, max-image-preview:large, max-video-preview:-1\" \/>\n<link rel=\"canonical\" href=\"https:\/\/global-hookah.com\/es\/producto\/wholesale-creative-customizable-grinder-five-layer-vase-herb-grinder\/\" \/>\n<meta property=\"og:locale\" content=\"es_ES\" \/>\n<meta property=\"og:type\" content=\"article\" \/>\n<meta property=\"og:title\" content=\"Wholesale Creative Customizable Grinder five-layer vase Herb Grinder\" \/>\n<meta property=\"og:description\" content=\"Model Number:&nbsp;CN6301 Technics:&nbsp;FROSTED Material:&nbsp;Metal Origin:&nbsp;Mainland China colour:&nbsp;black purple green blue orange several layers:&nbsp;5th floor total:&nbsp;169g Material::&nbsp;aluminum alloy DR:&nbsp;50 A 5-layer\" \/>\n<meta property=\"og:url\" content=\"https:\/\/global-hookah.com\/es\/producto\/wholesale-creative-customizable-grinder-five-layer-vase-herb-grinder\/\" \/>\n<meta property=\"og:site_name\" content=\"Global Hookah\" \/>\n<meta property=\"article:modified_time\" content=\"2025-02-12T05:32:10+00:00\" \/>\n<meta property=\"og:image\" content=\"https:\/\/global-hookah.com\/wp-content\/uploads\/2025\/02\/kf-S384855ad262248138eccebcb319c9446O-TOPPUFF-63mm-aluminum-alloy-Metal-Grinder-Herb-Grinder-New-Creative-Customizable-Grinder-five-layer-vase-Acess.webp\" \/>\n\t<meta property=\"og:image:width\" content=\"1000\" \/>\n\t<meta property=\"og:image:height\" content=\"1000\" \/>\n\t<meta property=\"og:image:type\" content=\"image\/webp\" \/>\n<meta name=\"twitter:card\" content=\"summary_large_image\" \/>\n<script type=\"application\/ld+json\" class=\"yoast-schema-graph\">{\"@context\":\"https:\/\/schema.org\",\"@graph\":[{\"@type\":\"WebPage\",\"@id\":\"https:\/\/global-hookah.com\/product\/wholesale-creative-customizable-grinder-five-layer-vase-herb-grinder\/\",\"url\":\"https:\/\/global-hookah.com\/product\/wholesale-creative-customizable-grinder-five-layer-vase-herb-grinder\/\",\"name\":\"Wholesale Creative Customizable Grinder five-layer vase Herb Grinder - Global Hookah\",\"isPartOf\":{\"@id\":\"https:\/\/global-hookah.com\/#website\"},\"primaryImageOfPage\":{\"@id\":\"https:\/\/global-hookah.com\/product\/wholesale-creative-customizable-grinder-five-layer-vase-herb-grinder\/#primaryimage\"},\"image\":{\"@id\":\"https:\/\/global-hookah.com\/product\/wholesale-creative-customizable-grinder-five-layer-vase-herb-grinder\/#primaryimage\"},\"thumbnailUrl\":\"https:\/\/global-hookah.com\/wp-content\/uploads\/2025\/02\/kf-S384855ad262248138eccebcb319c9446O-TOPPUFF-63mm-aluminum-alloy-Metal-Grinder-Herb-Grinder-New-Creative-Customizable-Grinder-five-layer-vase-Acess.webp\",\"datePublished\":\"2025-02-12T05:32:04+00:00\",\"dateModified\":\"2025-02-12T05:32:10+00:00\",\"breadcrumb\":{\"@id\":\"https:\/\/global-hookah.com\/product\/wholesale-creative-customizable-grinder-five-layer-vase-herb-grinder\/#breadcrumb\"},\"inLanguage\":\"es\",\"potentialAction\":[{\"@type\":\"ReadAction\",\"target\":[\"https:\/\/global-hookah.com\/product\/wholesale-creative-customizable-grinder-five-layer-vase-herb-grinder\/\"]}]},{\"@type\":\"ImageObject\",\"inLanguage\":\"es\",\"@id\":\"https:\/\/global-hookah.com\/product\/wholesale-creative-customizable-grinder-five-layer-vase-herb-grinder\/#primaryimage\",\"url\":\"https:\/\/global-hookah.com\/wp-content\/uploads\/2025\/02\/kf-S384855ad262248138eccebcb319c9446O-TOPPUFF-63mm-aluminum-alloy-Metal-Grinder-Herb-Grinder-New-Creative-Customizable-Grinder-five-layer-vase-Acess.webp\",\"contentUrl\":\"https:\/\/global-hookah.com\/wp-content\/uploads\/2025\/02\/kf-S384855ad262248138eccebcb319c9446O-TOPPUFF-63mm-aluminum-alloy-Metal-Grinder-Herb-Grinder-New-Creative-Customizable-Grinder-five-layer-vase-Acess.webp\",\"width\":1000,\"height\":1000},{\"@type\":\"BreadcrumbList\",\"@id\":\"https:\/\/global-hookah.com\/product\/wholesale-creative-customizable-grinder-five-layer-vase-herb-grinder\/#breadcrumb\",\"itemListElement\":[{\"@type\":\"ListItem\",\"position\":1,\"name\":\"Home\",\"item\":\"https:\/\/global-hookah.com\/\"},{\"@type\":\"ListItem\",\"position\":2,\"name\":\"Shop\",\"item\":\"https:\/\/global-hookah.com\/shop\/\"},{\"@type\":\"ListItem\",\"position\":3,\"name\":\"Wholesale Creative Customizable Grinder five-layer vase Herb Grinder\"}]},{\"@type\":\"WebSite\",\"@id\":\"https:\/\/global-hookah.com\/#website\",\"url\":\"https:\/\/global-hookah.com\/\",\"name\":\"Global Hookah\",\"description\":\"Global Hookah\",\"publisher\":{\"@id\":\"https:\/\/global-hookah.com\/#organization\"},\"potentialAction\":[{\"@type\":\"SearchAction\",\"target\":{\"@type\":\"EntryPoint\",\"urlTemplate\":\"https:\/\/global-hookah.com\/?s={search_term_string}\"},\"query-input\":{\"@type\":\"PropertyValueSpecification\",\"valueRequired\":true,\"valueName\":\"search_term_string\"}}],\"inLanguage\":\"es\"},{\"@type\":\"Organization\",\"@id\":\"https:\/\/global-hookah.com\/#organization\",\"name\":\"Global Hookah\",\"url\":\"https:\/\/global-hookah.com\/\",\"logo\":{\"@type\":\"ImageObject\",\"inLanguage\":\"es\",\"@id\":\"https:\/\/global-hookah.com\/#\/schema\/logo\/image\/\",\"url\":\"https:\/\/global-hookah.com\/wp-content\/uploads\/2021\/10\/cropped-fgg.png\",\"contentUrl\":\"https:\/\/global-hookah.com\/wp-content\/uploads\/2021\/10\/cropped-fgg.png\",\"width\":512,\"height\":512,\"caption\":\"Global Hookah\"},\"image\":{\"@id\":\"https:\/\/global-hookah.com\/#\/schema\/logo\/image\/\"}}]}<\/script>\n<!-- \/ Yoast SEO Premium plugin. -->","yoast_head_json":{"title":"Mayorista Creativo Personalizable Grinder cinco capas florero Hierba Grinder - Global Hookah","robots":{"index":"index","follow":"follow","max-snippet":"max-snippet:-1","max-image-preview":"max-image-preview:large","max-video-preview":"max-video-preview:-1"},"canonical":"https:\/\/global-hookah.com\/es\/producto\/wholesale-creative-customizable-grinder-five-layer-vase-herb-grinder\/","og_locale":"es_ES","og_type":"article","og_title":"Wholesale Creative Customizable Grinder five-layer vase Herb Grinder","og_description":"Model Number:&nbsp;CN6301 Technics:&nbsp;FROSTED Material:&nbsp;Metal Origin:&nbsp;Mainland China colour:&nbsp;black purple green blue orange several layers:&nbsp;5th floor total:&nbsp;169g Material::&nbsp;aluminum alloy DR:&nbsp;50 A 5-layer","og_url":"https:\/\/global-hookah.com\/es\/producto\/wholesale-creative-customizable-grinder-five-layer-vase-herb-grinder\/","og_site_name":"Global Hookah","article_modified_time":"2025-02-12T05:32:10+00:00","og_image":[{"width":1000,"height":1000,"url":"https:\/\/global-hookah.com\/wp-content\/uploads\/2025\/02\/kf-S384855ad262248138eccebcb319c9446O-TOPPUFF-63mm-aluminum-alloy-Metal-Grinder-Herb-Grinder-New-Creative-Customizable-Grinder-five-layer-vase-Acess.webp","type":"image\/webp"}],"twitter_card":"summary_large_image","schema":{"@context":"https:\/\/schema.org","@graph":[{"@type":"WebPage","@id":"https:\/\/global-hookah.com\/product\/wholesale-creative-customizable-grinder-five-layer-vase-herb-grinder\/","url":"https:\/\/global-hookah.com\/product\/wholesale-creative-customizable-grinder-five-layer-vase-herb-grinder\/","name":"Mayorista Creativo Personalizable Grinder cinco capas florero Hierba Grinder - Global Hookah","isPartOf":{"@id":"https:\/\/global-hookah.com\/#website"},"primaryImageOfPage":{"@id":"https:\/\/global-hookah.com\/product\/wholesale-creative-customizable-grinder-five-layer-vase-herb-grinder\/#primaryimage"},"image":{"@id":"https:\/\/global-hookah.com\/product\/wholesale-creative-customizable-grinder-five-layer-vase-herb-grinder\/#primaryimage"},"thumbnailUrl":"https:\/\/global-hookah.com\/wp-content\/uploads\/2025\/02\/kf-S384855ad262248138eccebcb319c9446O-TOPPUFF-63mm-aluminum-alloy-Metal-Grinder-Herb-Grinder-New-Creative-Customizable-Grinder-five-layer-vase-Acess.webp","datePublished":"2025-02-12T05:32:04+00:00","dateModified":"2025-02-12T05:32:10+00:00","breadcrumb":{"@id":"https:\/\/global-hookah.com\/product\/wholesale-creative-customizable-grinder-five-layer-vase-herb-grinder\/#breadcrumb"},"inLanguage":"es","potentialAction":[{"@type":"ReadAction","target":["https:\/\/global-hookah.com\/product\/wholesale-creative-customizable-grinder-five-layer-vase-herb-grinder\/"]}]},{"@type":"ImageObject","inLanguage":"es","@id":"https:\/\/global-hookah.com\/product\/wholesale-creative-customizable-grinder-five-layer-vase-herb-grinder\/#primaryimage","url":"https:\/\/global-hookah.com\/wp-content\/uploads\/2025\/02\/kf-S384855ad262248138eccebcb319c9446O-TOPPUFF-63mm-aluminum-alloy-Metal-Grinder-Herb-Grinder-New-Creative-Customizable-Grinder-five-layer-vase-Acess.webp","contentUrl":"https:\/\/global-hookah.com\/wp-content\/uploads\/2025\/02\/kf-S384855ad262248138eccebcb319c9446O-TOPPUFF-63mm-aluminum-alloy-Metal-Grinder-Herb-Grinder-New-Creative-Customizable-Grinder-five-layer-vase-Acess.webp","width":1000,"height":1000},{"@type":"BreadcrumbList","@id":"https:\/\/global-hookah.com\/product\/wholesale-creative-customizable-grinder-five-layer-vase-herb-grinder\/#breadcrumb","itemListElement":[{"@type":"ListItem","position":1,"name":"Home","item":"https:\/\/global-hookah.com\/"},{"@type":"ListItem","position":2,"name":"Shop","item":"https:\/\/global-hookah.com\/shop\/"},{"@type":"ListItem","position":3,"name":"Wholesale Creative Customizable Grinder five-layer vase Herb Grinder"}]},{"@type":"WebSite","@id":"https:\/\/global-hookah.com\/#website","url":"https:\/\/global-hookah.com\/","name":"Global Hookah","description":"Global Hookah","publisher":{"@id":"https:\/\/global-hookah.com\/#organization"},"potentialAction":[{"@type":"SearchAction","target":{"@type":"EntryPoint","urlTemplate":"https:\/\/global-hookah.com\/?s={search_term_string}"},"query-input":{"@type":"PropertyValueSpecification","valueRequired":true,"valueName":"search_term_string"}}],"inLanguage":"es"},{"@type":"Organization","@id":"https:\/\/global-hookah.com\/#organization","name":"Global Hookah","url":"https:\/\/global-hookah.com\/","logo":{"@type":"ImageObject","inLanguage":"es","@id":"https:\/\/global-hookah.com\/#\/schema\/logo\/image\/","url":"https:\/\/global-hookah.com\/wp-content\/uploads\/2021\/10\/cropped-fgg.png","contentUrl":"https:\/\/global-hookah.com\/wp-content\/uploads\/2021\/10\/cropped-fgg.png","width":512,"height":512,"caption":"Global Hookah"},"image":{"@id":"https:\/\/global-hookah.com\/#\/schema\/logo\/image\/"}}]}},"_links":{"self":[{"href":"https:\/\/global-hookah.com\/es\/wp-json\/wp\/v2\/product\/31576","targetHints":{"allow":["GET"]}}],"collection":[{"href":"https:\/\/global-hookah.com\/es\/wp-json\/wp\/v2\/product"}],"about":[{"href":"https:\/\/global-hookah.com\/es\/wp-json\/wp\/v2\/types\/product"}],"replies":[{"embeddable":true,"href":"https:\/\/global-hookah.com\/es\/wp-json\/wp\/v2\/comments?post=31576"}],"version-history":[{"count":0,"href":"https:\/\/global-hookah.com\/es\/wp-json\/wp\/v2\/product\/31576\/revisions"}],"wp:featuredmedia":[{"embeddable":true,"href":"https:\/\/global-hookah.com\/es\/wp-json\/wp\/v2\/media\/31577"}],"wp:attachment":[{"href":"https:\/\/global-hookah.com\/es\/wp-json\/wp\/v2\/media?parent=31576"}],"wp:term":[{"taxonomy":"product_brand","embeddable":true,"href":"https:\/\/global-hookah.com\/es\/wp-json\/wp\/v2\/product_brand?post=31576"},{"taxonomy":"product_cat","embeddable":true,"href":"https:\/\/global-hookah.com\/es\/wp-json\/wp\/v2\/product_cat?post=31576"},{"taxonomy":"product_tag","embeddable":true,"href":"https:\/\/global-hookah.com\/es\/wp-json\/wp\/v2\/product_tag?post=31576"}],"curies":[{"name":"wp","href":"https:\/\/api.w.org\/{rel}","templated":true}]}}