{"id":31594,"date":"2025-02-12T05:48:41","date_gmt":"2025-02-12T05:48:41","guid":{"rendered":"https:\/\/global-hookah.com\/product\/new-2-in-1-wine-barrel-marijuana-grinder-wholesale\/"},"modified":"2025-02-12T08:22:17","modified_gmt":"2025-02-12T08:22:17","slug":"new-2-in-1-wine-barrel-marijuana-grinder-wholesale","status":"publish","type":"product","link":"https:\/\/global-hookah.com\/es\/producto\/new-2-in-1-wine-barrel-marijuana-grinder-wholesale\/","title":{"rendered":"Nuevo Grinder de Marihuana 2 en 1 barril de vino al por mayor"},"content":{"rendered":"<div class=\"product-specs-list-container\"><\/div>\n<div class=\"detailmodule_html\">\n<div class=\"detail-desc-decorate-richtext\">\n<div>Este <strong>Grinder de Marihuana 2 en 1 Barril de Vino<\/strong> presenta un dise\u00f1o \u00fanico de barril de vino, con un aspecto exquisito y elegante. Las dimensiones totales son de aproximadamente 45 mm de di\u00e1metro y 80 mm de altura, lo que lo hace compacto y port\u00e1til. La carcasa exterior est\u00e1 hecha de material pl\u00e1stico de alta calidad, presentando un distintivo efecto met\u00e1lico con una textura excepcional. La parte superior e inferior est\u00e1n selladas con fuertes imanes, lo que garantiza un almacenamiento seguro del contenido. Este <strong>Molinillo 2 en 1 con forma de barril de vino<\/strong> no s\u00f3lo es adecuado para el cannabis, sino que tambi\u00e9n puede utilizarse para moler diversas flores y hierbas secas.<\/div>\n<div><\/div>\n<div>Doble funcionalidad:<\/p>\n<ul class=\"marker:text-textOff list-disc\">\n<li>La parte superior sirve de c\u00e1mara de molienda, equipada con dientes afilados para moler eficazmente las hierbas secas<\/li>\n<li>La parte inferior funciona como contenedor de almacenamiento de materias primas o productos triturados<\/li>\n<\/ul>\n<p><span style=\"font-size: 16px;\">El recipiente de almacenamiento incorporado puede contener diversos materiales de flores secas o productos molidos, manteniendo su frescura.<\/span><\/div>\n<div><\/div>\n<div><span style=\"font-size: 16px;\">Informaci\u00f3n sobre el producto<br \/>\nPeso\/altura: 33,2 g<br \/>\nDi\u00e1metro: 45 mm<br \/>\nAltura: 80 mm<br \/>\n\u2606 Material\/Material: Pl\u00e1stico<\/span><\/div>\n<p style=\"text-align: left; margin: 0px;\" align=\"left\"><img decoding=\"async\" src=\"https:\/\/ae01.alicdn.com\/kf\/Sba679eaed10a478e9fe0e75fe60bc5661.jpg?width=800&amp;height=5730&amp;hash=6530\" \/><\/p>\n<p>C\u00e1lido aviso:<br \/>\n\u00a11.Support para la venta al por mayor, Dropshipping, logotipo personalizar, OEM!<br \/>\n2.+Sigue a la tienda y consigue Descuentos o Cupones.<br \/>\n3.Acerca del color: Parte de los productos se env\u00edan de color al azar para mantener la velocidad de env\u00edo r\u00e1pido (SI desea que el color, por favor deje nota o mensaje).<br \/>\n4.About enchufe: No importa de qu\u00e9 pa\u00eds eres, todos le enviaremos enchufe de conversi\u00f3n est\u00e1ndar se adapte a su national.Shipping:<br \/>\n1.Garantizamos el env\u00edo de la mercanc\u00eda en un plazo de 24 horas tras la confirmaci\u00f3n del pago, excepto en d\u00edas festivos.<br \/>\n2.Enviamos por AliExpress Standard Shipping,DHL,Fedex, principalmente seg\u00fan el m\u00e9todo de env\u00edo de su elecci\u00f3n.<br \/>\n3.We tienen experiencia rica del env\u00edo, usted no tendr\u00e1 problema con aduanas, por favor la garant\u00eda 100% nos cree.<br \/>\n4.Si usted no recibe el art\u00edculo despu\u00e9s de 15-45 d\u00edas, por favor no dude en contactar con nosotros.haremos todo nuestro esfuerzo para resolver el problema.<br \/>\nDevoluci\u00f3n y reembolso:<br \/>\nSi alguna pregunta acerca de los art\u00edculos, por favor tome fotos o videos, p\u00f3ngase en contacto con nosotros para reenviar, devoluci\u00f3n o reembolso, no es necesario abrir la disputa o revisi\u00f3n.<br \/>\nGarant\u00eda:<br \/>\n\u00a1100% Genuino y Garant\u00eda de Calidad! Todos los art\u00edculos tienen 1-3 a\u00f1os de garant\u00eda.<\/p>\n<\/div>\n<\/div>","protected":false},"excerpt":{"rendered":"<p>Este molinillo de marihuana de barril de vino 2 en 1 presenta un dise\u00f1o \u00fanico de barril de vino, con un aspecto exquisito y elegante.<\/p>","protected":false},"featured_media":31595,"comment_status":"closed","ping_status":"closed","template":"","meta":{"iawp_total_views":1,"_joinchat":[]},"product_brand":[],"product_cat":[894],"product_tag":[],"class_list":{"0":"post-31594","1":"product","2":"type-product","3":"status-publish","4":"has-post-thumbnail","6":"product_cat-4-piece-grinder-wholesale","8":"first","9":"instock","10":"shipping-taxable","11":"purchasable","12":"product-type-variable"},"yoast_head":"<!-- This site is optimized with the Yoast SEO Premium plugin v24.7 (Yoast SEO v26.8) - https:\/\/yoast.com\/product\/yoast-seo-premium-wordpress\/ -->\n<title>New 2 In 1 Wine Barrel Marijuana Grinder Wholesale - Global Hookah<\/title>\n<meta name=\"robots\" content=\"index, follow, max-snippet:-1, max-image-preview:large, max-video-preview:-1\" \/>\n<link rel=\"canonical\" href=\"https:\/\/global-hookah.com\/es\/producto\/new-2-in-1-wine-barrel-marijuana-grinder-wholesale\/\" \/>\n<meta property=\"og:locale\" content=\"es_ES\" \/>\n<meta property=\"og:type\" content=\"article\" \/>\n<meta property=\"og:title\" content=\"New 2 In 1 Wine Barrel Marijuana Grinder Wholesale\" \/>\n<meta property=\"og:description\" content=\"This 2 In 1 Wine Barrel Marijuana Grinder features a unique wine barrel design, with an exquisite and elegant appearance.\" \/>\n<meta property=\"og:url\" content=\"https:\/\/global-hookah.com\/es\/producto\/new-2-in-1-wine-barrel-marijuana-grinder-wholesale\/\" \/>\n<meta property=\"og:site_name\" content=\"Global Hookah\" \/>\n<meta property=\"article:modified_time\" content=\"2025-02-12T08:22:17+00:00\" \/>\n<meta property=\"og:image\" content=\"https:\/\/global-hookah.com\/wp-content\/uploads\/2025\/02\/kf-S03e3fc290c5341e688cee26606f79c95D-New-2-In-1-Wine-Barrel-Shaped-Tobacco-Grinder-with-Herb-Storage-Jar-Portable-45-80mm.webp\" \/>\n\t<meta property=\"og:image:width\" content=\"800\" \/>\n\t<meta property=\"og:image:height\" content=\"800\" \/>\n\t<meta property=\"og:image:type\" content=\"image\/webp\" \/>\n<meta name=\"twitter:card\" content=\"summary_large_image\" \/>\n<meta name=\"twitter:label1\" content=\"Tiempo de lectura\" \/>\n\t<meta name=\"twitter:data1\" content=\"2 minutos\" \/>\n<script type=\"application\/ld+json\" class=\"yoast-schema-graph\">{\"@context\":\"https:\/\/schema.org\",\"@graph\":[{\"@type\":\"WebPage\",\"@id\":\"https:\/\/global-hookah.com\/product\/new-2-in-1-wine-barrel-marijuana-grinder-wholesale\/\",\"url\":\"https:\/\/global-hookah.com\/product\/new-2-in-1-wine-barrel-marijuana-grinder-wholesale\/\",\"name\":\"New 2 In 1 Wine Barrel Marijuana Grinder Wholesale - Global Hookah\",\"isPartOf\":{\"@id\":\"https:\/\/global-hookah.com\/#website\"},\"primaryImageOfPage\":{\"@id\":\"https:\/\/global-hookah.com\/product\/new-2-in-1-wine-barrel-marijuana-grinder-wholesale\/#primaryimage\"},\"image\":{\"@id\":\"https:\/\/global-hookah.com\/product\/new-2-in-1-wine-barrel-marijuana-grinder-wholesale\/#primaryimage\"},\"thumbnailUrl\":\"https:\/\/global-hookah.com\/wp-content\/uploads\/2025\/02\/kf-S03e3fc290c5341e688cee26606f79c95D-New-2-In-1-Wine-Barrel-Shaped-Tobacco-Grinder-with-Herb-Storage-Jar-Portable-45-80mm.webp\",\"datePublished\":\"2025-02-12T05:48:41+00:00\",\"dateModified\":\"2025-02-12T08:22:17+00:00\",\"breadcrumb\":{\"@id\":\"https:\/\/global-hookah.com\/product\/new-2-in-1-wine-barrel-marijuana-grinder-wholesale\/#breadcrumb\"},\"inLanguage\":\"es\",\"potentialAction\":[{\"@type\":\"ReadAction\",\"target\":[\"https:\/\/global-hookah.com\/product\/new-2-in-1-wine-barrel-marijuana-grinder-wholesale\/\"]}]},{\"@type\":\"ImageObject\",\"inLanguage\":\"es\",\"@id\":\"https:\/\/global-hookah.com\/product\/new-2-in-1-wine-barrel-marijuana-grinder-wholesale\/#primaryimage\",\"url\":\"https:\/\/global-hookah.com\/wp-content\/uploads\/2025\/02\/kf-S03e3fc290c5341e688cee26606f79c95D-New-2-In-1-Wine-Barrel-Shaped-Tobacco-Grinder-with-Herb-Storage-Jar-Portable-45-80mm.webp\",\"contentUrl\":\"https:\/\/global-hookah.com\/wp-content\/uploads\/2025\/02\/kf-S03e3fc290c5341e688cee26606f79c95D-New-2-In-1-Wine-Barrel-Shaped-Tobacco-Grinder-with-Herb-Storage-Jar-Portable-45-80mm.webp\",\"width\":800,\"height\":800,\"caption\":\"New 2 In 1 Wine Barrel Marijuana Grinder Wholesale\"},{\"@type\":\"BreadcrumbList\",\"@id\":\"https:\/\/global-hookah.com\/product\/new-2-in-1-wine-barrel-marijuana-grinder-wholesale\/#breadcrumb\",\"itemListElement\":[{\"@type\":\"ListItem\",\"position\":1,\"name\":\"Home\",\"item\":\"https:\/\/global-hookah.com\/\"},{\"@type\":\"ListItem\",\"position\":2,\"name\":\"Shop\",\"item\":\"https:\/\/global-hookah.com\/shop\/\"},{\"@type\":\"ListItem\",\"position\":3,\"name\":\"New 2 In 1 Wine Barrel Marijuana Grinder Wholesale\"}]},{\"@type\":\"WebSite\",\"@id\":\"https:\/\/global-hookah.com\/#website\",\"url\":\"https:\/\/global-hookah.com\/\",\"name\":\"Global Hookah\",\"description\":\"Global Hookah\",\"publisher\":{\"@id\":\"https:\/\/global-hookah.com\/#organization\"},\"potentialAction\":[{\"@type\":\"SearchAction\",\"target\":{\"@type\":\"EntryPoint\",\"urlTemplate\":\"https:\/\/global-hookah.com\/?s={search_term_string}\"},\"query-input\":{\"@type\":\"PropertyValueSpecification\",\"valueRequired\":true,\"valueName\":\"search_term_string\"}}],\"inLanguage\":\"es\"},{\"@type\":\"Organization\",\"@id\":\"https:\/\/global-hookah.com\/#organization\",\"name\":\"Global Hookah\",\"url\":\"https:\/\/global-hookah.com\/\",\"logo\":{\"@type\":\"ImageObject\",\"inLanguage\":\"es\",\"@id\":\"https:\/\/global-hookah.com\/#\/schema\/logo\/image\/\",\"url\":\"https:\/\/global-hookah.com\/wp-content\/uploads\/2021\/10\/cropped-fgg.png\",\"contentUrl\":\"https:\/\/global-hookah.com\/wp-content\/uploads\/2021\/10\/cropped-fgg.png\",\"width\":512,\"height\":512,\"caption\":\"Global Hookah\"},\"image\":{\"@id\":\"https:\/\/global-hookah.com\/#\/schema\/logo\/image\/\"}}]}<\/script>\n<!-- \/ Yoast SEO Premium plugin. -->","yoast_head_json":{"title":"Nuevo Grinder de Marihuana 2 en 1 barril de vino al por mayor - Global Hookah","robots":{"index":"index","follow":"follow","max-snippet":"max-snippet:-1","max-image-preview":"max-image-preview:large","max-video-preview":"max-video-preview:-1"},"canonical":"https:\/\/global-hookah.com\/es\/producto\/new-2-in-1-wine-barrel-marijuana-grinder-wholesale\/","og_locale":"es_ES","og_type":"article","og_title":"New 2 In 1 Wine Barrel Marijuana Grinder Wholesale","og_description":"This 2 In 1 Wine Barrel Marijuana Grinder features a unique wine barrel design, with an exquisite and elegant appearance.","og_url":"https:\/\/global-hookah.com\/es\/producto\/new-2-in-1-wine-barrel-marijuana-grinder-wholesale\/","og_site_name":"Global Hookah","article_modified_time":"2025-02-12T08:22:17+00:00","og_image":[{"width":800,"height":800,"url":"https:\/\/global-hookah.com\/wp-content\/uploads\/2025\/02\/kf-S03e3fc290c5341e688cee26606f79c95D-New-2-In-1-Wine-Barrel-Shaped-Tobacco-Grinder-with-Herb-Storage-Jar-Portable-45-80mm.webp","type":"image\/webp"}],"twitter_card":"summary_large_image","twitter_misc":{"Tiempo de lectura":"2 minutos"},"schema":{"@context":"https:\/\/schema.org","@graph":[{"@type":"WebPage","@id":"https:\/\/global-hookah.com\/product\/new-2-in-1-wine-barrel-marijuana-grinder-wholesale\/","url":"https:\/\/global-hookah.com\/product\/new-2-in-1-wine-barrel-marijuana-grinder-wholesale\/","name":"Nuevo Grinder de Marihuana 2 en 1 barril de vino al por mayor - Global Hookah","isPartOf":{"@id":"https:\/\/global-hookah.com\/#website"},"primaryImageOfPage":{"@id":"https:\/\/global-hookah.com\/product\/new-2-in-1-wine-barrel-marijuana-grinder-wholesale\/#primaryimage"},"image":{"@id":"https:\/\/global-hookah.com\/product\/new-2-in-1-wine-barrel-marijuana-grinder-wholesale\/#primaryimage"},"thumbnailUrl":"https:\/\/global-hookah.com\/wp-content\/uploads\/2025\/02\/kf-S03e3fc290c5341e688cee26606f79c95D-New-2-In-1-Wine-Barrel-Shaped-Tobacco-Grinder-with-Herb-Storage-Jar-Portable-45-80mm.webp","datePublished":"2025-02-12T05:48:41+00:00","dateModified":"2025-02-12T08:22:17+00:00","breadcrumb":{"@id":"https:\/\/global-hookah.com\/product\/new-2-in-1-wine-barrel-marijuana-grinder-wholesale\/#breadcrumb"},"inLanguage":"es","potentialAction":[{"@type":"ReadAction","target":["https:\/\/global-hookah.com\/product\/new-2-in-1-wine-barrel-marijuana-grinder-wholesale\/"]}]},{"@type":"ImageObject","inLanguage":"es","@id":"https:\/\/global-hookah.com\/product\/new-2-in-1-wine-barrel-marijuana-grinder-wholesale\/#primaryimage","url":"https:\/\/global-hookah.com\/wp-content\/uploads\/2025\/02\/kf-S03e3fc290c5341e688cee26606f79c95D-New-2-In-1-Wine-Barrel-Shaped-Tobacco-Grinder-with-Herb-Storage-Jar-Portable-45-80mm.webp","contentUrl":"https:\/\/global-hookah.com\/wp-content\/uploads\/2025\/02\/kf-S03e3fc290c5341e688cee26606f79c95D-New-2-In-1-Wine-Barrel-Shaped-Tobacco-Grinder-with-Herb-Storage-Jar-Portable-45-80mm.webp","width":800,"height":800,"caption":"New 2 In 1 Wine Barrel Marijuana Grinder Wholesale"},{"@type":"BreadcrumbList","@id":"https:\/\/global-hookah.com\/product\/new-2-in-1-wine-barrel-marijuana-grinder-wholesale\/#breadcrumb","itemListElement":[{"@type":"ListItem","position":1,"name":"Home","item":"https:\/\/global-hookah.com\/"},{"@type":"ListItem","position":2,"name":"Shop","item":"https:\/\/global-hookah.com\/shop\/"},{"@type":"ListItem","position":3,"name":"New 2 In 1 Wine Barrel Marijuana Grinder Wholesale"}]},{"@type":"WebSite","@id":"https:\/\/global-hookah.com\/#website","url":"https:\/\/global-hookah.com\/","name":"Global Hookah","description":"Global Hookah","publisher":{"@id":"https:\/\/global-hookah.com\/#organization"},"potentialAction":[{"@type":"SearchAction","target":{"@type":"EntryPoint","urlTemplate":"https:\/\/global-hookah.com\/?s={search_term_string}"},"query-input":{"@type":"PropertyValueSpecification","valueRequired":true,"valueName":"search_term_string"}}],"inLanguage":"es"},{"@type":"Organization","@id":"https:\/\/global-hookah.com\/#organization","name":"Global Hookah","url":"https:\/\/global-hookah.com\/","logo":{"@type":"ImageObject","inLanguage":"es","@id":"https:\/\/global-hookah.com\/#\/schema\/logo\/image\/","url":"https:\/\/global-hookah.com\/wp-content\/uploads\/2021\/10\/cropped-fgg.png","contentUrl":"https:\/\/global-hookah.com\/wp-content\/uploads\/2021\/10\/cropped-fgg.png","width":512,"height":512,"caption":"Global Hookah"},"image":{"@id":"https:\/\/global-hookah.com\/#\/schema\/logo\/image\/"}}]}},"_links":{"self":[{"href":"https:\/\/global-hookah.com\/es\/wp-json\/wp\/v2\/product\/31594","targetHints":{"allow":["GET"]}}],"collection":[{"href":"https:\/\/global-hookah.com\/es\/wp-json\/wp\/v2\/product"}],"about":[{"href":"https:\/\/global-hookah.com\/es\/wp-json\/wp\/v2\/types\/product"}],"replies":[{"embeddable":true,"href":"https:\/\/global-hookah.com\/es\/wp-json\/wp\/v2\/comments?post=31594"}],"version-history":[{"count":0,"href":"https:\/\/global-hookah.com\/es\/wp-json\/wp\/v2\/product\/31594\/revisions"}],"wp:featuredmedia":[{"embeddable":true,"href":"https:\/\/global-hookah.com\/es\/wp-json\/wp\/v2\/media\/31595"}],"wp:attachment":[{"href":"https:\/\/global-hookah.com\/es\/wp-json\/wp\/v2\/media?parent=31594"}],"wp:term":[{"taxonomy":"product_brand","embeddable":true,"href":"https:\/\/global-hookah.com\/es\/wp-json\/wp\/v2\/product_brand?post=31594"},{"taxonomy":"product_cat","embeddable":true,"href":"https:\/\/global-hookah.com\/es\/wp-json\/wp\/v2\/product_cat?post=31594"},{"taxonomy":"product_tag","embeddable":true,"href":"https:\/\/global-hookah.com\/es\/wp-json\/wp\/v2\/product_tag?post=31594"}],"curies":[{"name":"wp","href":"https:\/\/api.w.org\/{rel}","templated":true}]}}