{"id":31612,"date":"2025-02-12T07:01:15","date_gmt":"2025-02-12T07:01:15","guid":{"rendered":"https:\/\/global-hookah.com\/product\/2-3-4-pc-3d-metal-skull-marijuana-grinder-wholesale\/"},"modified":"2025-02-12T07:16:47","modified_gmt":"2025-02-12T07:16:47","slug":"2-3-4-pc-3d-metal-skull-marijuana-grinder-wholesale","status":"publish","type":"product","link":"https:\/\/global-hookah.com\/es\/producto\/2-3-4-pc-3d-metal-skull-marijuana-grinder-wholesale\/","title":{"rendered":"Grinder de marihuana 2.3\u2033 4 PC 3D calavera de metal al por mayor"},"content":{"rendered":"<p>Para los mayoristas, el <strong>Grinder de marihuana calavera de metal<\/strong> es uno de los productos m\u00e1s populares en las tiendas de cannabis. Presenta un dise\u00f1o \u00fanico con tem\u00e1tica de calavera, que incluye calaveras cl\u00e1sicas, calaveras brillantes y otras variaciones. Algunos modelos tambi\u00e9n ofrecen m\u00faltiples opciones de color o efectos brillantes.<br \/>\nCaracter\u00edsticas principales:<\/p>\n<p>Dise\u00f1o multicapa: Este <strong>Cr\u00e1neo Marihuana Grinder <\/strong>tiene una estructura de cuatro capas, incluidas las de molienda, recogida y filtrado, que separan eficazmente las hierbas y las part\u00edculas finas como el kief.<\/p>\n<p>Este <strong>Cr\u00e1neo Marihuana Grinder<\/strong> no s\u00f3lo tiene un aspecto genial, sino que tambi\u00e9n es muy pr\u00e1ctico. Los afilados engranajes pueden moler f\u00e1cilmente hierbas secas, y el dise\u00f1o multicapa facilita la separaci\u00f3n y recogida. La tapa magn\u00e9tica y el procesamiento de precisi\u00f3n garantizan el sellado y la suavidad durante el uso. Como producto al por mayor, nuestro<a href=\"https:\/\/global-hookah.com\"> narguile mundial<\/a> tambi\u00e9n puede personalizarse seg\u00fan sus necesidades<\/p>\n<p>&nbsp;<\/p>\n<div style=\"font-family: 'Market Sans', Arial, sans-serif; font-size: medium; font-weight: 400; letter-spacing: normal; text-align: start; white-space: normal; color: #000000;\" align=\"start\"><strong>Especificaciones del producto<\/strong>:<\/div>\n<div id=\"ds_div\" style=\"text-align: start;\" align=\"start\">\n<ul>\n<li>Cantidad: 1<\/li>\n<li>Colores del casco: Naranja<\/li>\n<li>Dimensiones interiores de la pieza de la amoladora: 2.3\u2033 di\u00e1metro x 3.4\u2033 altura<\/li>\n<li>Material: Aleaci\u00f3n de zinc de alta calidad<\/li>\n<li>Dientes afilados en forma de diamante<\/li>\n<li>Caja superior magn\u00e9tica<\/li>\n<li>Malla de acero para filtrar el polen<\/li>\n<li>C\u00e1mara de polen separada<\/li>\n<li>Rascador de polen gratuito incluido<\/li>\n<li><\/li>\n<\/ul>\n<div style=\"font-size: 14pt;\">\n<div style=\"font-family: 'Times New Roman'; font-size: medium;\">\n<div><\/div>\n<\/div>\n<\/div>\n<\/div>\n<p>&nbsp;<\/p>","protected":false},"excerpt":{"rendered":"<p>Para los mayoristas, el molinillo de marihuana Metal Skull es uno de los productos m\u00e1s populares en las tiendas de cannabis. Cuenta con un<\/p>","protected":false},"featured_media":31613,"comment_status":"closed","ping_status":"closed","template":"","meta":{"iawp_total_views":1,"_joinchat":[]},"product_brand":[],"product_cat":[894],"product_tag":[],"class_list":{"0":"post-31612","1":"product","2":"type-product","3":"status-publish","4":"has-post-thumbnail","6":"product_cat-4-piece-grinder-wholesale","8":"first","9":"instock","10":"shipping-taxable","11":"purchasable","12":"product-type-variable"},"yoast_head":"<!-- This site is optimized with the Yoast SEO Premium plugin v24.7 (Yoast SEO v26.8) - https:\/\/yoast.com\/product\/yoast-seo-premium-wordpress\/ -->\n<title>2.3&quot; 4 PC 3D Metal Skull Marijuana Grinder Wholesale - Global Hookah<\/title>\n<meta name=\"robots\" content=\"index, follow, max-snippet:-1, max-image-preview:large, max-video-preview:-1\" \/>\n<link rel=\"canonical\" href=\"https:\/\/global-hookah.com\/es\/producto\/2-3-4-pc-3d-metal-skull-marijuana-grinder-wholesale\/\" \/>\n<meta property=\"og:locale\" content=\"es_ES\" \/>\n<meta property=\"og:type\" content=\"article\" \/>\n<meta property=\"og:title\" content=\"2.3&quot; 4 PC 3D Metal Skull Marijuana Grinder Wholesale\" \/>\n<meta property=\"og:description\" content=\"For wholesalers, the Metal Skull Marijuana Grinder is one of the most popular products in cannabis shops. It features a\" \/>\n<meta property=\"og:url\" content=\"https:\/\/global-hookah.com\/es\/producto\/2-3-4-pc-3d-metal-skull-marijuana-grinder-wholesale\/\" \/>\n<meta property=\"og:site_name\" content=\"Global Hookah\" \/>\n<meta property=\"article:modified_time\" content=\"2025-02-12T07:16:47+00:00\" \/>\n<meta property=\"og:image\" content=\"https:\/\/global-hookah.com\/wp-content\/uploads\/2025\/02\/kf-A2414177271f84ef288fbdd249bc62b8fA-2-3-4-PC-3D-Metal-Skull-in-Helmet-Tobacco-Herb-Spice-Grinder-Smoke-Crusher-Orange.webp\" \/>\n\t<meta property=\"og:image:width\" content=\"1000\" \/>\n\t<meta property=\"og:image:height\" content=\"1000\" \/>\n\t<meta property=\"og:image:type\" content=\"image\/webp\" \/>\n<meta name=\"twitter:card\" content=\"summary_large_image\" \/>\n<meta name=\"twitter:label1\" content=\"Tiempo de lectura\" \/>\n\t<meta name=\"twitter:data1\" content=\"1 minuto\" \/>\n<script type=\"application\/ld+json\" class=\"yoast-schema-graph\">{\"@context\":\"https:\/\/schema.org\",\"@graph\":[{\"@type\":\"WebPage\",\"@id\":\"https:\/\/global-hookah.com\/product\/2-3-4-pc-3d-metal-skull-marijuana-grinder-wholesale\/\",\"url\":\"https:\/\/global-hookah.com\/product\/2-3-4-pc-3d-metal-skull-marijuana-grinder-wholesale\/\",\"name\":\"2.3\\\" 4 PC 3D Metal Skull Marijuana Grinder Wholesale - Global Hookah\",\"isPartOf\":{\"@id\":\"https:\/\/global-hookah.com\/#website\"},\"primaryImageOfPage\":{\"@id\":\"https:\/\/global-hookah.com\/product\/2-3-4-pc-3d-metal-skull-marijuana-grinder-wholesale\/#primaryimage\"},\"image\":{\"@id\":\"https:\/\/global-hookah.com\/product\/2-3-4-pc-3d-metal-skull-marijuana-grinder-wholesale\/#primaryimage\"},\"thumbnailUrl\":\"https:\/\/global-hookah.com\/wp-content\/uploads\/2025\/02\/kf-A2414177271f84ef288fbdd249bc62b8fA-2-3-4-PC-3D-Metal-Skull-in-Helmet-Tobacco-Herb-Spice-Grinder-Smoke-Crusher-Orange.webp\",\"datePublished\":\"2025-02-12T07:01:15+00:00\",\"dateModified\":\"2025-02-12T07:16:47+00:00\",\"breadcrumb\":{\"@id\":\"https:\/\/global-hookah.com\/product\/2-3-4-pc-3d-metal-skull-marijuana-grinder-wholesale\/#breadcrumb\"},\"inLanguage\":\"es\",\"potentialAction\":[{\"@type\":\"ReadAction\",\"target\":[\"https:\/\/global-hookah.com\/product\/2-3-4-pc-3d-metal-skull-marijuana-grinder-wholesale\/\"]}]},{\"@type\":\"ImageObject\",\"inLanguage\":\"es\",\"@id\":\"https:\/\/global-hookah.com\/product\/2-3-4-pc-3d-metal-skull-marijuana-grinder-wholesale\/#primaryimage\",\"url\":\"https:\/\/global-hookah.com\/wp-content\/uploads\/2025\/02\/kf-A2414177271f84ef288fbdd249bc62b8fA-2-3-4-PC-3D-Metal-Skull-in-Helmet-Tobacco-Herb-Spice-Grinder-Smoke-Crusher-Orange.webp\",\"contentUrl\":\"https:\/\/global-hookah.com\/wp-content\/uploads\/2025\/02\/kf-A2414177271f84ef288fbdd249bc62b8fA-2-3-4-PC-3D-Metal-Skull-in-Helmet-Tobacco-Herb-Spice-Grinder-Smoke-Crusher-Orange.webp\",\"width\":1000,\"height\":1000,\"caption\":\"2.3\\\" 4 PC 3D Metal Skull Marijuana Grinder Wholesale\"},{\"@type\":\"BreadcrumbList\",\"@id\":\"https:\/\/global-hookah.com\/product\/2-3-4-pc-3d-metal-skull-marijuana-grinder-wholesale\/#breadcrumb\",\"itemListElement\":[{\"@type\":\"ListItem\",\"position\":1,\"name\":\"Home\",\"item\":\"https:\/\/global-hookah.com\/\"},{\"@type\":\"ListItem\",\"position\":2,\"name\":\"Shop\",\"item\":\"https:\/\/global-hookah.com\/shop\/\"},{\"@type\":\"ListItem\",\"position\":3,\"name\":\"2.3&#8243; 4 PC 3D Metal Skull Marijuana Grinder Wholesale\"}]},{\"@type\":\"WebSite\",\"@id\":\"https:\/\/global-hookah.com\/#website\",\"url\":\"https:\/\/global-hookah.com\/\",\"name\":\"Global Hookah\",\"description\":\"Global Hookah\",\"publisher\":{\"@id\":\"https:\/\/global-hookah.com\/#organization\"},\"potentialAction\":[{\"@type\":\"SearchAction\",\"target\":{\"@type\":\"EntryPoint\",\"urlTemplate\":\"https:\/\/global-hookah.com\/?s={search_term_string}\"},\"query-input\":{\"@type\":\"PropertyValueSpecification\",\"valueRequired\":true,\"valueName\":\"search_term_string\"}}],\"inLanguage\":\"es\"},{\"@type\":\"Organization\",\"@id\":\"https:\/\/global-hookah.com\/#organization\",\"name\":\"Global Hookah\",\"url\":\"https:\/\/global-hookah.com\/\",\"logo\":{\"@type\":\"ImageObject\",\"inLanguage\":\"es\",\"@id\":\"https:\/\/global-hookah.com\/#\/schema\/logo\/image\/\",\"url\":\"https:\/\/global-hookah.com\/wp-content\/uploads\/2021\/10\/cropped-fgg.png\",\"contentUrl\":\"https:\/\/global-hookah.com\/wp-content\/uploads\/2021\/10\/cropped-fgg.png\",\"width\":512,\"height\":512,\"caption\":\"Global Hookah\"},\"image\":{\"@id\":\"https:\/\/global-hookah.com\/#\/schema\/logo\/image\/\"}}]}<\/script>\n<!-- \/ Yoast SEO Premium plugin. -->","yoast_head_json":{"title":"2.3\" 4 PC 3D Metal Skull Marihuana Grinder Venta al por mayor - Global Hookah","robots":{"index":"index","follow":"follow","max-snippet":"max-snippet:-1","max-image-preview":"max-image-preview:large","max-video-preview":"max-video-preview:-1"},"canonical":"https:\/\/global-hookah.com\/es\/producto\/2-3-4-pc-3d-metal-skull-marijuana-grinder-wholesale\/","og_locale":"es_ES","og_type":"article","og_title":"2.3\" 4 PC 3D Metal Skull Marijuana Grinder Wholesale","og_description":"For wholesalers, the Metal Skull Marijuana Grinder is one of the most popular products in cannabis shops. It features a","og_url":"https:\/\/global-hookah.com\/es\/producto\/2-3-4-pc-3d-metal-skull-marijuana-grinder-wholesale\/","og_site_name":"Global Hookah","article_modified_time":"2025-02-12T07:16:47+00:00","og_image":[{"width":1000,"height":1000,"url":"https:\/\/global-hookah.com\/wp-content\/uploads\/2025\/02\/kf-A2414177271f84ef288fbdd249bc62b8fA-2-3-4-PC-3D-Metal-Skull-in-Helmet-Tobacco-Herb-Spice-Grinder-Smoke-Crusher-Orange.webp","type":"image\/webp"}],"twitter_card":"summary_large_image","twitter_misc":{"Tiempo de lectura":"1 minuto"},"schema":{"@context":"https:\/\/schema.org","@graph":[{"@type":"WebPage","@id":"https:\/\/global-hookah.com\/product\/2-3-4-pc-3d-metal-skull-marijuana-grinder-wholesale\/","url":"https:\/\/global-hookah.com\/product\/2-3-4-pc-3d-metal-skull-marijuana-grinder-wholesale\/","name":"2.3\" 4 PC 3D Metal Skull Marihuana Grinder Venta al por mayor - Global Hookah","isPartOf":{"@id":"https:\/\/global-hookah.com\/#website"},"primaryImageOfPage":{"@id":"https:\/\/global-hookah.com\/product\/2-3-4-pc-3d-metal-skull-marijuana-grinder-wholesale\/#primaryimage"},"image":{"@id":"https:\/\/global-hookah.com\/product\/2-3-4-pc-3d-metal-skull-marijuana-grinder-wholesale\/#primaryimage"},"thumbnailUrl":"https:\/\/global-hookah.com\/wp-content\/uploads\/2025\/02\/kf-A2414177271f84ef288fbdd249bc62b8fA-2-3-4-PC-3D-Metal-Skull-in-Helmet-Tobacco-Herb-Spice-Grinder-Smoke-Crusher-Orange.webp","datePublished":"2025-02-12T07:01:15+00:00","dateModified":"2025-02-12T07:16:47+00:00","breadcrumb":{"@id":"https:\/\/global-hookah.com\/product\/2-3-4-pc-3d-metal-skull-marijuana-grinder-wholesale\/#breadcrumb"},"inLanguage":"es","potentialAction":[{"@type":"ReadAction","target":["https:\/\/global-hookah.com\/product\/2-3-4-pc-3d-metal-skull-marijuana-grinder-wholesale\/"]}]},{"@type":"ImageObject","inLanguage":"es","@id":"https:\/\/global-hookah.com\/product\/2-3-4-pc-3d-metal-skull-marijuana-grinder-wholesale\/#primaryimage","url":"https:\/\/global-hookah.com\/wp-content\/uploads\/2025\/02\/kf-A2414177271f84ef288fbdd249bc62b8fA-2-3-4-PC-3D-Metal-Skull-in-Helmet-Tobacco-Herb-Spice-Grinder-Smoke-Crusher-Orange.webp","contentUrl":"https:\/\/global-hookah.com\/wp-content\/uploads\/2025\/02\/kf-A2414177271f84ef288fbdd249bc62b8fA-2-3-4-PC-3D-Metal-Skull-in-Helmet-Tobacco-Herb-Spice-Grinder-Smoke-Crusher-Orange.webp","width":1000,"height":1000,"caption":"2.3\" 4 PC 3D Metal Skull Marijuana Grinder Wholesale"},{"@type":"BreadcrumbList","@id":"https:\/\/global-hookah.com\/product\/2-3-4-pc-3d-metal-skull-marijuana-grinder-wholesale\/#breadcrumb","itemListElement":[{"@type":"ListItem","position":1,"name":"Home","item":"https:\/\/global-hookah.com\/"},{"@type":"ListItem","position":2,"name":"Shop","item":"https:\/\/global-hookah.com\/shop\/"},{"@type":"ListItem","position":3,"name":"2.3&#8243; 4 PC 3D Metal Skull Marijuana Grinder Wholesale"}]},{"@type":"WebSite","@id":"https:\/\/global-hookah.com\/#website","url":"https:\/\/global-hookah.com\/","name":"Global Hookah","description":"Global Hookah","publisher":{"@id":"https:\/\/global-hookah.com\/#organization"},"potentialAction":[{"@type":"SearchAction","target":{"@type":"EntryPoint","urlTemplate":"https:\/\/global-hookah.com\/?s={search_term_string}"},"query-input":{"@type":"PropertyValueSpecification","valueRequired":true,"valueName":"search_term_string"}}],"inLanguage":"es"},{"@type":"Organization","@id":"https:\/\/global-hookah.com\/#organization","name":"Global Hookah","url":"https:\/\/global-hookah.com\/","logo":{"@type":"ImageObject","inLanguage":"es","@id":"https:\/\/global-hookah.com\/#\/schema\/logo\/image\/","url":"https:\/\/global-hookah.com\/wp-content\/uploads\/2021\/10\/cropped-fgg.png","contentUrl":"https:\/\/global-hookah.com\/wp-content\/uploads\/2021\/10\/cropped-fgg.png","width":512,"height":512,"caption":"Global Hookah"},"image":{"@id":"https:\/\/global-hookah.com\/#\/schema\/logo\/image\/"}}]}},"_links":{"self":[{"href":"https:\/\/global-hookah.com\/es\/wp-json\/wp\/v2\/product\/31612","targetHints":{"allow":["GET"]}}],"collection":[{"href":"https:\/\/global-hookah.com\/es\/wp-json\/wp\/v2\/product"}],"about":[{"href":"https:\/\/global-hookah.com\/es\/wp-json\/wp\/v2\/types\/product"}],"replies":[{"embeddable":true,"href":"https:\/\/global-hookah.com\/es\/wp-json\/wp\/v2\/comments?post=31612"}],"version-history":[{"count":0,"href":"https:\/\/global-hookah.com\/es\/wp-json\/wp\/v2\/product\/31612\/revisions"}],"wp:featuredmedia":[{"embeddable":true,"href":"https:\/\/global-hookah.com\/es\/wp-json\/wp\/v2\/media\/31613"}],"wp:attachment":[{"href":"https:\/\/global-hookah.com\/es\/wp-json\/wp\/v2\/media?parent=31612"}],"wp:term":[{"taxonomy":"product_brand","embeddable":true,"href":"https:\/\/global-hookah.com\/es\/wp-json\/wp\/v2\/product_brand?post=31612"},{"taxonomy":"product_cat","embeddable":true,"href":"https:\/\/global-hookah.com\/es\/wp-json\/wp\/v2\/product_cat?post=31612"},{"taxonomy":"product_tag","embeddable":true,"href":"https:\/\/global-hookah.com\/es\/wp-json\/wp\/v2\/product_tag?post=31612"}],"curies":[{"name":"wp","href":"https:\/\/api.w.org\/{rel}","templated":true}]}}