{"id":31672,"date":"2025-02-13T07:46:47","date_gmt":"2025-02-13T07:46:47","guid":{"rendered":"https:\/\/global-hookah.com\/?post_type=product&#038;p=31672"},"modified":"2025-02-15T04:04:39","modified_gmt":"2025-02-15T04:04:39","slug":"wholesale-modern-luxury-hookah-set","status":"publish","type":"product","link":"https:\/\/global-hookah.com\/es\/producto\/wholesale-modern-luxury-hookah-set\/","title":{"rendered":"Mayorista Moderno Set Hookah de Lujo"},"content":{"rendered":"<p>Este <strong>moderno y lujoso set hookah<\/strong> dise\u00f1ado por el dise\u00f1ador de nuestro <a href=\"https:\/\/global-hookah.com\/\">narguile mundial<\/a> redefine la experiencia de fumar de alta gama para usted a trav\u00e9s de la innovaci\u00f3n de materiales y el dise\u00f1o de moda. Sus caracter\u00edsticas son las siguientes<\/p>\n<p>1. <strong>Moderno y lujoso set de narguile<\/strong> pesa s\u00f3lo 2,5 kg, tiene una resistencia a los impactos de 200 MPa y mide 53 cm de alto. El cuerpo est\u00e1 soplado a mano con vidrio de 5 mm de grosor. Por supuesto, lo m\u00e1s emocionante es que puede ser perfectamente compatible con la personalizaci\u00f3n de grabado l\u00e1ser<\/p>\n<p>2. La empu\u00f1adura bi\u00f3nica de la manguera cumple con el \u00e1ngulo de agarre ergon\u00f3mico de 30\u00b0, haci\u00e9ndole m\u00e1s c\u00f3modo durante su uso<\/p>\n<p>3. Fabricado con precisi\u00f3n alemana, presenta un dise\u00f1o de tubo \u00fanico combinado con una base de cristal hecha a mano. El cuerpo de cristal de alta calidad est\u00e1 adornado con un acabado de grano de madera de resina epoxi, que le confiere una sensaci\u00f3n de alta gama. Sorprendentemente, este <strong>Moderno y lujoso set de narguile<\/strong> tiene un precio al por mayor de s\u00f3lo $39,9.<\/p>\n<p>&nbsp;<\/p>","protected":false},"excerpt":{"rendered":"<p>Este moderno set de narguile de lujo dise\u00f1ado por el dise\u00f1ador de nuestro sitio web mundial de narguile redefine la experiencia de fumar de alta gama para<\/p>","protected":false},"featured_media":31676,"comment_status":"closed","ping_status":"closed","template":"","meta":{"iawp_total_views":0,"_joinchat":[]},"product_brand":[],"product_cat":[415,119],"product_tag":[],"class_list":{"0":"post-31672","1":"product","2":"type-product","3":"status-publish","4":"has-post-thumbnail","6":"product_cat-accessories","7":"product_cat-wholesale-hookah","9":"first","10":"instock","11":"shipping-taxable","12":"product-type-external"},"yoast_head":"<!-- This site is optimized with the Yoast SEO Premium plugin v24.7 (Yoast SEO v26.8) - https:\/\/yoast.com\/product\/yoast-seo-premium-wordpress\/ -->\n<title>Wholesale Modern Luxury Hookah Set - Global Hookah<\/title>\n<meta name=\"robots\" content=\"index, follow, max-snippet:-1, max-image-preview:large, max-video-preview:-1\" \/>\n<link rel=\"canonical\" href=\"https:\/\/global-hookah.com\/es\/producto\/wholesale-modern-luxury-hookah-set\/\" \/>\n<meta property=\"og:locale\" content=\"es_ES\" \/>\n<meta property=\"og:type\" content=\"article\" \/>\n<meta property=\"og:title\" content=\"Wholesale Modern Luxury Hookah Set\" \/>\n<meta property=\"og:description\" content=\"This modern luxury hookah set designed by the designer of our global hookah website redefines the high-end smoking experience for\" \/>\n<meta property=\"og:url\" content=\"https:\/\/global-hookah.com\/es\/producto\/wholesale-modern-luxury-hookah-set\/\" \/>\n<meta property=\"og:site_name\" content=\"Global Hookah\" \/>\n<meta property=\"article:modified_time\" content=\"2025-02-15T04:04:39+00:00\" \/>\n<meta property=\"og:image\" content=\"https:\/\/global-hookah.com\/wp-content\/uploads\/2025\/02\/be699ecca7fdf453de1fb54356e2028.jpg\" \/>\n\t<meta property=\"og:image:width\" content=\"1280\" \/>\n\t<meta property=\"og:image:height\" content=\"1280\" \/>\n\t<meta property=\"og:image:type\" content=\"image\/jpeg\" \/>\n<meta name=\"twitter:card\" content=\"summary_large_image\" \/>\n<meta name=\"twitter:label1\" content=\"Tiempo de lectura\" \/>\n\t<meta name=\"twitter:data1\" content=\"1 minuto\" \/>\n<script type=\"application\/ld+json\" class=\"yoast-schema-graph\">{\"@context\":\"https:\/\/schema.org\",\"@graph\":[{\"@type\":\"WebPage\",\"@id\":\"https:\/\/global-hookah.com\/product\/wholesale-modern-luxury-hookah-set\/\",\"url\":\"https:\/\/global-hookah.com\/product\/wholesale-modern-luxury-hookah-set\/\",\"name\":\"Wholesale Modern Luxury Hookah Set - Global Hookah\",\"isPartOf\":{\"@id\":\"https:\/\/global-hookah.com\/#website\"},\"primaryImageOfPage\":{\"@id\":\"https:\/\/global-hookah.com\/product\/wholesale-modern-luxury-hookah-set\/#primaryimage\"},\"image\":{\"@id\":\"https:\/\/global-hookah.com\/product\/wholesale-modern-luxury-hookah-set\/#primaryimage\"},\"thumbnailUrl\":\"https:\/\/global-hookah.com\/wp-content\/uploads\/2025\/02\/be699ecca7fdf453de1fb54356e2028.jpg\",\"datePublished\":\"2025-02-13T07:46:47+00:00\",\"dateModified\":\"2025-02-15T04:04:39+00:00\",\"breadcrumb\":{\"@id\":\"https:\/\/global-hookah.com\/product\/wholesale-modern-luxury-hookah-set\/#breadcrumb\"},\"inLanguage\":\"es\",\"potentialAction\":[{\"@type\":\"ReadAction\",\"target\":[\"https:\/\/global-hookah.com\/product\/wholesale-modern-luxury-hookah-set\/\"]}]},{\"@type\":\"ImageObject\",\"inLanguage\":\"es\",\"@id\":\"https:\/\/global-hookah.com\/product\/wholesale-modern-luxury-hookah-set\/#primaryimage\",\"url\":\"https:\/\/global-hookah.com\/wp-content\/uploads\/2025\/02\/be699ecca7fdf453de1fb54356e2028.jpg\",\"contentUrl\":\"https:\/\/global-hookah.com\/wp-content\/uploads\/2025\/02\/be699ecca7fdf453de1fb54356e2028.jpg\",\"width\":1280,\"height\":1280,\"caption\":\"Wholesale Modern Luxury Hookah Set\"},{\"@type\":\"BreadcrumbList\",\"@id\":\"https:\/\/global-hookah.com\/product\/wholesale-modern-luxury-hookah-set\/#breadcrumb\",\"itemListElement\":[{\"@type\":\"ListItem\",\"position\":1,\"name\":\"Home\",\"item\":\"https:\/\/global-hookah.com\/\"},{\"@type\":\"ListItem\",\"position\":2,\"name\":\"Shop\",\"item\":\"https:\/\/global-hookah.com\/shop\/\"},{\"@type\":\"ListItem\",\"position\":3,\"name\":\"Wholesale Modern Luxury Hookah Set\"}]},{\"@type\":\"WebSite\",\"@id\":\"https:\/\/global-hookah.com\/#website\",\"url\":\"https:\/\/global-hookah.com\/\",\"name\":\"Global Hookah\",\"description\":\"Global Hookah\",\"publisher\":{\"@id\":\"https:\/\/global-hookah.com\/#organization\"},\"potentialAction\":[{\"@type\":\"SearchAction\",\"target\":{\"@type\":\"EntryPoint\",\"urlTemplate\":\"https:\/\/global-hookah.com\/?s={search_term_string}\"},\"query-input\":{\"@type\":\"PropertyValueSpecification\",\"valueRequired\":true,\"valueName\":\"search_term_string\"}}],\"inLanguage\":\"es\"},{\"@type\":\"Organization\",\"@id\":\"https:\/\/global-hookah.com\/#organization\",\"name\":\"Global Hookah\",\"url\":\"https:\/\/global-hookah.com\/\",\"logo\":{\"@type\":\"ImageObject\",\"inLanguage\":\"es\",\"@id\":\"https:\/\/global-hookah.com\/#\/schema\/logo\/image\/\",\"url\":\"https:\/\/global-hookah.com\/wp-content\/uploads\/2021\/10\/cropped-fgg.png\",\"contentUrl\":\"https:\/\/global-hookah.com\/wp-content\/uploads\/2021\/10\/cropped-fgg.png\",\"width\":512,\"height\":512,\"caption\":\"Global Hookah\"},\"image\":{\"@id\":\"https:\/\/global-hookah.com\/#\/schema\/logo\/image\/\"}}]}<\/script>\n<!-- \/ Yoast SEO Premium plugin. -->","yoast_head_json":{"title":"Mayorista Moderno Lujo Hookah Set - Global Hookah","robots":{"index":"index","follow":"follow","max-snippet":"max-snippet:-1","max-image-preview":"max-image-preview:large","max-video-preview":"max-video-preview:-1"},"canonical":"https:\/\/global-hookah.com\/es\/producto\/wholesale-modern-luxury-hookah-set\/","og_locale":"es_ES","og_type":"article","og_title":"Wholesale Modern Luxury Hookah Set","og_description":"This modern luxury hookah set designed by the designer of our global hookah website redefines the high-end smoking experience for","og_url":"https:\/\/global-hookah.com\/es\/producto\/wholesale-modern-luxury-hookah-set\/","og_site_name":"Global Hookah","article_modified_time":"2025-02-15T04:04:39+00:00","og_image":[{"width":1280,"height":1280,"url":"https:\/\/global-hookah.com\/wp-content\/uploads\/2025\/02\/be699ecca7fdf453de1fb54356e2028.jpg","type":"image\/jpeg"}],"twitter_card":"summary_large_image","twitter_misc":{"Tiempo de lectura":"1 minuto"},"schema":{"@context":"https:\/\/schema.org","@graph":[{"@type":"WebPage","@id":"https:\/\/global-hookah.com\/product\/wholesale-modern-luxury-hookah-set\/","url":"https:\/\/global-hookah.com\/product\/wholesale-modern-luxury-hookah-set\/","name":"Mayorista Moderno Lujo Hookah Set - Global Hookah","isPartOf":{"@id":"https:\/\/global-hookah.com\/#website"},"primaryImageOfPage":{"@id":"https:\/\/global-hookah.com\/product\/wholesale-modern-luxury-hookah-set\/#primaryimage"},"image":{"@id":"https:\/\/global-hookah.com\/product\/wholesale-modern-luxury-hookah-set\/#primaryimage"},"thumbnailUrl":"https:\/\/global-hookah.com\/wp-content\/uploads\/2025\/02\/be699ecca7fdf453de1fb54356e2028.jpg","datePublished":"2025-02-13T07:46:47+00:00","dateModified":"2025-02-15T04:04:39+00:00","breadcrumb":{"@id":"https:\/\/global-hookah.com\/product\/wholesale-modern-luxury-hookah-set\/#breadcrumb"},"inLanguage":"es","potentialAction":[{"@type":"ReadAction","target":["https:\/\/global-hookah.com\/product\/wholesale-modern-luxury-hookah-set\/"]}]},{"@type":"ImageObject","inLanguage":"es","@id":"https:\/\/global-hookah.com\/product\/wholesale-modern-luxury-hookah-set\/#primaryimage","url":"https:\/\/global-hookah.com\/wp-content\/uploads\/2025\/02\/be699ecca7fdf453de1fb54356e2028.jpg","contentUrl":"https:\/\/global-hookah.com\/wp-content\/uploads\/2025\/02\/be699ecca7fdf453de1fb54356e2028.jpg","width":1280,"height":1280,"caption":"Wholesale Modern Luxury Hookah Set"},{"@type":"BreadcrumbList","@id":"https:\/\/global-hookah.com\/product\/wholesale-modern-luxury-hookah-set\/#breadcrumb","itemListElement":[{"@type":"ListItem","position":1,"name":"Home","item":"https:\/\/global-hookah.com\/"},{"@type":"ListItem","position":2,"name":"Shop","item":"https:\/\/global-hookah.com\/shop\/"},{"@type":"ListItem","position":3,"name":"Wholesale Modern Luxury Hookah Set"}]},{"@type":"WebSite","@id":"https:\/\/global-hookah.com\/#website","url":"https:\/\/global-hookah.com\/","name":"Global Hookah","description":"Global Hookah","publisher":{"@id":"https:\/\/global-hookah.com\/#organization"},"potentialAction":[{"@type":"SearchAction","target":{"@type":"EntryPoint","urlTemplate":"https:\/\/global-hookah.com\/?s={search_term_string}"},"query-input":{"@type":"PropertyValueSpecification","valueRequired":true,"valueName":"search_term_string"}}],"inLanguage":"es"},{"@type":"Organization","@id":"https:\/\/global-hookah.com\/#organization","name":"Global Hookah","url":"https:\/\/global-hookah.com\/","logo":{"@type":"ImageObject","inLanguage":"es","@id":"https:\/\/global-hookah.com\/#\/schema\/logo\/image\/","url":"https:\/\/global-hookah.com\/wp-content\/uploads\/2021\/10\/cropped-fgg.png","contentUrl":"https:\/\/global-hookah.com\/wp-content\/uploads\/2021\/10\/cropped-fgg.png","width":512,"height":512,"caption":"Global Hookah"},"image":{"@id":"https:\/\/global-hookah.com\/#\/schema\/logo\/image\/"}}]}},"_links":{"self":[{"href":"https:\/\/global-hookah.com\/es\/wp-json\/wp\/v2\/product\/31672","targetHints":{"allow":["GET"]}}],"collection":[{"href":"https:\/\/global-hookah.com\/es\/wp-json\/wp\/v2\/product"}],"about":[{"href":"https:\/\/global-hookah.com\/es\/wp-json\/wp\/v2\/types\/product"}],"replies":[{"embeddable":true,"href":"https:\/\/global-hookah.com\/es\/wp-json\/wp\/v2\/comments?post=31672"}],"version-history":[{"count":0,"href":"https:\/\/global-hookah.com\/es\/wp-json\/wp\/v2\/product\/31672\/revisions"}],"wp:featuredmedia":[{"embeddable":true,"href":"https:\/\/global-hookah.com\/es\/wp-json\/wp\/v2\/media\/31676"}],"wp:attachment":[{"href":"https:\/\/global-hookah.com\/es\/wp-json\/wp\/v2\/media?parent=31672"}],"wp:term":[{"taxonomy":"product_brand","embeddable":true,"href":"https:\/\/global-hookah.com\/es\/wp-json\/wp\/v2\/product_brand?post=31672"},{"taxonomy":"product_cat","embeddable":true,"href":"https:\/\/global-hookah.com\/es\/wp-json\/wp\/v2\/product_cat?post=31672"},{"taxonomy":"product_tag","embeddable":true,"href":"https:\/\/global-hookah.com\/es\/wp-json\/wp\/v2\/product_tag?post=31672"}],"curies":[{"name":"wp","href":"https:\/\/api.w.org\/{rel}","templated":true}]}}