{"id":31794,"date":"2025-03-03T01:25:35","date_gmt":"2025-03-03T01:25:35","guid":{"rendered":"https:\/\/global-hookah.com\/?post_type=product&#038;p=31794"},"modified":"2025-03-03T03:16:20","modified_gmt":"2025-03-03T03:16:20","slug":"wholesale-of-the-latest-2025-silicone-water-bong-styles","status":"publish","type":"product","link":"https:\/\/global-hookah.com\/es\/producto\/wholesale-of-the-latest-2025-silicone-water-bong-styles\/","title":{"rendered":"Venta al por mayor de los \u00faltimos 2025 estilos de pipas de agua de silicona"},"content":{"rendered":"<p>Nuestra <strong>\u00faltimas 2025 pipas de agua de silicona<\/strong> est\u00e1n absolutamente dispuestos a liderar la tendencia. Ver\u00e1, muchos <a href=\"https:\/\/global-hookah.com\/product-category\/bong-wholesale\/wholesale-glass-bong\/\">bongs de cristal<\/a> en el mercado hoy en d\u00eda pueden romperse f\u00e1cilmente con un movimiento descuidado. Pero eso no es un problema con nuestros modelos de silicona. Esto hace que estos bongs de agua sean perfectos para su uso al aire libre.<\/p>\n<p>Elegante construcci\u00f3n modular: Puede utilizar las bases intercambiables o los bajantes del <strong>kit de pipas de agua de silicona<\/strong> para personalizarlo a tu gusto.<\/p>\n<p>Forma ergon\u00f3mica: El cuello curvado y la base m\u00e1s ancha mejoran la estabilidad y el agarre, combinando a la perfecci\u00f3n forma y funcionalidad.<\/p>\n<p>Opciones que brillan en la oscuridad: Varios modelos incorporan silicona fotoluminiscente para potenciar el atractivo visual.<\/p>\n<p>Tacto c\u00f3modo: Algunos <strong>pipas de agua de silicona<\/strong> vienen con muescas para hielo incorporadas y mejoras de percolaci\u00f3n para unos golpes m\u00e1s suaves.<\/p>\n<p>Por supuesto, algunos entusiastas del cannabis podr\u00edan criticar inicialmente un ligero sabor a silicona, pero no te preocupes, s\u00f3lo tienes que dar a tu bong de silicona de cannabis un r\u00e1pido remojo en vinagre durante un tiempo, y ese problema estar\u00e1 perfectamente resuelto.<\/p>","protected":false},"excerpt":{"rendered":"<p>Nuestros \u00faltimos bongs de agua de silicona 2025 est\u00e1n absolutamente preparados para liderar la tendencia. Ya ves, muchos bongs de vidrio en el<\/p>","protected":false},"featured_media":31796,"comment_status":"closed","ping_status":"closed","template":"","meta":{"iawp_total_views":42,"_joinchat":[]},"product_brand":[],"product_cat":[249,534],"product_tag":[],"class_list":{"0":"post-31794","1":"product","2":"type-product","3":"status-publish","4":"has-post-thumbnail","6":"product_cat-bong-wholesale","7":"product_cat-silicone-bong-wholesale","9":"first","10":"instock","11":"shipping-taxable","12":"product-type-external"},"yoast_head":"<!-- This site is optimized with the Yoast SEO Premium plugin v24.7 (Yoast SEO v26.8) - https:\/\/yoast.com\/product\/yoast-seo-premium-wordpress\/ -->\n<title>Wholesale Of The Latest 2025 Silicone Water Bong Styles - Global Hookah<\/title>\n<meta name=\"robots\" content=\"index, follow, max-snippet:-1, max-image-preview:large, max-video-preview:-1\" \/>\n<link rel=\"canonical\" href=\"https:\/\/global-hookah.com\/es\/producto\/wholesale-of-the-latest-2025-silicone-water-bong-styles\/\" \/>\n<meta property=\"og:locale\" content=\"es_ES\" \/>\n<meta property=\"og:type\" content=\"article\" \/>\n<meta property=\"og:title\" content=\"Wholesale Of The Latest 2025 Silicone Water Bong Styles\" \/>\n<meta property=\"og:description\" content=\"Our latest 2025 silicone water bongs are absolutely set to lead the trend. You see, many glass bongs on the\" \/>\n<meta property=\"og:url\" content=\"https:\/\/global-hookah.com\/es\/producto\/wholesale-of-the-latest-2025-silicone-water-bong-styles\/\" \/>\n<meta property=\"og:site_name\" content=\"Global Hookah\" \/>\n<meta property=\"article:modified_time\" content=\"2025-03-03T03:16:20+00:00\" \/>\n<meta property=\"og:image\" content=\"https:\/\/global-hookah.com\/wp-content\/uploads\/2025\/03\/661f49f6f90765ad2a412c7475aa2a8.jpg\" \/>\n\t<meta property=\"og:image:width\" content=\"1000\" \/>\n\t<meta property=\"og:image:height\" content=\"1000\" \/>\n\t<meta property=\"og:image:type\" content=\"image\/jpeg\" \/>\n<meta name=\"twitter:card\" content=\"summary_large_image\" \/>\n<meta name=\"twitter:label1\" content=\"Tiempo de lectura\" \/>\n\t<meta name=\"twitter:data1\" content=\"1 minuto\" \/>\n<script type=\"application\/ld+json\" class=\"yoast-schema-graph\">{\"@context\":\"https:\/\/schema.org\",\"@graph\":[{\"@type\":\"WebPage\",\"@id\":\"https:\/\/global-hookah.com\/product\/wholesale-of-the-latest-2025-silicone-water-bong-styles\/\",\"url\":\"https:\/\/global-hookah.com\/product\/wholesale-of-the-latest-2025-silicone-water-bong-styles\/\",\"name\":\"Wholesale Of The Latest 2025 Silicone Water Bong Styles - Global Hookah\",\"isPartOf\":{\"@id\":\"https:\/\/global-hookah.com\/#website\"},\"primaryImageOfPage\":{\"@id\":\"https:\/\/global-hookah.com\/product\/wholesale-of-the-latest-2025-silicone-water-bong-styles\/#primaryimage\"},\"image\":{\"@id\":\"https:\/\/global-hookah.com\/product\/wholesale-of-the-latest-2025-silicone-water-bong-styles\/#primaryimage\"},\"thumbnailUrl\":\"https:\/\/global-hookah.com\/wp-content\/uploads\/2025\/03\/661f49f6f90765ad2a412c7475aa2a8.jpg\",\"datePublished\":\"2025-03-03T01:25:35+00:00\",\"dateModified\":\"2025-03-03T03:16:20+00:00\",\"breadcrumb\":{\"@id\":\"https:\/\/global-hookah.com\/product\/wholesale-of-the-latest-2025-silicone-water-bong-styles\/#breadcrumb\"},\"inLanguage\":\"es\",\"potentialAction\":[{\"@type\":\"ReadAction\",\"target\":[\"https:\/\/global-hookah.com\/product\/wholesale-of-the-latest-2025-silicone-water-bong-styles\/\"]}]},{\"@type\":\"ImageObject\",\"inLanguage\":\"es\",\"@id\":\"https:\/\/global-hookah.com\/product\/wholesale-of-the-latest-2025-silicone-water-bong-styles\/#primaryimage\",\"url\":\"https:\/\/global-hookah.com\/wp-content\/uploads\/2025\/03\/661f49f6f90765ad2a412c7475aa2a8.jpg\",\"contentUrl\":\"https:\/\/global-hookah.com\/wp-content\/uploads\/2025\/03\/661f49f6f90765ad2a412c7475aa2a8.jpg\",\"width\":1000,\"height\":1000,\"caption\":\"2025 Silicone Water Bong\"},{\"@type\":\"BreadcrumbList\",\"@id\":\"https:\/\/global-hookah.com\/product\/wholesale-of-the-latest-2025-silicone-water-bong-styles\/#breadcrumb\",\"itemListElement\":[{\"@type\":\"ListItem\",\"position\":1,\"name\":\"Home\",\"item\":\"https:\/\/global-hookah.com\/\"},{\"@type\":\"ListItem\",\"position\":2,\"name\":\"Shop\",\"item\":\"https:\/\/global-hookah.com\/shop\/\"},{\"@type\":\"ListItem\",\"position\":3,\"name\":\"Wholesale Of The Latest 2025 Silicone Water Bong Styles\"}]},{\"@type\":\"WebSite\",\"@id\":\"https:\/\/global-hookah.com\/#website\",\"url\":\"https:\/\/global-hookah.com\/\",\"name\":\"Global Hookah\",\"description\":\"Global Hookah\",\"publisher\":{\"@id\":\"https:\/\/global-hookah.com\/#organization\"},\"potentialAction\":[{\"@type\":\"SearchAction\",\"target\":{\"@type\":\"EntryPoint\",\"urlTemplate\":\"https:\/\/global-hookah.com\/?s={search_term_string}\"},\"query-input\":{\"@type\":\"PropertyValueSpecification\",\"valueRequired\":true,\"valueName\":\"search_term_string\"}}],\"inLanguage\":\"es\"},{\"@type\":\"Organization\",\"@id\":\"https:\/\/global-hookah.com\/#organization\",\"name\":\"Global Hookah\",\"url\":\"https:\/\/global-hookah.com\/\",\"logo\":{\"@type\":\"ImageObject\",\"inLanguage\":\"es\",\"@id\":\"https:\/\/global-hookah.com\/#\/schema\/logo\/image\/\",\"url\":\"https:\/\/global-hookah.com\/wp-content\/uploads\/2021\/10\/cropped-fgg.png\",\"contentUrl\":\"https:\/\/global-hookah.com\/wp-content\/uploads\/2021\/10\/cropped-fgg.png\",\"width\":512,\"height\":512,\"caption\":\"Global Hookah\"},\"image\":{\"@id\":\"https:\/\/global-hookah.com\/#\/schema\/logo\/image\/\"}}]}<\/script>\n<!-- \/ Yoast SEO Premium plugin. -->","yoast_head_json":{"title":"Venta al por mayor de los \u00faltimos 2025 estilos de pipa de agua de silicona - Global Hookah","robots":{"index":"index","follow":"follow","max-snippet":"max-snippet:-1","max-image-preview":"max-image-preview:large","max-video-preview":"max-video-preview:-1"},"canonical":"https:\/\/global-hookah.com\/es\/producto\/wholesale-of-the-latest-2025-silicone-water-bong-styles\/","og_locale":"es_ES","og_type":"article","og_title":"Wholesale Of The Latest 2025 Silicone Water Bong Styles","og_description":"Our latest 2025 silicone water bongs are absolutely set to lead the trend. You see, many glass bongs on the","og_url":"https:\/\/global-hookah.com\/es\/producto\/wholesale-of-the-latest-2025-silicone-water-bong-styles\/","og_site_name":"Global Hookah","article_modified_time":"2025-03-03T03:16:20+00:00","og_image":[{"width":1000,"height":1000,"url":"https:\/\/global-hookah.com\/wp-content\/uploads\/2025\/03\/661f49f6f90765ad2a412c7475aa2a8.jpg","type":"image\/jpeg"}],"twitter_card":"summary_large_image","twitter_misc":{"Tiempo de lectura":"1 minuto"},"schema":{"@context":"https:\/\/schema.org","@graph":[{"@type":"WebPage","@id":"https:\/\/global-hookah.com\/product\/wholesale-of-the-latest-2025-silicone-water-bong-styles\/","url":"https:\/\/global-hookah.com\/product\/wholesale-of-the-latest-2025-silicone-water-bong-styles\/","name":"Venta al por mayor de los \u00faltimos 2025 estilos de pipa de agua de silicona - Global Hookah","isPartOf":{"@id":"https:\/\/global-hookah.com\/#website"},"primaryImageOfPage":{"@id":"https:\/\/global-hookah.com\/product\/wholesale-of-the-latest-2025-silicone-water-bong-styles\/#primaryimage"},"image":{"@id":"https:\/\/global-hookah.com\/product\/wholesale-of-the-latest-2025-silicone-water-bong-styles\/#primaryimage"},"thumbnailUrl":"https:\/\/global-hookah.com\/wp-content\/uploads\/2025\/03\/661f49f6f90765ad2a412c7475aa2a8.jpg","datePublished":"2025-03-03T01:25:35+00:00","dateModified":"2025-03-03T03:16:20+00:00","breadcrumb":{"@id":"https:\/\/global-hookah.com\/product\/wholesale-of-the-latest-2025-silicone-water-bong-styles\/#breadcrumb"},"inLanguage":"es","potentialAction":[{"@type":"ReadAction","target":["https:\/\/global-hookah.com\/product\/wholesale-of-the-latest-2025-silicone-water-bong-styles\/"]}]},{"@type":"ImageObject","inLanguage":"es","@id":"https:\/\/global-hookah.com\/product\/wholesale-of-the-latest-2025-silicone-water-bong-styles\/#primaryimage","url":"https:\/\/global-hookah.com\/wp-content\/uploads\/2025\/03\/661f49f6f90765ad2a412c7475aa2a8.jpg","contentUrl":"https:\/\/global-hookah.com\/wp-content\/uploads\/2025\/03\/661f49f6f90765ad2a412c7475aa2a8.jpg","width":1000,"height":1000,"caption":"2025 Silicone Water Bong"},{"@type":"BreadcrumbList","@id":"https:\/\/global-hookah.com\/product\/wholesale-of-the-latest-2025-silicone-water-bong-styles\/#breadcrumb","itemListElement":[{"@type":"ListItem","position":1,"name":"Home","item":"https:\/\/global-hookah.com\/"},{"@type":"ListItem","position":2,"name":"Shop","item":"https:\/\/global-hookah.com\/shop\/"},{"@type":"ListItem","position":3,"name":"Wholesale Of The Latest 2025 Silicone Water Bong Styles"}]},{"@type":"WebSite","@id":"https:\/\/global-hookah.com\/#website","url":"https:\/\/global-hookah.com\/","name":"Global Hookah","description":"Global Hookah","publisher":{"@id":"https:\/\/global-hookah.com\/#organization"},"potentialAction":[{"@type":"SearchAction","target":{"@type":"EntryPoint","urlTemplate":"https:\/\/global-hookah.com\/?s={search_term_string}"},"query-input":{"@type":"PropertyValueSpecification","valueRequired":true,"valueName":"search_term_string"}}],"inLanguage":"es"},{"@type":"Organization","@id":"https:\/\/global-hookah.com\/#organization","name":"Global Hookah","url":"https:\/\/global-hookah.com\/","logo":{"@type":"ImageObject","inLanguage":"es","@id":"https:\/\/global-hookah.com\/#\/schema\/logo\/image\/","url":"https:\/\/global-hookah.com\/wp-content\/uploads\/2021\/10\/cropped-fgg.png","contentUrl":"https:\/\/global-hookah.com\/wp-content\/uploads\/2021\/10\/cropped-fgg.png","width":512,"height":512,"caption":"Global Hookah"},"image":{"@id":"https:\/\/global-hookah.com\/#\/schema\/logo\/image\/"}}]}},"_links":{"self":[{"href":"https:\/\/global-hookah.com\/es\/wp-json\/wp\/v2\/product\/31794","targetHints":{"allow":["GET"]}}],"collection":[{"href":"https:\/\/global-hookah.com\/es\/wp-json\/wp\/v2\/product"}],"about":[{"href":"https:\/\/global-hookah.com\/es\/wp-json\/wp\/v2\/types\/product"}],"replies":[{"embeddable":true,"href":"https:\/\/global-hookah.com\/es\/wp-json\/wp\/v2\/comments?post=31794"}],"version-history":[{"count":0,"href":"https:\/\/global-hookah.com\/es\/wp-json\/wp\/v2\/product\/31794\/revisions"}],"wp:featuredmedia":[{"embeddable":true,"href":"https:\/\/global-hookah.com\/es\/wp-json\/wp\/v2\/media\/31796"}],"wp:attachment":[{"href":"https:\/\/global-hookah.com\/es\/wp-json\/wp\/v2\/media?parent=31794"}],"wp:term":[{"taxonomy":"product_brand","embeddable":true,"href":"https:\/\/global-hookah.com\/es\/wp-json\/wp\/v2\/product_brand?post=31794"},{"taxonomy":"product_cat","embeddable":true,"href":"https:\/\/global-hookah.com\/es\/wp-json\/wp\/v2\/product_cat?post=31794"},{"taxonomy":"product_tag","embeddable":true,"href":"https:\/\/global-hookah.com\/es\/wp-json\/wp\/v2\/product_tag?post=31794"}],"curies":[{"name":"wp","href":"https:\/\/api.w.org\/{rel}","templated":true}]}}