{"id":32026,"date":"2025-03-20T02:43:10","date_gmt":"2025-03-20T02:43:10","guid":{"rendered":"https:\/\/global-hookah.com\/?post_type=product&#038;p=32026"},"modified":"2025-03-21T00:47:24","modified_gmt":"2025-03-21T00:47:24","slug":"wholesale-gravity-electric-hookah","status":"publish","type":"product","link":"https:\/\/global-hookah.com\/es\/producto\/wholesale-gravity-electric-hookah\/","title":{"rendered":"Mayorista Gravity Electric Hookah"},"content":{"rendered":"<p>Este es sin duda el <strong>mejor Gravity Electric Hookah<\/strong> nunca, por dos razones: dice adi\u00f3s a la complicada preparaci\u00f3n de <a href=\"https:\/\/global-hookah.com\/product-category\/wholesale-hookah\/\"><strong>narguiles tradicionales<\/strong> <\/a>y puede brindarle una gran experiencia de uso. \u00a1S\u00f3lo tienes que controlar la generaci\u00f3n y la inhalaci\u00f3n de humo a voluntad a trav\u00e9s de la tecnolog\u00eda \u00fanica de detecci\u00f3n de gravedad! S\u00e9 que muchos reci\u00e9n llegados pueden encontrar el principio de este e gravedad bong un poco extra\u00f1o, pero siempre y cuando usted domina algunas t\u00e9cnicas simples, usted no tiene que pasar por la molestia de la quema de carbones hookah. Usted sabe que hookahs tradicionales no s\u00f3lo son mucho tiempo para preparar el fuego de carb\u00f3n, pero tambi\u00e9n tienen el problema de humo inestable y son muy dif\u00edciles de limpiar.<\/p>\n<p>Pero nuestro nuevo dise\u00f1o <strong>Narguile el\u00e9ctrico de gravedad<\/strong> resuelve estos problemas. Ya no tendr\u00e1 que preocuparse de que las cenizas de carb\u00f3n manchen el suelo, adem\u00e1s de las siguientes ventajas<\/p>\n<p>Tecnolog\u00eda de detecci\u00f3n de la gravedad: El n\u00facleo del <strong>e bong de gravedad<\/strong> es su exclusivo sistema de control por gravedad. Basta con inclinar el dispositivo suavemente, y el humo se generar\u00e1 y fluir\u00e1 de forma natural seg\u00fan sus movimientos. Este m\u00e9todo de funcionamiento intuitivo permite a los usuarios crear una interacci\u00f3n casi instintiva con el dispositivo, permiti\u00e9ndoles sentir el poder de la naturaleza.<\/p>\n<p>Cuenta con activaci\u00f3n por rotaci\u00f3n de 360\u00b0, salida de humo sin contacto y filtraci\u00f3n de agua permeable.<\/p>\n<p>Calentamiento el\u00e9ctrico de cer\u00e1mica: abandone el tedio y la incertidumbre del fuego de carb\u00f3n tradicional, El elemento de calentamiento de cer\u00e1mica de alta calidad incorporado alcanza la temperatura ideal en segundos, liberando uniformemente el sabor del tabaco o la pasta de shisha.<\/p>\n<p>Soporte de energ\u00eda de larga duraci\u00f3n: equipado con una bater\u00eda recargable de gran capacidad, una sola carga puede soportar varias horas de uso continuo,<\/p>\n<p>Port\u00e1til y est\u00e9tico: un dise\u00f1o aerodin\u00e1mico con materiales de alta calidad, le permite sentir la calidad de gama alta.<\/p>","protected":false},"excerpt":{"rendered":"<p>Esta es definitivamente la mejor Gravity Electric Hookah de la historia, por dos razones: dice adi\u00f3s a la complicada preparaci\u00f3n de<\/p>","protected":false},"featured_media":32029,"comment_status":"closed","ping_status":"closed","template":"","meta":{"iawp_total_views":31,"_joinchat":[]},"product_brand":[],"product_cat":[561,920,119],"product_tag":[],"class_list":{"0":"post-32026","1":"product","2":"type-product","3":"status-publish","4":"has-post-thumbnail","6":"product_cat-electric-hookah-wholesale","7":"product_cat-gravity-hookah-wholesale","8":"product_cat-wholesale-hookah","10":"first","11":"instock","12":"shipping-taxable","13":"product-type-external"},"yoast_head":"<!-- This site is optimized with the Yoast SEO Premium plugin v24.7 (Yoast SEO v26.8) - https:\/\/yoast.com\/product\/yoast-seo-premium-wordpress\/ -->\n<title>Wholesale Gravity Electric Hookah - Global Hookah<\/title>\n<meta name=\"robots\" content=\"index, follow, max-snippet:-1, max-image-preview:large, max-video-preview:-1\" \/>\n<link rel=\"canonical\" href=\"https:\/\/global-hookah.com\/es\/producto\/wholesale-gravity-electric-hookah\/\" \/>\n<meta property=\"og:locale\" content=\"es_ES\" \/>\n<meta property=\"og:type\" content=\"article\" \/>\n<meta property=\"og:title\" content=\"Wholesale Gravity Electric Hookah\" \/>\n<meta property=\"og:description\" content=\"This is definitely the best Gravity Electric Hookah ever, for two reasons: it says goodbye to the complicated preparation of\" \/>\n<meta property=\"og:url\" content=\"https:\/\/global-hookah.com\/es\/producto\/wholesale-gravity-electric-hookah\/\" \/>\n<meta property=\"og:site_name\" content=\"Global Hookah\" \/>\n<meta property=\"article:modified_time\" content=\"2025-03-21T00:47:24+00:00\" \/>\n<meta property=\"og:image\" content=\"https:\/\/global-hookah.com\/wp-content\/uploads\/2025\/03\/H9fa817c1555947c7b9eec3f6f05a6fb2H.png\" \/>\n\t<meta property=\"og:image:width\" content=\"800\" \/>\n\t<meta property=\"og:image:height\" content=\"800\" \/>\n\t<meta property=\"og:image:type\" content=\"image\/png\" \/>\n<meta name=\"twitter:card\" content=\"summary_large_image\" \/>\n<meta name=\"twitter:label1\" content=\"Tiempo de lectura\" \/>\n\t<meta name=\"twitter:data1\" content=\"1 minuto\" \/>\n<script type=\"application\/ld+json\" class=\"yoast-schema-graph\">{\"@context\":\"https:\/\/schema.org\",\"@graph\":[{\"@type\":\"WebPage\",\"@id\":\"https:\/\/global-hookah.com\/product\/wholesale-gravity-electric-hookah\/\",\"url\":\"https:\/\/global-hookah.com\/product\/wholesale-gravity-electric-hookah\/\",\"name\":\"Wholesale Gravity Electric Hookah - Global Hookah\",\"isPartOf\":{\"@id\":\"https:\/\/global-hookah.com\/#website\"},\"primaryImageOfPage\":{\"@id\":\"https:\/\/global-hookah.com\/product\/wholesale-gravity-electric-hookah\/#primaryimage\"},\"image\":{\"@id\":\"https:\/\/global-hookah.com\/product\/wholesale-gravity-electric-hookah\/#primaryimage\"},\"thumbnailUrl\":\"https:\/\/global-hookah.com\/wp-content\/uploads\/2025\/03\/H9fa817c1555947c7b9eec3f6f05a6fb2H.png\",\"datePublished\":\"2025-03-20T02:43:10+00:00\",\"dateModified\":\"2025-03-21T00:47:24+00:00\",\"breadcrumb\":{\"@id\":\"https:\/\/global-hookah.com\/product\/wholesale-gravity-electric-hookah\/#breadcrumb\"},\"inLanguage\":\"es\",\"potentialAction\":[{\"@type\":\"ReadAction\",\"target\":[\"https:\/\/global-hookah.com\/product\/wholesale-gravity-electric-hookah\/\"]}]},{\"@type\":\"ImageObject\",\"inLanguage\":\"es\",\"@id\":\"https:\/\/global-hookah.com\/product\/wholesale-gravity-electric-hookah\/#primaryimage\",\"url\":\"https:\/\/global-hookah.com\/wp-content\/uploads\/2025\/03\/H9fa817c1555947c7b9eec3f6f05a6fb2H.png\",\"contentUrl\":\"https:\/\/global-hookah.com\/wp-content\/uploads\/2025\/03\/H9fa817c1555947c7b9eec3f6f05a6fb2H.png\",\"width\":800,\"height\":800,\"caption\":\"Wholesale Gravity Electric Hookah\"},{\"@type\":\"BreadcrumbList\",\"@id\":\"https:\/\/global-hookah.com\/product\/wholesale-gravity-electric-hookah\/#breadcrumb\",\"itemListElement\":[{\"@type\":\"ListItem\",\"position\":1,\"name\":\"Home\",\"item\":\"https:\/\/global-hookah.com\/\"},{\"@type\":\"ListItem\",\"position\":2,\"name\":\"Shop\",\"item\":\"https:\/\/global-hookah.com\/shop\/\"},{\"@type\":\"ListItem\",\"position\":3,\"name\":\"Wholesale Gravity Electric Hookah\"}]},{\"@type\":\"WebSite\",\"@id\":\"https:\/\/global-hookah.com\/#website\",\"url\":\"https:\/\/global-hookah.com\/\",\"name\":\"Global Hookah\",\"description\":\"Global Hookah\",\"publisher\":{\"@id\":\"https:\/\/global-hookah.com\/#organization\"},\"potentialAction\":[{\"@type\":\"SearchAction\",\"target\":{\"@type\":\"EntryPoint\",\"urlTemplate\":\"https:\/\/global-hookah.com\/?s={search_term_string}\"},\"query-input\":{\"@type\":\"PropertyValueSpecification\",\"valueRequired\":true,\"valueName\":\"search_term_string\"}}],\"inLanguage\":\"es\"},{\"@type\":\"Organization\",\"@id\":\"https:\/\/global-hookah.com\/#organization\",\"name\":\"Global Hookah\",\"url\":\"https:\/\/global-hookah.com\/\",\"logo\":{\"@type\":\"ImageObject\",\"inLanguage\":\"es\",\"@id\":\"https:\/\/global-hookah.com\/#\/schema\/logo\/image\/\",\"url\":\"https:\/\/global-hookah.com\/wp-content\/uploads\/2021\/10\/cropped-fgg.png\",\"contentUrl\":\"https:\/\/global-hookah.com\/wp-content\/uploads\/2021\/10\/cropped-fgg.png\",\"width\":512,\"height\":512,\"caption\":\"Global Hookah\"},\"image\":{\"@id\":\"https:\/\/global-hookah.com\/#\/schema\/logo\/image\/\"}}]}<\/script>\n<!-- \/ Yoast SEO Premium plugin. -->","yoast_head_json":{"title":"Mayorista Gravity Electric Hookah - Global Hookah","robots":{"index":"index","follow":"follow","max-snippet":"max-snippet:-1","max-image-preview":"max-image-preview:large","max-video-preview":"max-video-preview:-1"},"canonical":"https:\/\/global-hookah.com\/es\/producto\/wholesale-gravity-electric-hookah\/","og_locale":"es_ES","og_type":"article","og_title":"Wholesale Gravity Electric Hookah","og_description":"This is definitely the best Gravity Electric Hookah ever, for two reasons: it says goodbye to the complicated preparation of","og_url":"https:\/\/global-hookah.com\/es\/producto\/wholesale-gravity-electric-hookah\/","og_site_name":"Global Hookah","article_modified_time":"2025-03-21T00:47:24+00:00","og_image":[{"width":800,"height":800,"url":"https:\/\/global-hookah.com\/wp-content\/uploads\/2025\/03\/H9fa817c1555947c7b9eec3f6f05a6fb2H.png","type":"image\/png"}],"twitter_card":"summary_large_image","twitter_misc":{"Tiempo de lectura":"1 minuto"},"schema":{"@context":"https:\/\/schema.org","@graph":[{"@type":"WebPage","@id":"https:\/\/global-hookah.com\/product\/wholesale-gravity-electric-hookah\/","url":"https:\/\/global-hookah.com\/product\/wholesale-gravity-electric-hookah\/","name":"Mayorista Gravity Electric Hookah - Global Hookah","isPartOf":{"@id":"https:\/\/global-hookah.com\/#website"},"primaryImageOfPage":{"@id":"https:\/\/global-hookah.com\/product\/wholesale-gravity-electric-hookah\/#primaryimage"},"image":{"@id":"https:\/\/global-hookah.com\/product\/wholesale-gravity-electric-hookah\/#primaryimage"},"thumbnailUrl":"https:\/\/global-hookah.com\/wp-content\/uploads\/2025\/03\/H9fa817c1555947c7b9eec3f6f05a6fb2H.png","datePublished":"2025-03-20T02:43:10+00:00","dateModified":"2025-03-21T00:47:24+00:00","breadcrumb":{"@id":"https:\/\/global-hookah.com\/product\/wholesale-gravity-electric-hookah\/#breadcrumb"},"inLanguage":"es","potentialAction":[{"@type":"ReadAction","target":["https:\/\/global-hookah.com\/product\/wholesale-gravity-electric-hookah\/"]}]},{"@type":"ImageObject","inLanguage":"es","@id":"https:\/\/global-hookah.com\/product\/wholesale-gravity-electric-hookah\/#primaryimage","url":"https:\/\/global-hookah.com\/wp-content\/uploads\/2025\/03\/H9fa817c1555947c7b9eec3f6f05a6fb2H.png","contentUrl":"https:\/\/global-hookah.com\/wp-content\/uploads\/2025\/03\/H9fa817c1555947c7b9eec3f6f05a6fb2H.png","width":800,"height":800,"caption":"Wholesale Gravity Electric Hookah"},{"@type":"BreadcrumbList","@id":"https:\/\/global-hookah.com\/product\/wholesale-gravity-electric-hookah\/#breadcrumb","itemListElement":[{"@type":"ListItem","position":1,"name":"Home","item":"https:\/\/global-hookah.com\/"},{"@type":"ListItem","position":2,"name":"Shop","item":"https:\/\/global-hookah.com\/shop\/"},{"@type":"ListItem","position":3,"name":"Wholesale Gravity Electric Hookah"}]},{"@type":"WebSite","@id":"https:\/\/global-hookah.com\/#website","url":"https:\/\/global-hookah.com\/","name":"Global Hookah","description":"Global Hookah","publisher":{"@id":"https:\/\/global-hookah.com\/#organization"},"potentialAction":[{"@type":"SearchAction","target":{"@type":"EntryPoint","urlTemplate":"https:\/\/global-hookah.com\/?s={search_term_string}"},"query-input":{"@type":"PropertyValueSpecification","valueRequired":true,"valueName":"search_term_string"}}],"inLanguage":"es"},{"@type":"Organization","@id":"https:\/\/global-hookah.com\/#organization","name":"Global Hookah","url":"https:\/\/global-hookah.com\/","logo":{"@type":"ImageObject","inLanguage":"es","@id":"https:\/\/global-hookah.com\/#\/schema\/logo\/image\/","url":"https:\/\/global-hookah.com\/wp-content\/uploads\/2021\/10\/cropped-fgg.png","contentUrl":"https:\/\/global-hookah.com\/wp-content\/uploads\/2021\/10\/cropped-fgg.png","width":512,"height":512,"caption":"Global Hookah"},"image":{"@id":"https:\/\/global-hookah.com\/#\/schema\/logo\/image\/"}}]}},"_links":{"self":[{"href":"https:\/\/global-hookah.com\/es\/wp-json\/wp\/v2\/product\/32026","targetHints":{"allow":["GET"]}}],"collection":[{"href":"https:\/\/global-hookah.com\/es\/wp-json\/wp\/v2\/product"}],"about":[{"href":"https:\/\/global-hookah.com\/es\/wp-json\/wp\/v2\/types\/product"}],"replies":[{"embeddable":true,"href":"https:\/\/global-hookah.com\/es\/wp-json\/wp\/v2\/comments?post=32026"}],"version-history":[{"count":0,"href":"https:\/\/global-hookah.com\/es\/wp-json\/wp\/v2\/product\/32026\/revisions"}],"wp:featuredmedia":[{"embeddable":true,"href":"https:\/\/global-hookah.com\/es\/wp-json\/wp\/v2\/media\/32029"}],"wp:attachment":[{"href":"https:\/\/global-hookah.com\/es\/wp-json\/wp\/v2\/media?parent=32026"}],"wp:term":[{"taxonomy":"product_brand","embeddable":true,"href":"https:\/\/global-hookah.com\/es\/wp-json\/wp\/v2\/product_brand?post=32026"},{"taxonomy":"product_cat","embeddable":true,"href":"https:\/\/global-hookah.com\/es\/wp-json\/wp\/v2\/product_cat?post=32026"},{"taxonomy":"product_tag","embeddable":true,"href":"https:\/\/global-hookah.com\/es\/wp-json\/wp\/v2\/product_tag?post=32026"}],"curies":[{"name":"wp","href":"https:\/\/api.w.org\/{rel}","templated":true}]}}