{"id":32405,"date":"2025-05-04T03:37:41","date_gmt":"2025-05-04T03:37:41","guid":{"rendered":"https:\/\/global-hookah.com\/?post_type=product&#038;p=32405"},"modified":"2025-05-04T03:37:42","modified_gmt":"2025-05-04T03:37:42","slug":"oaps-hookah-plsoifgj","status":"publish","type":"product","link":"https:\/\/global-hookah.com\/es\/producto\/oaps-hookah-plsoifgj\/","title":{"rendered":"OAPS HOOKAH PLSOIFGJ"},"content":{"rendered":"<p>Estos productos son adecuados para muchos tipos de usuarios, incluidos los usuarios veteranos de cigarrillos electr\u00f3nicos que quieren reducir su consumo de nicotina, los que est\u00e1n tratando de dejar de fumar y los no fumadores que est\u00e1n interesados en los cigarrillos electr\u00f3nicos, pero no quieren estar expuestos a la nicotina. Para los no fumadores, los e-l\u00edquidos sin nicotina de VaporFi ofrecen una opci\u00f3n de entrada amigable, y estos productos tienden a venderse en cantidades m\u00e1s peque\u00f1as que los e-l\u00edquidos que contienen nicotina, por lo que a menudo aparecen en las liquidaciones. Los usuarios pueden ahorrar costes comprando e-l\u00edquidos de 0mg de nicotina con descuento, como mezclar 0mg\/mL con 6mg\/mL para obtener una concentraci\u00f3n de 3mg\/mL, con un coste tan bajo como $1 por botella grande. Adem\u00e1s, los e-l\u00edquidos sin nicotina generalmente proporcionan una experiencia m\u00e1s suave sin el golpe de garganta causado por la nicotina, permitiendo a los usuarios centrarse m\u00e1s en el sabor, el calor y el humo sin irritaci\u00f3n.<\/p>","protected":false},"excerpt":{"rendered":"<p>Estos productos son adecuados para muchos tipos de usuarios, incluidos los usuarios veteranos de cigarrillos electr\u00f3nicos que desean reducir su consumo de nicotina,<\/p>","protected":false},"featured_media":32344,"comment_status":"closed","ping_status":"closed","template":"","meta":{"iawp_total_views":3,"_joinchat":[]},"product_brand":[],"product_cat":[415],"product_tag":[],"class_list":{"0":"post-32405","1":"product","2":"type-product","3":"status-publish","4":"has-post-thumbnail","6":"product_cat-accessories","8":"first","9":"instock","10":"shipping-taxable","11":"product-type-simple"},"yoast_head":"<!-- This site is optimized with the Yoast SEO Premium plugin v24.7 (Yoast SEO v26.8) - https:\/\/yoast.com\/product\/yoast-seo-premium-wordpress\/ -->\n<title>OAPS HOOKAH PLSOIFGJ - Global Hookah<\/title>\n<meta name=\"robots\" content=\"index, follow, max-snippet:-1, max-image-preview:large, max-video-preview:-1\" \/>\n<link rel=\"canonical\" href=\"https:\/\/global-hookah.com\/es\/producto\/oaps-hookah-plsoifgj\/\" \/>\n<meta property=\"og:locale\" content=\"es_ES\" \/>\n<meta property=\"og:type\" content=\"article\" \/>\n<meta property=\"og:title\" content=\"OAPS HOOKAH PLSOIFGJ\" \/>\n<meta property=\"og:description\" content=\"These products are suitable for many types of users, including veteran e-cigarette users who want to reduce their nicotine intake,\" \/>\n<meta property=\"og:url\" content=\"https:\/\/global-hookah.com\/es\/producto\/oaps-hookah-plsoifgj\/\" \/>\n<meta property=\"og:site_name\" content=\"Global Hookah\" \/>\n<meta property=\"article:modified_time\" content=\"2025-05-04T03:37:42+00:00\" \/>\n<meta property=\"og:image\" content=\"https:\/\/global-hookah.com\/wp-content\/uploads\/2025\/04\/O1CN01MLgpCY20jqEsY1a6H_2217492936886-0-cib.jpg\" \/>\n\t<meta property=\"og:image:width\" content=\"1600\" \/>\n\t<meta property=\"og:image:height\" content=\"1600\" \/>\n\t<meta property=\"og:image:type\" content=\"image\/jpeg\" \/>\n<meta name=\"twitter:card\" content=\"summary_large_image\" \/>\n<meta name=\"twitter:label1\" content=\"Tiempo de lectura\" \/>\n\t<meta name=\"twitter:data1\" content=\"1 minuto\" \/>\n<script type=\"application\/ld+json\" class=\"yoast-schema-graph\">{\"@context\":\"https:\/\/schema.org\",\"@graph\":[{\"@type\":\"WebPage\",\"@id\":\"https:\/\/global-hookah.com\/product\/oaps-hookah-plsoifgj\/\",\"url\":\"https:\/\/global-hookah.com\/product\/oaps-hookah-plsoifgj\/\",\"name\":\"OAPS HOOKAH PLSOIFGJ - Global Hookah\",\"isPartOf\":{\"@id\":\"https:\/\/global-hookah.com\/#website\"},\"primaryImageOfPage\":{\"@id\":\"https:\/\/global-hookah.com\/product\/oaps-hookah-plsoifgj\/#primaryimage\"},\"image\":{\"@id\":\"https:\/\/global-hookah.com\/product\/oaps-hookah-plsoifgj\/#primaryimage\"},\"thumbnailUrl\":\"https:\/\/global-hookah.com\/wp-content\/uploads\/2025\/04\/O1CN01MLgpCY20jqEsY1a6H_2217492936886-0-cib.jpg\",\"datePublished\":\"2025-05-04T03:37:41+00:00\",\"dateModified\":\"2025-05-04T03:37:42+00:00\",\"breadcrumb\":{\"@id\":\"https:\/\/global-hookah.com\/product\/oaps-hookah-plsoifgj\/#breadcrumb\"},\"inLanguage\":\"es\",\"potentialAction\":[{\"@type\":\"ReadAction\",\"target\":[\"https:\/\/global-hookah.com\/product\/oaps-hookah-plsoifgj\/\"]}]},{\"@type\":\"ImageObject\",\"inLanguage\":\"es\",\"@id\":\"https:\/\/global-hookah.com\/product\/oaps-hookah-plsoifgj\/#primaryimage\",\"url\":\"https:\/\/global-hookah.com\/wp-content\/uploads\/2025\/04\/O1CN01MLgpCY20jqEsY1a6H_2217492936886-0-cib.jpg\",\"contentUrl\":\"https:\/\/global-hookah.com\/wp-content\/uploads\/2025\/04\/O1CN01MLgpCY20jqEsY1a6H_2217492936886-0-cib.jpg\",\"width\":1600,\"height\":1600,\"caption\":\"Wholesale Skull Marijuana Metal Pipe With Lid\"},{\"@type\":\"BreadcrumbList\",\"@id\":\"https:\/\/global-hookah.com\/product\/oaps-hookah-plsoifgj\/#breadcrumb\",\"itemListElement\":[{\"@type\":\"ListItem\",\"position\":1,\"name\":\"Home\",\"item\":\"https:\/\/global-hookah.com\/\"},{\"@type\":\"ListItem\",\"position\":2,\"name\":\"Shop\",\"item\":\"https:\/\/global-hookah.com\/shop\/\"},{\"@type\":\"ListItem\",\"position\":3,\"name\":\"OAPS HOOKAH PLSOIFGJ\"}]},{\"@type\":\"WebSite\",\"@id\":\"https:\/\/global-hookah.com\/#website\",\"url\":\"https:\/\/global-hookah.com\/\",\"name\":\"Global Hookah\",\"description\":\"Global Hookah\",\"publisher\":{\"@id\":\"https:\/\/global-hookah.com\/#organization\"},\"potentialAction\":[{\"@type\":\"SearchAction\",\"target\":{\"@type\":\"EntryPoint\",\"urlTemplate\":\"https:\/\/global-hookah.com\/?s={search_term_string}\"},\"query-input\":{\"@type\":\"PropertyValueSpecification\",\"valueRequired\":true,\"valueName\":\"search_term_string\"}}],\"inLanguage\":\"es\"},{\"@type\":\"Organization\",\"@id\":\"https:\/\/global-hookah.com\/#organization\",\"name\":\"Global Hookah\",\"url\":\"https:\/\/global-hookah.com\/\",\"logo\":{\"@type\":\"ImageObject\",\"inLanguage\":\"es\",\"@id\":\"https:\/\/global-hookah.com\/#\/schema\/logo\/image\/\",\"url\":\"https:\/\/global-hookah.com\/wp-content\/uploads\/2021\/10\/cropped-fgg.png\",\"contentUrl\":\"https:\/\/global-hookah.com\/wp-content\/uploads\/2021\/10\/cropped-fgg.png\",\"width\":512,\"height\":512,\"caption\":\"Global Hookah\"},\"image\":{\"@id\":\"https:\/\/global-hookah.com\/#\/schema\/logo\/image\/\"}}]}<\/script>\n<!-- \/ Yoast SEO Premium plugin. -->","yoast_head_json":{"title":"OAPS HOOKAH PLSOIFGJ - Global Hookah","robots":{"index":"index","follow":"follow","max-snippet":"max-snippet:-1","max-image-preview":"max-image-preview:large","max-video-preview":"max-video-preview:-1"},"canonical":"https:\/\/global-hookah.com\/es\/producto\/oaps-hookah-plsoifgj\/","og_locale":"es_ES","og_type":"article","og_title":"OAPS HOOKAH PLSOIFGJ","og_description":"These products are suitable for many types of users, including veteran e-cigarette users who want to reduce their nicotine intake,","og_url":"https:\/\/global-hookah.com\/es\/producto\/oaps-hookah-plsoifgj\/","og_site_name":"Global Hookah","article_modified_time":"2025-05-04T03:37:42+00:00","og_image":[{"width":1600,"height":1600,"url":"https:\/\/global-hookah.com\/wp-content\/uploads\/2025\/04\/O1CN01MLgpCY20jqEsY1a6H_2217492936886-0-cib.jpg","type":"image\/jpeg"}],"twitter_card":"summary_large_image","twitter_misc":{"Tiempo de lectura":"1 minuto"},"schema":{"@context":"https:\/\/schema.org","@graph":[{"@type":"WebPage","@id":"https:\/\/global-hookah.com\/product\/oaps-hookah-plsoifgj\/","url":"https:\/\/global-hookah.com\/product\/oaps-hookah-plsoifgj\/","name":"OAPS HOOKAH PLSOIFGJ - Global Hookah","isPartOf":{"@id":"https:\/\/global-hookah.com\/#website"},"primaryImageOfPage":{"@id":"https:\/\/global-hookah.com\/product\/oaps-hookah-plsoifgj\/#primaryimage"},"image":{"@id":"https:\/\/global-hookah.com\/product\/oaps-hookah-plsoifgj\/#primaryimage"},"thumbnailUrl":"https:\/\/global-hookah.com\/wp-content\/uploads\/2025\/04\/O1CN01MLgpCY20jqEsY1a6H_2217492936886-0-cib.jpg","datePublished":"2025-05-04T03:37:41+00:00","dateModified":"2025-05-04T03:37:42+00:00","breadcrumb":{"@id":"https:\/\/global-hookah.com\/product\/oaps-hookah-plsoifgj\/#breadcrumb"},"inLanguage":"es","potentialAction":[{"@type":"ReadAction","target":["https:\/\/global-hookah.com\/product\/oaps-hookah-plsoifgj\/"]}]},{"@type":"ImageObject","inLanguage":"es","@id":"https:\/\/global-hookah.com\/product\/oaps-hookah-plsoifgj\/#primaryimage","url":"https:\/\/global-hookah.com\/wp-content\/uploads\/2025\/04\/O1CN01MLgpCY20jqEsY1a6H_2217492936886-0-cib.jpg","contentUrl":"https:\/\/global-hookah.com\/wp-content\/uploads\/2025\/04\/O1CN01MLgpCY20jqEsY1a6H_2217492936886-0-cib.jpg","width":1600,"height":1600,"caption":"Wholesale Skull Marijuana Metal Pipe With Lid"},{"@type":"BreadcrumbList","@id":"https:\/\/global-hookah.com\/product\/oaps-hookah-plsoifgj\/#breadcrumb","itemListElement":[{"@type":"ListItem","position":1,"name":"Home","item":"https:\/\/global-hookah.com\/"},{"@type":"ListItem","position":2,"name":"Shop","item":"https:\/\/global-hookah.com\/shop\/"},{"@type":"ListItem","position":3,"name":"OAPS HOOKAH PLSOIFGJ"}]},{"@type":"WebSite","@id":"https:\/\/global-hookah.com\/#website","url":"https:\/\/global-hookah.com\/","name":"Global Hookah","description":"Global Hookah","publisher":{"@id":"https:\/\/global-hookah.com\/#organization"},"potentialAction":[{"@type":"SearchAction","target":{"@type":"EntryPoint","urlTemplate":"https:\/\/global-hookah.com\/?s={search_term_string}"},"query-input":{"@type":"PropertyValueSpecification","valueRequired":true,"valueName":"search_term_string"}}],"inLanguage":"es"},{"@type":"Organization","@id":"https:\/\/global-hookah.com\/#organization","name":"Global Hookah","url":"https:\/\/global-hookah.com\/","logo":{"@type":"ImageObject","inLanguage":"es","@id":"https:\/\/global-hookah.com\/#\/schema\/logo\/image\/","url":"https:\/\/global-hookah.com\/wp-content\/uploads\/2021\/10\/cropped-fgg.png","contentUrl":"https:\/\/global-hookah.com\/wp-content\/uploads\/2021\/10\/cropped-fgg.png","width":512,"height":512,"caption":"Global Hookah"},"image":{"@id":"https:\/\/global-hookah.com\/#\/schema\/logo\/image\/"}}]}},"_links":{"self":[{"href":"https:\/\/global-hookah.com\/es\/wp-json\/wp\/v2\/product\/32405","targetHints":{"allow":["GET"]}}],"collection":[{"href":"https:\/\/global-hookah.com\/es\/wp-json\/wp\/v2\/product"}],"about":[{"href":"https:\/\/global-hookah.com\/es\/wp-json\/wp\/v2\/types\/product"}],"replies":[{"embeddable":true,"href":"https:\/\/global-hookah.com\/es\/wp-json\/wp\/v2\/comments?post=32405"}],"version-history":[{"count":0,"href":"https:\/\/global-hookah.com\/es\/wp-json\/wp\/v2\/product\/32405\/revisions"}],"wp:featuredmedia":[{"embeddable":true,"href":"https:\/\/global-hookah.com\/es\/wp-json\/wp\/v2\/media\/32344"}],"wp:attachment":[{"href":"https:\/\/global-hookah.com\/es\/wp-json\/wp\/v2\/media?parent=32405"}],"wp:term":[{"taxonomy":"product_brand","embeddable":true,"href":"https:\/\/global-hookah.com\/es\/wp-json\/wp\/v2\/product_brand?post=32405"},{"taxonomy":"product_cat","embeddable":true,"href":"https:\/\/global-hookah.com\/es\/wp-json\/wp\/v2\/product_cat?post=32405"},{"taxonomy":"product_tag","embeddable":true,"href":"https:\/\/global-hookah.com\/es\/wp-json\/wp\/v2\/product_tag?post=32405"}],"curies":[{"name":"wp","href":"https:\/\/api.w.org\/{rel}","templated":true}]}}