{"id":32436,"date":"2025-05-05T02:55:43","date_gmt":"2025-05-05T02:55:43","guid":{"rendered":"https:\/\/global-hookah.com\/product\/cheap-egyptian-hookah-wholesale\/"},"modified":"2025-05-06T01:51:30","modified_gmt":"2025-05-06T01:51:30","slug":"cheap-egyptian-hookah-wholesale","status":"publish","type":"product","link":"https:\/\/global-hookah.com\/es\/producto\/cheap-egyptian-hookah-wholesale\/","title":{"rendered":"Hookah egipcio barato al por mayor"},"content":{"rendered":"<p>Olv\u00eddese de los dise\u00f1os poco inspirados. Pruebe nuestros<strong> Hookah egipcio barato<\/strong> ! y puede revestirse con vistosos acabados anodizados, como oro rosa, cromo o negro mate, que ofrecen una elegancia moderna mezclada con artesan\u00eda tradicional. La base de cristal, fabricada con <a href=\"https:\/\/global-hookah.com\/product\/borosilicate-glass-bong-wholesale\/\">vidrio borosilicato<\/a>tambi\u00e9n se puede personalizar y est\u00e1 disponible en m\u00faltiples dise\u00f1os y tonalidades.<\/p>\n<p>La manguera de silicona y el resto del <strong>Hookah egipcio<\/strong> est\u00e1n fabricados con materiales certificados de calidad alimentaria, lo que garantiza una experiencia pura y no t\u00f3xica. Proteger su salud es nuestro principal objetivo y puede estar seguro de que <a href=\"https:\/\/global-hookah.com\/product\/glass-and-metal-2-hose-hookah-set-dual-hose-arab-shisha-pipe-with-black-glass-base-no-electricity-needed-for-traditional-smoking-experience\/\">fumar con nosotros har\u00e1 que su experiencia<\/a> agradable. Con nuestro avanzado sistema de gesti\u00f3n del calor, junto con nuestro tabaco cuidadosamente empaquetado, las n\u00e1useas o cualquier molestia por sobrecalentamiento se minimizan significativamente. Cada calada es segura, relajante y agradable.<\/p>","protected":false},"excerpt":{"rendered":"<p>Olv\u00eddese de los dise\u00f1os poco inspirados. Ven a probar nuestro barato Hookah egipcio ! y puede ser cubierto con acabados anodizados de colores tales<\/p>","protected":false},"featured_media":32437,"comment_status":"open","ping_status":"closed","template":"","meta":{"iawp_total_views":17,"_joinchat":[]},"product_brand":[],"product_cat":[560,119],"product_tag":[],"class_list":{"0":"post-32436","1":"product","2":"type-product","3":"status-publish","4":"has-post-thumbnail","6":"product_cat-glass-hookah-wholesale","7":"product_cat-wholesale-hookah","9":"first","10":"instock","11":"shipping-taxable","12":"product-type-external"},"yoast_head":"<!-- This site is optimized with the Yoast SEO Premium plugin v24.7 (Yoast SEO v26.8) - https:\/\/yoast.com\/product\/yoast-seo-premium-wordpress\/ -->\n<title>Cheap Egyptian Hookah Wholesale - Global Hookah<\/title>\n<meta name=\"robots\" content=\"index, follow, max-snippet:-1, max-image-preview:large, max-video-preview:-1\" \/>\n<link rel=\"canonical\" href=\"https:\/\/global-hookah.com\/es\/producto\/cheap-egyptian-hookah-wholesale\/\" \/>\n<meta property=\"og:locale\" content=\"es_ES\" \/>\n<meta property=\"og:type\" content=\"article\" \/>\n<meta property=\"og:title\" content=\"Cheap Egyptian Hookah Wholesale\" \/>\n<meta property=\"og:description\" content=\"Forget about uninspired designs. Come try our Cheap Egyptian Hookah ! and can be covered with colorful anodized finishes such\" \/>\n<meta property=\"og:url\" content=\"https:\/\/global-hookah.com\/es\/producto\/cheap-egyptian-hookah-wholesale\/\" \/>\n<meta property=\"og:site_name\" content=\"Global Hookah\" \/>\n<meta property=\"article:modified_time\" content=\"2025-05-06T01:51:30+00:00\" \/>\n<meta property=\"og:image\" content=\"https:\/\/global-hookah.com\/wp-content\/uploads\/2025\/05\/O1CN0111fTfO2Ii9xRHplnA_3927179319-0-cib.jpg\" \/>\n\t<meta property=\"og:image:width\" content=\"800\" \/>\n\t<meta property=\"og:image:height\" content=\"800\" \/>\n\t<meta property=\"og:image:type\" content=\"image\/jpeg\" \/>\n<meta name=\"twitter:card\" content=\"summary_large_image\" \/>\n<meta name=\"twitter:label1\" content=\"Tiempo de lectura\" \/>\n\t<meta name=\"twitter:data1\" content=\"1 minuto\" \/>\n<script type=\"application\/ld+json\" class=\"yoast-schema-graph\">{\"@context\":\"https:\/\/schema.org\",\"@graph\":[{\"@type\":\"WebPage\",\"@id\":\"https:\/\/global-hookah.com\/product\/cheap-egyptian-hookah-wholesale\/\",\"url\":\"https:\/\/global-hookah.com\/product\/cheap-egyptian-hookah-wholesale\/\",\"name\":\"Cheap Egyptian Hookah Wholesale - Global Hookah\",\"isPartOf\":{\"@id\":\"https:\/\/global-hookah.com\/#website\"},\"primaryImageOfPage\":{\"@id\":\"https:\/\/global-hookah.com\/product\/cheap-egyptian-hookah-wholesale\/#primaryimage\"},\"image\":{\"@id\":\"https:\/\/global-hookah.com\/product\/cheap-egyptian-hookah-wholesale\/#primaryimage\"},\"thumbnailUrl\":\"https:\/\/global-hookah.com\/wp-content\/uploads\/2025\/05\/O1CN0111fTfO2Ii9xRHplnA_3927179319-0-cib.jpg\",\"datePublished\":\"2025-05-05T02:55:43+00:00\",\"dateModified\":\"2025-05-06T01:51:30+00:00\",\"breadcrumb\":{\"@id\":\"https:\/\/global-hookah.com\/product\/cheap-egyptian-hookah-wholesale\/#breadcrumb\"},\"inLanguage\":\"es\",\"potentialAction\":[{\"@type\":\"ReadAction\",\"target\":[\"https:\/\/global-hookah.com\/product\/cheap-egyptian-hookah-wholesale\/\"]}]},{\"@type\":\"ImageObject\",\"inLanguage\":\"es\",\"@id\":\"https:\/\/global-hookah.com\/product\/cheap-egyptian-hookah-wholesale\/#primaryimage\",\"url\":\"https:\/\/global-hookah.com\/wp-content\/uploads\/2025\/05\/O1CN0111fTfO2Ii9xRHplnA_3927179319-0-cib.jpg\",\"contentUrl\":\"https:\/\/global-hookah.com\/wp-content\/uploads\/2025\/05\/O1CN0111fTfO2Ii9xRHplnA_3927179319-0-cib.jpg\",\"width\":800,\"height\":800},{\"@type\":\"BreadcrumbList\",\"@id\":\"https:\/\/global-hookah.com\/product\/cheap-egyptian-hookah-wholesale\/#breadcrumb\",\"itemListElement\":[{\"@type\":\"ListItem\",\"position\":1,\"name\":\"Home\",\"item\":\"https:\/\/global-hookah.com\/\"},{\"@type\":\"ListItem\",\"position\":2,\"name\":\"Shop\",\"item\":\"https:\/\/global-hookah.com\/shop\/\"},{\"@type\":\"ListItem\",\"position\":3,\"name\":\"Cheap Egyptian Hookah Wholesale\"}]},{\"@type\":\"WebSite\",\"@id\":\"https:\/\/global-hookah.com\/#website\",\"url\":\"https:\/\/global-hookah.com\/\",\"name\":\"Global Hookah\",\"description\":\"Global Hookah\",\"publisher\":{\"@id\":\"https:\/\/global-hookah.com\/#organization\"},\"potentialAction\":[{\"@type\":\"SearchAction\",\"target\":{\"@type\":\"EntryPoint\",\"urlTemplate\":\"https:\/\/global-hookah.com\/?s={search_term_string}\"},\"query-input\":{\"@type\":\"PropertyValueSpecification\",\"valueRequired\":true,\"valueName\":\"search_term_string\"}}],\"inLanguage\":\"es\"},{\"@type\":\"Organization\",\"@id\":\"https:\/\/global-hookah.com\/#organization\",\"name\":\"Global Hookah\",\"url\":\"https:\/\/global-hookah.com\/\",\"logo\":{\"@type\":\"ImageObject\",\"inLanguage\":\"es\",\"@id\":\"https:\/\/global-hookah.com\/#\/schema\/logo\/image\/\",\"url\":\"https:\/\/global-hookah.com\/wp-content\/uploads\/2021\/10\/cropped-fgg.png\",\"contentUrl\":\"https:\/\/global-hookah.com\/wp-content\/uploads\/2021\/10\/cropped-fgg.png\",\"width\":512,\"height\":512,\"caption\":\"Global Hookah\"},\"image\":{\"@id\":\"https:\/\/global-hookah.com\/#\/schema\/logo\/image\/\"}}]}<\/script>\n<!-- \/ Yoast SEO Premium plugin. -->","yoast_head_json":{"title":"Hookah egipcio barato al por mayor - Global Hookah","robots":{"index":"index","follow":"follow","max-snippet":"max-snippet:-1","max-image-preview":"max-image-preview:large","max-video-preview":"max-video-preview:-1"},"canonical":"https:\/\/global-hookah.com\/es\/producto\/cheap-egyptian-hookah-wholesale\/","og_locale":"es_ES","og_type":"article","og_title":"Cheap Egyptian Hookah Wholesale","og_description":"Forget about uninspired designs. Come try our Cheap Egyptian Hookah ! and can be covered with colorful anodized finishes such","og_url":"https:\/\/global-hookah.com\/es\/producto\/cheap-egyptian-hookah-wholesale\/","og_site_name":"Global Hookah","article_modified_time":"2025-05-06T01:51:30+00:00","og_image":[{"width":800,"height":800,"url":"https:\/\/global-hookah.com\/wp-content\/uploads\/2025\/05\/O1CN0111fTfO2Ii9xRHplnA_3927179319-0-cib.jpg","type":"image\/jpeg"}],"twitter_card":"summary_large_image","twitter_misc":{"Tiempo de lectura":"1 minuto"},"schema":{"@context":"https:\/\/schema.org","@graph":[{"@type":"WebPage","@id":"https:\/\/global-hookah.com\/product\/cheap-egyptian-hookah-wholesale\/","url":"https:\/\/global-hookah.com\/product\/cheap-egyptian-hookah-wholesale\/","name":"Hookah egipcio barato al por mayor - Global Hookah","isPartOf":{"@id":"https:\/\/global-hookah.com\/#website"},"primaryImageOfPage":{"@id":"https:\/\/global-hookah.com\/product\/cheap-egyptian-hookah-wholesale\/#primaryimage"},"image":{"@id":"https:\/\/global-hookah.com\/product\/cheap-egyptian-hookah-wholesale\/#primaryimage"},"thumbnailUrl":"https:\/\/global-hookah.com\/wp-content\/uploads\/2025\/05\/O1CN0111fTfO2Ii9xRHplnA_3927179319-0-cib.jpg","datePublished":"2025-05-05T02:55:43+00:00","dateModified":"2025-05-06T01:51:30+00:00","breadcrumb":{"@id":"https:\/\/global-hookah.com\/product\/cheap-egyptian-hookah-wholesale\/#breadcrumb"},"inLanguage":"es","potentialAction":[{"@type":"ReadAction","target":["https:\/\/global-hookah.com\/product\/cheap-egyptian-hookah-wholesale\/"]}]},{"@type":"ImageObject","inLanguage":"es","@id":"https:\/\/global-hookah.com\/product\/cheap-egyptian-hookah-wholesale\/#primaryimage","url":"https:\/\/global-hookah.com\/wp-content\/uploads\/2025\/05\/O1CN0111fTfO2Ii9xRHplnA_3927179319-0-cib.jpg","contentUrl":"https:\/\/global-hookah.com\/wp-content\/uploads\/2025\/05\/O1CN0111fTfO2Ii9xRHplnA_3927179319-0-cib.jpg","width":800,"height":800},{"@type":"BreadcrumbList","@id":"https:\/\/global-hookah.com\/product\/cheap-egyptian-hookah-wholesale\/#breadcrumb","itemListElement":[{"@type":"ListItem","position":1,"name":"Home","item":"https:\/\/global-hookah.com\/"},{"@type":"ListItem","position":2,"name":"Shop","item":"https:\/\/global-hookah.com\/shop\/"},{"@type":"ListItem","position":3,"name":"Cheap Egyptian Hookah Wholesale"}]},{"@type":"WebSite","@id":"https:\/\/global-hookah.com\/#website","url":"https:\/\/global-hookah.com\/","name":"Global Hookah","description":"Global Hookah","publisher":{"@id":"https:\/\/global-hookah.com\/#organization"},"potentialAction":[{"@type":"SearchAction","target":{"@type":"EntryPoint","urlTemplate":"https:\/\/global-hookah.com\/?s={search_term_string}"},"query-input":{"@type":"PropertyValueSpecification","valueRequired":true,"valueName":"search_term_string"}}],"inLanguage":"es"},{"@type":"Organization","@id":"https:\/\/global-hookah.com\/#organization","name":"Global Hookah","url":"https:\/\/global-hookah.com\/","logo":{"@type":"ImageObject","inLanguage":"es","@id":"https:\/\/global-hookah.com\/#\/schema\/logo\/image\/","url":"https:\/\/global-hookah.com\/wp-content\/uploads\/2021\/10\/cropped-fgg.png","contentUrl":"https:\/\/global-hookah.com\/wp-content\/uploads\/2021\/10\/cropped-fgg.png","width":512,"height":512,"caption":"Global Hookah"},"image":{"@id":"https:\/\/global-hookah.com\/#\/schema\/logo\/image\/"}}]}},"_links":{"self":[{"href":"https:\/\/global-hookah.com\/es\/wp-json\/wp\/v2\/product\/32436","targetHints":{"allow":["GET"]}}],"collection":[{"href":"https:\/\/global-hookah.com\/es\/wp-json\/wp\/v2\/product"}],"about":[{"href":"https:\/\/global-hookah.com\/es\/wp-json\/wp\/v2\/types\/product"}],"replies":[{"embeddable":true,"href":"https:\/\/global-hookah.com\/es\/wp-json\/wp\/v2\/comments?post=32436"}],"version-history":[{"count":0,"href":"https:\/\/global-hookah.com\/es\/wp-json\/wp\/v2\/product\/32436\/revisions"}],"wp:featuredmedia":[{"embeddable":true,"href":"https:\/\/global-hookah.com\/es\/wp-json\/wp\/v2\/media\/32437"}],"wp:attachment":[{"href":"https:\/\/global-hookah.com\/es\/wp-json\/wp\/v2\/media?parent=32436"}],"wp:term":[{"taxonomy":"product_brand","embeddable":true,"href":"https:\/\/global-hookah.com\/es\/wp-json\/wp\/v2\/product_brand?post=32436"},{"taxonomy":"product_cat","embeddable":true,"href":"https:\/\/global-hookah.com\/es\/wp-json\/wp\/v2\/product_cat?post=32436"},{"taxonomy":"product_tag","embeddable":true,"href":"https:\/\/global-hookah.com\/es\/wp-json\/wp\/v2\/product_tag?post=32436"}],"curies":[{"name":"wp","href":"https:\/\/api.w.org\/{rel}","templated":true}]}}