{"id":32456,"date":"2025-05-05T02:56:40","date_gmt":"2025-05-05T02:56:40","guid":{"rendered":"https:\/\/global-hookah.com\/product\/saudi-arabia-luxury-stainless-steel-hookah-wholesale\/"},"modified":"2025-05-06T01:31:43","modified_gmt":"2025-05-06T01:31:43","slug":"saudi-arabia-luxury-stainless-steel-hookah-wholesale","status":"publish","type":"product","link":"https:\/\/global-hookah.com\/es\/producto\/saudi-arabia-luxury-stainless-steel-hookah-wholesale\/","title":{"rendered":"Hookah de lujo de acero inoxidable de Arabia Saudita al por mayor"},"content":{"rendered":"<p>Cada parte del <strong>Hookah de lujo de acero inoxidable<\/strong> incluyendo el v\u00e1stago, el coraz\u00f3n, el tubo superior y los conectores, han sido fabricados con precisi\u00f3n a partir de acero inoxidable quir\u00fargico de grado para soportar la oxidaci\u00f3n , bajo alta humedad. A diferencia de<a href=\"https:\/\/global-hookah.com\/\"> narguiles baratos<\/a> hecho de metales mixtos, utilizamos acero inoxidable 100% no s\u00f3lo para garantizar la calidad, sino tambi\u00e9n para conservar el sabor original del humo de narguile<\/p>\n<p>Adem\u00e1s, la construcci\u00f3n modular incorpora una amplia gama de componentes desmontables, incluida una v\u00e1lvula de purga y adaptadores de manguera que garantizan un desmontaje r\u00e1pido para una limpieza secundaria. Los usuarios podr\u00e1n limpiar el producto con agua caliente sin ning\u00fan problema. Las juntas que est\u00e1n hechas de <a href=\"https:\/\/global-hookah.com\/product\/food-grade-silicone-bong-wholesale\/\">silicona alimentaria<\/a>sellan el espacio entre la base de borosilicato de vidrio restante y las partes met\u00e1licas, imposibilitando el crecimiento bacteriano y garantizando al usuario un contenido fresco en cada uso.<\/p>\n<p>Con este<strong> Hookah de lujo de acero inoxidable<\/strong> Con este modelo, el usuario experimentar\u00e1 todo lo que la shisha tiene que ofrecer en toda su riqueza y suaves niveles de satisfacci\u00f3n. Con este modelo, los usuarios pueden personalizar las caracter\u00edsticas a\u00f1adidas como v\u00e1lvulas de purga con varilla y adaptadores de manguera para <a href=\"https:\/\/global-hookah.com\/product\/stainless-steel-led-remote-control-lamp-water-cigarette-pot-super-large-smoke-plate-wholesale\/\">controlar y personalizar el humo<\/a> textura requerida, ya sea apretada, turbia o arom\u00e1tica. El tallo descendente, \u00fanico y cuidadosamente dise\u00f1ado, enfr\u00eda el humo a una temperatura que evita las caladas duras y permite unas tiradas suaves y sedosas, as\u00ed como las versiones de varias mangueras de esta pipa. <strong>Hookah de lujo de acero inoxidable<\/strong>La distribuci\u00f3n uniforme del humo est\u00e1 garantizada, lo que hace que las sesiones de busto sean perfectas para todos los miembros del grupo.<\/p>","protected":false},"excerpt":{"rendered":"<p>Cada parte de la Hookah de lujo de acero inoxidable, incluyendo el tallo, el coraz\u00f3n, el tubo superior, y los conectores, han sido precisamente<\/p>","protected":false},"featured_media":32457,"comment_status":"open","ping_status":"closed","template":"","meta":{"iawp_total_views":14,"_joinchat":[]},"product_brand":[],"product_cat":[415],"product_tag":[],"class_list":{"0":"post-32456","1":"product","2":"type-product","3":"status-publish","4":"has-post-thumbnail","6":"product_cat-accessories","8":"first","9":"instock","10":"shipping-taxable","11":"product-type-external"},"yoast_head":"<!-- This site is optimized with the Yoast SEO Premium plugin v24.7 (Yoast SEO v26.8) - https:\/\/yoast.com\/product\/yoast-seo-premium-wordpress\/ -->\n<title>Saudi Arabia Luxury Stainless Steel Hookah Wholesale - Global Hookah<\/title>\n<meta name=\"robots\" content=\"index, follow, max-snippet:-1, max-image-preview:large, max-video-preview:-1\" \/>\n<link rel=\"canonical\" href=\"https:\/\/global-hookah.com\/es\/producto\/saudi-arabia-luxury-stainless-steel-hookah-wholesale\/\" \/>\n<meta property=\"og:locale\" content=\"es_ES\" \/>\n<meta property=\"og:type\" content=\"article\" \/>\n<meta property=\"og:title\" content=\"Saudi Arabia Luxury Stainless Steel Hookah Wholesale\" \/>\n<meta property=\"og:description\" content=\"Every part of the Luxury Stainless Steel Hookah , including the downstem, heart, upper tube, and connectors, have been precisely\" \/>\n<meta property=\"og:url\" content=\"https:\/\/global-hookah.com\/es\/producto\/saudi-arabia-luxury-stainless-steel-hookah-wholesale\/\" \/>\n<meta property=\"og:site_name\" content=\"Global Hookah\" \/>\n<meta property=\"article:modified_time\" content=\"2025-05-06T01:31:43+00:00\" \/>\n<meta property=\"og:image\" content=\"https:\/\/global-hookah.com\/wp-content\/uploads\/2025\/05\/O1CN01sBmyd82Ii9shYdkij_3927179319-0-cib.jpg\" \/>\n\t<meta property=\"og:image:width\" content=\"1170\" \/>\n\t<meta property=\"og:image:height\" content=\"1170\" \/>\n\t<meta property=\"og:image:type\" content=\"image\/jpeg\" \/>\n<meta name=\"twitter:card\" content=\"summary_large_image\" \/>\n<meta name=\"twitter:label1\" content=\"Tiempo de lectura\" \/>\n\t<meta name=\"twitter:data1\" content=\"1 minuto\" \/>\n<script type=\"application\/ld+json\" class=\"yoast-schema-graph\">{\"@context\":\"https:\/\/schema.org\",\"@graph\":[{\"@type\":\"WebPage\",\"@id\":\"https:\/\/global-hookah.com\/product\/saudi-arabia-luxury-stainless-steel-hookah-wholesale\/\",\"url\":\"https:\/\/global-hookah.com\/product\/saudi-arabia-luxury-stainless-steel-hookah-wholesale\/\",\"name\":\"Saudi Arabia Luxury Stainless Steel Hookah Wholesale - Global Hookah\",\"isPartOf\":{\"@id\":\"https:\/\/global-hookah.com\/#website\"},\"primaryImageOfPage\":{\"@id\":\"https:\/\/global-hookah.com\/product\/saudi-arabia-luxury-stainless-steel-hookah-wholesale\/#primaryimage\"},\"image\":{\"@id\":\"https:\/\/global-hookah.com\/product\/saudi-arabia-luxury-stainless-steel-hookah-wholesale\/#primaryimage\"},\"thumbnailUrl\":\"https:\/\/global-hookah.com\/wp-content\/uploads\/2025\/05\/O1CN01sBmyd82Ii9shYdkij_3927179319-0-cib.jpg\",\"datePublished\":\"2025-05-05T02:56:40+00:00\",\"dateModified\":\"2025-05-06T01:31:43+00:00\",\"breadcrumb\":{\"@id\":\"https:\/\/global-hookah.com\/product\/saudi-arabia-luxury-stainless-steel-hookah-wholesale\/#breadcrumb\"},\"inLanguage\":\"es\",\"potentialAction\":[{\"@type\":\"ReadAction\",\"target\":[\"https:\/\/global-hookah.com\/product\/saudi-arabia-luxury-stainless-steel-hookah-wholesale\/\"]}]},{\"@type\":\"ImageObject\",\"inLanguage\":\"es\",\"@id\":\"https:\/\/global-hookah.com\/product\/saudi-arabia-luxury-stainless-steel-hookah-wholesale\/#primaryimage\",\"url\":\"https:\/\/global-hookah.com\/wp-content\/uploads\/2025\/05\/O1CN01sBmyd82Ii9shYdkij_3927179319-0-cib.jpg\",\"contentUrl\":\"https:\/\/global-hookah.com\/wp-content\/uploads\/2025\/05\/O1CN01sBmyd82Ii9shYdkij_3927179319-0-cib.jpg\",\"width\":\"1170\",\"height\":\"1170\",\"caption\":\"Saudi Arabia Luxury Stainless Steel Hookah Wholesale\"},{\"@type\":\"BreadcrumbList\",\"@id\":\"https:\/\/global-hookah.com\/product\/saudi-arabia-luxury-stainless-steel-hookah-wholesale\/#breadcrumb\",\"itemListElement\":[{\"@type\":\"ListItem\",\"position\":1,\"name\":\"Home\",\"item\":\"https:\/\/global-hookah.com\/\"},{\"@type\":\"ListItem\",\"position\":2,\"name\":\"Shop\",\"item\":\"https:\/\/global-hookah.com\/shop\/\"},{\"@type\":\"ListItem\",\"position\":3,\"name\":\"Saudi Arabia Luxury Stainless Steel Hookah Wholesale\"}]},{\"@type\":\"WebSite\",\"@id\":\"https:\/\/global-hookah.com\/#website\",\"url\":\"https:\/\/global-hookah.com\/\",\"name\":\"Global Hookah\",\"description\":\"Global Hookah\",\"publisher\":{\"@id\":\"https:\/\/global-hookah.com\/#organization\"},\"potentialAction\":[{\"@type\":\"SearchAction\",\"target\":{\"@type\":\"EntryPoint\",\"urlTemplate\":\"https:\/\/global-hookah.com\/?s={search_term_string}\"},\"query-input\":{\"@type\":\"PropertyValueSpecification\",\"valueRequired\":true,\"valueName\":\"search_term_string\"}}],\"inLanguage\":\"es\"},{\"@type\":\"Organization\",\"@id\":\"https:\/\/global-hookah.com\/#organization\",\"name\":\"Global Hookah\",\"url\":\"https:\/\/global-hookah.com\/\",\"logo\":{\"@type\":\"ImageObject\",\"inLanguage\":\"es\",\"@id\":\"https:\/\/global-hookah.com\/#\/schema\/logo\/image\/\",\"url\":\"https:\/\/global-hookah.com\/wp-content\/uploads\/2021\/10\/cropped-fgg.png\",\"contentUrl\":\"https:\/\/global-hookah.com\/wp-content\/uploads\/2021\/10\/cropped-fgg.png\",\"width\":512,\"height\":512,\"caption\":\"Global Hookah\"},\"image\":{\"@id\":\"https:\/\/global-hookah.com\/#\/schema\/logo\/image\/\"}}]}<\/script>\n<!-- \/ Yoast SEO Premium plugin. -->","yoast_head_json":{"title":"Hookah de acero inoxidable de lujo de Arabia Saudita al por mayor - Global Hookah","robots":{"index":"index","follow":"follow","max-snippet":"max-snippet:-1","max-image-preview":"max-image-preview:large","max-video-preview":"max-video-preview:-1"},"canonical":"https:\/\/global-hookah.com\/es\/producto\/saudi-arabia-luxury-stainless-steel-hookah-wholesale\/","og_locale":"es_ES","og_type":"article","og_title":"Saudi Arabia Luxury Stainless Steel Hookah Wholesale","og_description":"Every part of the Luxury Stainless Steel Hookah , including the downstem, heart, upper tube, and connectors, have been precisely","og_url":"https:\/\/global-hookah.com\/es\/producto\/saudi-arabia-luxury-stainless-steel-hookah-wholesale\/","og_site_name":"Global Hookah","article_modified_time":"2025-05-06T01:31:43+00:00","og_image":[{"width":1170,"height":1170,"url":"https:\/\/global-hookah.com\/wp-content\/uploads\/2025\/05\/O1CN01sBmyd82Ii9shYdkij_3927179319-0-cib.jpg","type":"image\/jpeg"}],"twitter_card":"summary_large_image","twitter_misc":{"Tiempo de lectura":"1 minuto"},"schema":{"@context":"https:\/\/schema.org","@graph":[{"@type":"WebPage","@id":"https:\/\/global-hookah.com\/product\/saudi-arabia-luxury-stainless-steel-hookah-wholesale\/","url":"https:\/\/global-hookah.com\/product\/saudi-arabia-luxury-stainless-steel-hookah-wholesale\/","name":"Hookah de acero inoxidable de lujo de Arabia Saudita al por mayor - Global Hookah","isPartOf":{"@id":"https:\/\/global-hookah.com\/#website"},"primaryImageOfPage":{"@id":"https:\/\/global-hookah.com\/product\/saudi-arabia-luxury-stainless-steel-hookah-wholesale\/#primaryimage"},"image":{"@id":"https:\/\/global-hookah.com\/product\/saudi-arabia-luxury-stainless-steel-hookah-wholesale\/#primaryimage"},"thumbnailUrl":"https:\/\/global-hookah.com\/wp-content\/uploads\/2025\/05\/O1CN01sBmyd82Ii9shYdkij_3927179319-0-cib.jpg","datePublished":"2025-05-05T02:56:40+00:00","dateModified":"2025-05-06T01:31:43+00:00","breadcrumb":{"@id":"https:\/\/global-hookah.com\/product\/saudi-arabia-luxury-stainless-steel-hookah-wholesale\/#breadcrumb"},"inLanguage":"es","potentialAction":[{"@type":"ReadAction","target":["https:\/\/global-hookah.com\/product\/saudi-arabia-luxury-stainless-steel-hookah-wholesale\/"]}]},{"@type":"ImageObject","inLanguage":"es","@id":"https:\/\/global-hookah.com\/product\/saudi-arabia-luxury-stainless-steel-hookah-wholesale\/#primaryimage","url":"https:\/\/global-hookah.com\/wp-content\/uploads\/2025\/05\/O1CN01sBmyd82Ii9shYdkij_3927179319-0-cib.jpg","contentUrl":"https:\/\/global-hookah.com\/wp-content\/uploads\/2025\/05\/O1CN01sBmyd82Ii9shYdkij_3927179319-0-cib.jpg","width":"1170","height":"1170","caption":"Saudi Arabia Luxury Stainless Steel Hookah Wholesale"},{"@type":"BreadcrumbList","@id":"https:\/\/global-hookah.com\/product\/saudi-arabia-luxury-stainless-steel-hookah-wholesale\/#breadcrumb","itemListElement":[{"@type":"ListItem","position":1,"name":"Home","item":"https:\/\/global-hookah.com\/"},{"@type":"ListItem","position":2,"name":"Shop","item":"https:\/\/global-hookah.com\/shop\/"},{"@type":"ListItem","position":3,"name":"Saudi Arabia Luxury Stainless Steel Hookah Wholesale"}]},{"@type":"WebSite","@id":"https:\/\/global-hookah.com\/#website","url":"https:\/\/global-hookah.com\/","name":"Global Hookah","description":"Global Hookah","publisher":{"@id":"https:\/\/global-hookah.com\/#organization"},"potentialAction":[{"@type":"SearchAction","target":{"@type":"EntryPoint","urlTemplate":"https:\/\/global-hookah.com\/?s={search_term_string}"},"query-input":{"@type":"PropertyValueSpecification","valueRequired":true,"valueName":"search_term_string"}}],"inLanguage":"es"},{"@type":"Organization","@id":"https:\/\/global-hookah.com\/#organization","name":"Global Hookah","url":"https:\/\/global-hookah.com\/","logo":{"@type":"ImageObject","inLanguage":"es","@id":"https:\/\/global-hookah.com\/#\/schema\/logo\/image\/","url":"https:\/\/global-hookah.com\/wp-content\/uploads\/2021\/10\/cropped-fgg.png","contentUrl":"https:\/\/global-hookah.com\/wp-content\/uploads\/2021\/10\/cropped-fgg.png","width":512,"height":512,"caption":"Global Hookah"},"image":{"@id":"https:\/\/global-hookah.com\/#\/schema\/logo\/image\/"}}]}},"_links":{"self":[{"href":"https:\/\/global-hookah.com\/es\/wp-json\/wp\/v2\/product\/32456","targetHints":{"allow":["GET"]}}],"collection":[{"href":"https:\/\/global-hookah.com\/es\/wp-json\/wp\/v2\/product"}],"about":[{"href":"https:\/\/global-hookah.com\/es\/wp-json\/wp\/v2\/types\/product"}],"replies":[{"embeddable":true,"href":"https:\/\/global-hookah.com\/es\/wp-json\/wp\/v2\/comments?post=32456"}],"version-history":[{"count":0,"href":"https:\/\/global-hookah.com\/es\/wp-json\/wp\/v2\/product\/32456\/revisions"}],"wp:featuredmedia":[{"embeddable":true,"href":"https:\/\/global-hookah.com\/es\/wp-json\/wp\/v2\/media\/32457"}],"wp:attachment":[{"href":"https:\/\/global-hookah.com\/es\/wp-json\/wp\/v2\/media?parent=32456"}],"wp:term":[{"taxonomy":"product_brand","embeddable":true,"href":"https:\/\/global-hookah.com\/es\/wp-json\/wp\/v2\/product_brand?post=32456"},{"taxonomy":"product_cat","embeddable":true,"href":"https:\/\/global-hookah.com\/es\/wp-json\/wp\/v2\/product_cat?post=32456"},{"taxonomy":"product_tag","embeddable":true,"href":"https:\/\/global-hookah.com\/es\/wp-json\/wp\/v2\/product_tag?post=32456"}],"curies":[{"name":"wp","href":"https:\/\/api.w.org\/{rel}","templated":true}]}}