{"id":32483,"date":"2025-05-05T02:58:59","date_gmt":"2025-05-05T02:58:59","guid":{"rendered":"https:\/\/global-hookah.com\/product\/arabic-small-travel-hookah-wholesale\/"},"modified":"2025-05-06T01:08:59","modified_gmt":"2025-05-06T01:08:59","slug":"arabic-small-travel-hookah-wholesale","status":"publish","type":"product","link":"https:\/\/global-hookah.com\/es\/producto\/arabic-small-travel-hookah-wholesale\/","title":{"rendered":"Narguile \u00e1rabe de viaje peque\u00f1o al por mayor"},"content":{"rendered":"<p>Al dise\u00f1ar este<strong> Narguile de viaje peque\u00f1o<\/strong>William, nuestro dise\u00f1ador global de narguiles, deliberadamente hizo el cuerpo del narguile de aleaci\u00f3n de aluminio, y cada uno pesa alrededor de 2 kilogramos.<\/p>\n<p>Adem\u00e1s, pesa s\u00f3lo un tercio de <a href=\"https:\/\/global-hookah.com\/\"><strong>narguiles tradicionales<\/strong><\/a>, lo que facilita su transporte. Cada vez que d\u00e9 una calada, la iluminaci\u00f3n LED que le proporcionamos le sumergir\u00e1 en cada experiencia de narguile, proporcion\u00e1ndole un doble disfrute en t\u00e9rminos de visi\u00f3n y experiencia sensorial.<\/p>\n<p>Sin embargo, la mayor ventaja con respecto al dise\u00f1o de la Small Travel Hookah viene con el tama\u00f1o compacto de viaje, que le permite caber f\u00e1cilmente en la mochila del viajero, maleta junto con un estuche protector personalizado. El montaje r\u00e1pido permite al usuario deleitarse con nubes ricas en cuesti\u00f3n de minutos.<\/p>\n<p>Sin embargo, este<strong> narguile de viaje<\/strong>El diminuto tama\u00f1o de la m\u00e1quina no debe inducirle a error: viene con un difusor de humo de alta eficiencia que garantiza una salida de humo suave y abundante, como la de las m\u00e1quinas tradicionales, <a href=\"https:\/\/global-hookah.com\/product\/customized-wholesale-arabic-shisha-hookah-large-size-aluminum-alloy-spring-design\/\">narguiles grandes<\/a>. Desde la cl\u00e1sica manzana y menta hasta mezclas de frutas tropicales, funciona con muchos sabores de narguile para satisfacer los gustos \u00fanicos de cada cliente. Los juegos al por mayor vienen con un surtido de tipos de cazoletas, como phunnel o vortex, lo que le permite ofrecer diversas selecciones a sus clientes.<\/p>\n<p>Este <strong>narguile peque\u00f1o<\/strong> est\u00e1 dise\u00f1ado para mayoristas. Nuestra f\u00e1brica de narguile tambi\u00e9n puede personalizar diferentes colores, logotipos y patrones de acuerdo a las necesidades del cliente para satisfacer las necesidades del cliente.<\/p>","protected":false},"excerpt":{"rendered":"<p>Al dise\u00f1ar este peque\u00f1o narguile de viaje, William, nuestro dise\u00f1ador global de narguiles, deliberadamente hizo el cuerpo del narguile de aleaci\u00f3n de aluminio,<\/p>","protected":false},"featured_media":32484,"comment_status":"open","ping_status":"closed","template":"","meta":{"iawp_total_views":23,"_joinchat":[]},"product_brand":[],"product_cat":[559,119],"product_tag":[],"class_list":{"0":"post-32483","1":"product","2":"type-product","3":"status-publish","4":"has-post-thumbnail","6":"product_cat-portable-hookah-wholesale","7":"product_cat-wholesale-hookah","9":"first","10":"instock","11":"shipping-taxable","12":"product-type-external"},"yoast_head":"<!-- This site is optimized with the Yoast SEO Premium plugin v24.7 (Yoast SEO v26.8) - https:\/\/yoast.com\/product\/yoast-seo-premium-wordpress\/ -->\n<title>Arabic Small Travel Hookah Wholesale - Global Hookah<\/title>\n<meta name=\"robots\" content=\"index, follow, max-snippet:-1, max-image-preview:large, max-video-preview:-1\" \/>\n<link rel=\"canonical\" href=\"https:\/\/global-hookah.com\/es\/producto\/arabic-small-travel-hookah-wholesale\/\" \/>\n<meta property=\"og:locale\" content=\"es_ES\" \/>\n<meta property=\"og:type\" content=\"article\" \/>\n<meta property=\"og:title\" content=\"Arabic Small Travel Hookah Wholesale\" \/>\n<meta property=\"og:description\" content=\"When designing this Small Travel Hookah, William, our global hookah designer, deliberately made the hookah body out of aluminum alloy,\" \/>\n<meta property=\"og:url\" content=\"https:\/\/global-hookah.com\/es\/producto\/arabic-small-travel-hookah-wholesale\/\" \/>\n<meta property=\"og:site_name\" content=\"Global Hookah\" \/>\n<meta property=\"article:modified_time\" content=\"2025-05-06T01:08:59+00:00\" \/>\n<meta property=\"og:image\" content=\"https:\/\/global-hookah.com\/wp-content\/uploads\/2025\/05\/O1CN01VzUw9F1O1SW3kEgz0_2218385811645-0-cib.jpg\" \/>\n\t<meta property=\"og:image:width\" content=\"1600\" \/>\n\t<meta property=\"og:image:height\" content=\"1600\" \/>\n\t<meta property=\"og:image:type\" content=\"image\/jpeg\" \/>\n<meta name=\"twitter:card\" content=\"summary_large_image\" \/>\n<meta name=\"twitter:label1\" content=\"Tiempo de lectura\" \/>\n\t<meta name=\"twitter:data1\" content=\"1 minuto\" \/>\n<script type=\"application\/ld+json\" class=\"yoast-schema-graph\">{\"@context\":\"https:\/\/schema.org\",\"@graph\":[{\"@type\":\"WebPage\",\"@id\":\"https:\/\/global-hookah.com\/product\/arabic-small-travel-hookah-wholesale\/\",\"url\":\"https:\/\/global-hookah.com\/product\/arabic-small-travel-hookah-wholesale\/\",\"name\":\"Arabic Small Travel Hookah Wholesale - Global Hookah\",\"isPartOf\":{\"@id\":\"https:\/\/global-hookah.com\/#website\"},\"primaryImageOfPage\":{\"@id\":\"https:\/\/global-hookah.com\/product\/arabic-small-travel-hookah-wholesale\/#primaryimage\"},\"image\":{\"@id\":\"https:\/\/global-hookah.com\/product\/arabic-small-travel-hookah-wholesale\/#primaryimage\"},\"thumbnailUrl\":\"https:\/\/global-hookah.com\/wp-content\/uploads\/2025\/05\/O1CN01VzUw9F1O1SW3kEgz0_2218385811645-0-cib.jpg\",\"datePublished\":\"2025-05-05T02:58:59+00:00\",\"dateModified\":\"2025-05-06T01:08:59+00:00\",\"breadcrumb\":{\"@id\":\"https:\/\/global-hookah.com\/product\/arabic-small-travel-hookah-wholesale\/#breadcrumb\"},\"inLanguage\":\"es\",\"potentialAction\":[{\"@type\":\"ReadAction\",\"target\":[\"https:\/\/global-hookah.com\/product\/arabic-small-travel-hookah-wholesale\/\"]}]},{\"@type\":\"ImageObject\",\"inLanguage\":\"es\",\"@id\":\"https:\/\/global-hookah.com\/product\/arabic-small-travel-hookah-wholesale\/#primaryimage\",\"url\":\"https:\/\/global-hookah.com\/wp-content\/uploads\/2025\/05\/O1CN01VzUw9F1O1SW3kEgz0_2218385811645-0-cib.jpg\",\"contentUrl\":\"https:\/\/global-hookah.com\/wp-content\/uploads\/2025\/05\/O1CN01VzUw9F1O1SW3kEgz0_2218385811645-0-cib.jpg\",\"width\":\"1600\",\"height\":\"1600\",\"caption\":\"Arabic Small Travel Hookah Wholesale\"},{\"@type\":\"BreadcrumbList\",\"@id\":\"https:\/\/global-hookah.com\/product\/arabic-small-travel-hookah-wholesale\/#breadcrumb\",\"itemListElement\":[{\"@type\":\"ListItem\",\"position\":1,\"name\":\"Home\",\"item\":\"https:\/\/global-hookah.com\/\"},{\"@type\":\"ListItem\",\"position\":2,\"name\":\"Shop\",\"item\":\"https:\/\/global-hookah.com\/shop\/\"},{\"@type\":\"ListItem\",\"position\":3,\"name\":\"Arabic Small Travel Hookah Wholesale\"}]},{\"@type\":\"WebSite\",\"@id\":\"https:\/\/global-hookah.com\/#website\",\"url\":\"https:\/\/global-hookah.com\/\",\"name\":\"Global Hookah\",\"description\":\"Global Hookah\",\"publisher\":{\"@id\":\"https:\/\/global-hookah.com\/#organization\"},\"potentialAction\":[{\"@type\":\"SearchAction\",\"target\":{\"@type\":\"EntryPoint\",\"urlTemplate\":\"https:\/\/global-hookah.com\/?s={search_term_string}\"},\"query-input\":{\"@type\":\"PropertyValueSpecification\",\"valueRequired\":true,\"valueName\":\"search_term_string\"}}],\"inLanguage\":\"es\"},{\"@type\":\"Organization\",\"@id\":\"https:\/\/global-hookah.com\/#organization\",\"name\":\"Global Hookah\",\"url\":\"https:\/\/global-hookah.com\/\",\"logo\":{\"@type\":\"ImageObject\",\"inLanguage\":\"es\",\"@id\":\"https:\/\/global-hookah.com\/#\/schema\/logo\/image\/\",\"url\":\"https:\/\/global-hookah.com\/wp-content\/uploads\/2021\/10\/cropped-fgg.png\",\"contentUrl\":\"https:\/\/global-hookah.com\/wp-content\/uploads\/2021\/10\/cropped-fgg.png\",\"width\":512,\"height\":512,\"caption\":\"Global Hookah\"},\"image\":{\"@id\":\"https:\/\/global-hookah.com\/#\/schema\/logo\/image\/\"}}]}<\/script>\n<!-- \/ Yoast SEO Premium plugin. -->","yoast_head_json":{"title":"Narguile \u00e1rabe de viaje peque\u00f1o al por mayor - Global Hookah","robots":{"index":"index","follow":"follow","max-snippet":"max-snippet:-1","max-image-preview":"max-image-preview:large","max-video-preview":"max-video-preview:-1"},"canonical":"https:\/\/global-hookah.com\/es\/producto\/arabic-small-travel-hookah-wholesale\/","og_locale":"es_ES","og_type":"article","og_title":"Arabic Small Travel Hookah Wholesale","og_description":"When designing this Small Travel Hookah, William, our global hookah designer, deliberately made the hookah body out of aluminum alloy,","og_url":"https:\/\/global-hookah.com\/es\/producto\/arabic-small-travel-hookah-wholesale\/","og_site_name":"Global Hookah","article_modified_time":"2025-05-06T01:08:59+00:00","og_image":[{"width":1600,"height":1600,"url":"https:\/\/global-hookah.com\/wp-content\/uploads\/2025\/05\/O1CN01VzUw9F1O1SW3kEgz0_2218385811645-0-cib.jpg","type":"image\/jpeg"}],"twitter_card":"summary_large_image","twitter_misc":{"Tiempo de lectura":"1 minuto"},"schema":{"@context":"https:\/\/schema.org","@graph":[{"@type":"WebPage","@id":"https:\/\/global-hookah.com\/product\/arabic-small-travel-hookah-wholesale\/","url":"https:\/\/global-hookah.com\/product\/arabic-small-travel-hookah-wholesale\/","name":"Narguile \u00e1rabe de viaje peque\u00f1o al por mayor - Global Hookah","isPartOf":{"@id":"https:\/\/global-hookah.com\/#website"},"primaryImageOfPage":{"@id":"https:\/\/global-hookah.com\/product\/arabic-small-travel-hookah-wholesale\/#primaryimage"},"image":{"@id":"https:\/\/global-hookah.com\/product\/arabic-small-travel-hookah-wholesale\/#primaryimage"},"thumbnailUrl":"https:\/\/global-hookah.com\/wp-content\/uploads\/2025\/05\/O1CN01VzUw9F1O1SW3kEgz0_2218385811645-0-cib.jpg","datePublished":"2025-05-05T02:58:59+00:00","dateModified":"2025-05-06T01:08:59+00:00","breadcrumb":{"@id":"https:\/\/global-hookah.com\/product\/arabic-small-travel-hookah-wholesale\/#breadcrumb"},"inLanguage":"es","potentialAction":[{"@type":"ReadAction","target":["https:\/\/global-hookah.com\/product\/arabic-small-travel-hookah-wholesale\/"]}]},{"@type":"ImageObject","inLanguage":"es","@id":"https:\/\/global-hookah.com\/product\/arabic-small-travel-hookah-wholesale\/#primaryimage","url":"https:\/\/global-hookah.com\/wp-content\/uploads\/2025\/05\/O1CN01VzUw9F1O1SW3kEgz0_2218385811645-0-cib.jpg","contentUrl":"https:\/\/global-hookah.com\/wp-content\/uploads\/2025\/05\/O1CN01VzUw9F1O1SW3kEgz0_2218385811645-0-cib.jpg","width":"1600","height":"1600","caption":"Arabic Small Travel Hookah Wholesale"},{"@type":"BreadcrumbList","@id":"https:\/\/global-hookah.com\/product\/arabic-small-travel-hookah-wholesale\/#breadcrumb","itemListElement":[{"@type":"ListItem","position":1,"name":"Home","item":"https:\/\/global-hookah.com\/"},{"@type":"ListItem","position":2,"name":"Shop","item":"https:\/\/global-hookah.com\/shop\/"},{"@type":"ListItem","position":3,"name":"Arabic Small Travel Hookah Wholesale"}]},{"@type":"WebSite","@id":"https:\/\/global-hookah.com\/#website","url":"https:\/\/global-hookah.com\/","name":"Global Hookah","description":"Global Hookah","publisher":{"@id":"https:\/\/global-hookah.com\/#organization"},"potentialAction":[{"@type":"SearchAction","target":{"@type":"EntryPoint","urlTemplate":"https:\/\/global-hookah.com\/?s={search_term_string}"},"query-input":{"@type":"PropertyValueSpecification","valueRequired":true,"valueName":"search_term_string"}}],"inLanguage":"es"},{"@type":"Organization","@id":"https:\/\/global-hookah.com\/#organization","name":"Global Hookah","url":"https:\/\/global-hookah.com\/","logo":{"@type":"ImageObject","inLanguage":"es","@id":"https:\/\/global-hookah.com\/#\/schema\/logo\/image\/","url":"https:\/\/global-hookah.com\/wp-content\/uploads\/2021\/10\/cropped-fgg.png","contentUrl":"https:\/\/global-hookah.com\/wp-content\/uploads\/2021\/10\/cropped-fgg.png","width":512,"height":512,"caption":"Global Hookah"},"image":{"@id":"https:\/\/global-hookah.com\/#\/schema\/logo\/image\/"}}]}},"_links":{"self":[{"href":"https:\/\/global-hookah.com\/es\/wp-json\/wp\/v2\/product\/32483","targetHints":{"allow":["GET"]}}],"collection":[{"href":"https:\/\/global-hookah.com\/es\/wp-json\/wp\/v2\/product"}],"about":[{"href":"https:\/\/global-hookah.com\/es\/wp-json\/wp\/v2\/types\/product"}],"replies":[{"embeddable":true,"href":"https:\/\/global-hookah.com\/es\/wp-json\/wp\/v2\/comments?post=32483"}],"version-history":[{"count":0,"href":"https:\/\/global-hookah.com\/es\/wp-json\/wp\/v2\/product\/32483\/revisions"}],"wp:featuredmedia":[{"embeddable":true,"href":"https:\/\/global-hookah.com\/es\/wp-json\/wp\/v2\/media\/32484"}],"wp:attachment":[{"href":"https:\/\/global-hookah.com\/es\/wp-json\/wp\/v2\/media?parent=32483"}],"wp:term":[{"taxonomy":"product_brand","embeddable":true,"href":"https:\/\/global-hookah.com\/es\/wp-json\/wp\/v2\/product_brand?post=32483"},{"taxonomy":"product_cat","embeddable":true,"href":"https:\/\/global-hookah.com\/es\/wp-json\/wp\/v2\/product_cat?post=32483"},{"taxonomy":"product_tag","embeddable":true,"href":"https:\/\/global-hookah.com\/es\/wp-json\/wp\/v2\/product_tag?post=32483"}],"curies":[{"name":"wp","href":"https:\/\/api.w.org\/{rel}","templated":true}]}}