{"id":32524,"date":"2025-05-05T03:04:26","date_gmt":"2025-05-05T03:04:26","guid":{"rendered":"https:\/\/global-hookah.com\/product\/arabian-cobra-shaped-hookah-wholesale\/"},"modified":"2025-05-06T00:21:40","modified_gmt":"2025-05-06T00:21:40","slug":"arabian-cobra-shaped-hookah-wholesale","status":"publish","type":"product","link":"https:\/\/global-hookah.com\/es\/producto\/arabian-cobra-shaped-hookah-wholesale\/","title":{"rendered":"Hookah con forma de cobra \u00e1rabe al por mayor"},"content":{"rendered":"<p>Nuestra <strong>Narguile en forma de cobra \u00e1rabe<\/strong> tiene la forma de las impresionantes cobras que habitan el desierto de Arabia. La destreza de nuestros dise\u00f1adores queda patente en la perfecci\u00f3n con que logran la artesan\u00eda tradicional de la regi\u00f3n y la forma de la propia cobra.<\/p>\n<p>Con su conducto de humos alargado de acero inoxidable, tambi\u00e9n puede ayudar a enfriar el humo, garantizando una experiencia de fumada placentera y enriquecedora. La amplia base de cristal del narguile aumenta a\u00fan m\u00e1s la cantidad de agua que puede contener, lo que mejora el proceso de limpieza. Esto garantiza que cada calada sea pura y plena. Este <strong>Narguile en forma de cobra \u00e1rabe<\/strong> tambi\u00e9n viene con una manguera de silicona desmontable y un cuenco de humo de cer\u00e1mica, por lo tanto, es f\u00e1cilmente adaptable para satisfacer diversas necesidades de los usuarios.<\/p>\n<p>En Global-Hookah, entendemos que los mayoristas necesitan un<strong>nd <a href=\"https:\/\/global-hookah.com\">narguile barato<\/a> productos<\/strong>. Por lo tanto, con la ventaja de nuestra f\u00e1brica de narguile, Ofrecemos precios muy competitivos al por mayor con una cantidad m\u00ednima de pedido tan bajo como 6 piezas, adecuado para los peque\u00f1os y medianos minoristas y bares narguile<\/p>","protected":false},"excerpt":{"rendered":"<p>Nuestra narguile con forma de cobra \u00e1rabe tiene la forma de las impresionantes cobras que habitan el desierto de Arabia. La habilidad de nuestros<\/p>","protected":false},"featured_media":32525,"comment_status":"open","ping_status":"closed","template":"","meta":{"iawp_total_views":50,"_joinchat":[]},"product_brand":[],"product_cat":[560,119],"product_tag":[],"class_list":{"0":"post-32524","1":"product","2":"type-product","3":"status-publish","4":"has-post-thumbnail","6":"product_cat-glass-hookah-wholesale","7":"product_cat-wholesale-hookah","9":"first","10":"instock","11":"shipping-taxable","12":"product-type-external"},"yoast_head":"<!-- This site is optimized with the Yoast SEO Premium plugin v24.7 (Yoast SEO v26.8) - https:\/\/yoast.com\/product\/yoast-seo-premium-wordpress\/ -->\n<title>Arabian Cobra Shaped Hookah Wholesale - Global Hookah<\/title>\n<meta name=\"robots\" content=\"index, follow, max-snippet:-1, max-image-preview:large, max-video-preview:-1\" \/>\n<link rel=\"canonical\" href=\"https:\/\/global-hookah.com\/es\/producto\/arabian-cobra-shaped-hookah-wholesale\/\" \/>\n<meta property=\"og:locale\" content=\"es_ES\" \/>\n<meta property=\"og:type\" content=\"article\" \/>\n<meta property=\"og:title\" content=\"Arabian Cobra Shaped Hookah Wholesale\" \/>\n<meta property=\"og:description\" content=\"Our Arabian Cobra Shaped Hookah is shaped as the stunning cobras that inhabit the Arabian Desert. The skill of our\" \/>\n<meta property=\"og:url\" content=\"https:\/\/global-hookah.com\/es\/producto\/arabian-cobra-shaped-hookah-wholesale\/\" \/>\n<meta property=\"og:site_name\" content=\"Global Hookah\" \/>\n<meta property=\"article:modified_time\" content=\"2025-05-06T00:21:40+00:00\" \/>\n<meta property=\"og:image\" content=\"https:\/\/global-hookah.com\/wp-content\/uploads\/2025\/05\/O1CN01wFKzXy1O1SZMeprnu_2218385811645-0-cib.jpg\" \/>\n\t<meta property=\"og:image:width\" content=\"1920\" \/>\n\t<meta property=\"og:image:height\" content=\"1920\" \/>\n\t<meta property=\"og:image:type\" content=\"image\/jpeg\" \/>\n<meta name=\"twitter:card\" content=\"summary_large_image\" \/>\n<meta name=\"twitter:label1\" content=\"Tiempo de lectura\" \/>\n\t<meta name=\"twitter:data1\" content=\"1 minuto\" \/>\n<script type=\"application\/ld+json\" class=\"yoast-schema-graph\">{\"@context\":\"https:\/\/schema.org\",\"@graph\":[{\"@type\":\"WebPage\",\"@id\":\"https:\/\/global-hookah.com\/product\/arabian-cobra-shaped-hookah-wholesale\/\",\"url\":\"https:\/\/global-hookah.com\/product\/arabian-cobra-shaped-hookah-wholesale\/\",\"name\":\"Arabian Cobra Shaped Hookah Wholesale - Global Hookah\",\"isPartOf\":{\"@id\":\"https:\/\/global-hookah.com\/#website\"},\"primaryImageOfPage\":{\"@id\":\"https:\/\/global-hookah.com\/product\/arabian-cobra-shaped-hookah-wholesale\/#primaryimage\"},\"image\":{\"@id\":\"https:\/\/global-hookah.com\/product\/arabian-cobra-shaped-hookah-wholesale\/#primaryimage\"},\"thumbnailUrl\":\"https:\/\/global-hookah.com\/wp-content\/uploads\/2025\/05\/O1CN01wFKzXy1O1SZMeprnu_2218385811645-0-cib.jpg\",\"datePublished\":\"2025-05-05T03:04:26+00:00\",\"dateModified\":\"2025-05-06T00:21:40+00:00\",\"breadcrumb\":{\"@id\":\"https:\/\/global-hookah.com\/product\/arabian-cobra-shaped-hookah-wholesale\/#breadcrumb\"},\"inLanguage\":\"es\",\"potentialAction\":[{\"@type\":\"ReadAction\",\"target\":[\"https:\/\/global-hookah.com\/product\/arabian-cobra-shaped-hookah-wholesale\/\"]}]},{\"@type\":\"ImageObject\",\"inLanguage\":\"es\",\"@id\":\"https:\/\/global-hookah.com\/product\/arabian-cobra-shaped-hookah-wholesale\/#primaryimage\",\"url\":\"https:\/\/global-hookah.com\/wp-content\/uploads\/2025\/05\/O1CN01wFKzXy1O1SZMeprnu_2218385811645-0-cib.jpg\",\"contentUrl\":\"https:\/\/global-hookah.com\/wp-content\/uploads\/2025\/05\/O1CN01wFKzXy1O1SZMeprnu_2218385811645-0-cib.jpg\",\"width\":\"1920\",\"height\":\"1920\",\"caption\":\"Arabian Cobra Shaped Hookah Wholesale\"},{\"@type\":\"BreadcrumbList\",\"@id\":\"https:\/\/global-hookah.com\/product\/arabian-cobra-shaped-hookah-wholesale\/#breadcrumb\",\"itemListElement\":[{\"@type\":\"ListItem\",\"position\":1,\"name\":\"Home\",\"item\":\"https:\/\/global-hookah.com\/\"},{\"@type\":\"ListItem\",\"position\":2,\"name\":\"Shop\",\"item\":\"https:\/\/global-hookah.com\/shop\/\"},{\"@type\":\"ListItem\",\"position\":3,\"name\":\"Arabian Cobra Shaped Hookah Wholesale\"}]},{\"@type\":\"WebSite\",\"@id\":\"https:\/\/global-hookah.com\/#website\",\"url\":\"https:\/\/global-hookah.com\/\",\"name\":\"Global Hookah\",\"description\":\"Global Hookah\",\"publisher\":{\"@id\":\"https:\/\/global-hookah.com\/#organization\"},\"potentialAction\":[{\"@type\":\"SearchAction\",\"target\":{\"@type\":\"EntryPoint\",\"urlTemplate\":\"https:\/\/global-hookah.com\/?s={search_term_string}\"},\"query-input\":{\"@type\":\"PropertyValueSpecification\",\"valueRequired\":true,\"valueName\":\"search_term_string\"}}],\"inLanguage\":\"es\"},{\"@type\":\"Organization\",\"@id\":\"https:\/\/global-hookah.com\/#organization\",\"name\":\"Global Hookah\",\"url\":\"https:\/\/global-hookah.com\/\",\"logo\":{\"@type\":\"ImageObject\",\"inLanguage\":\"es\",\"@id\":\"https:\/\/global-hookah.com\/#\/schema\/logo\/image\/\",\"url\":\"https:\/\/global-hookah.com\/wp-content\/uploads\/2021\/10\/cropped-fgg.png\",\"contentUrl\":\"https:\/\/global-hookah.com\/wp-content\/uploads\/2021\/10\/cropped-fgg.png\",\"width\":512,\"height\":512,\"caption\":\"Global Hookah\"},\"image\":{\"@id\":\"https:\/\/global-hookah.com\/#\/schema\/logo\/image\/\"}}]}<\/script>\n<!-- \/ Yoast SEO Premium plugin. -->","yoast_head_json":{"title":"Hookah con forma de cobra \u00e1rabe al por mayor - Global Hookah","robots":{"index":"index","follow":"follow","max-snippet":"max-snippet:-1","max-image-preview":"max-image-preview:large","max-video-preview":"max-video-preview:-1"},"canonical":"https:\/\/global-hookah.com\/es\/producto\/arabian-cobra-shaped-hookah-wholesale\/","og_locale":"es_ES","og_type":"article","og_title":"Arabian Cobra Shaped Hookah Wholesale","og_description":"Our Arabian Cobra Shaped Hookah is shaped as the stunning cobras that inhabit the Arabian Desert. The skill of our","og_url":"https:\/\/global-hookah.com\/es\/producto\/arabian-cobra-shaped-hookah-wholesale\/","og_site_name":"Global Hookah","article_modified_time":"2025-05-06T00:21:40+00:00","og_image":[{"width":1920,"height":1920,"url":"https:\/\/global-hookah.com\/wp-content\/uploads\/2025\/05\/O1CN01wFKzXy1O1SZMeprnu_2218385811645-0-cib.jpg","type":"image\/jpeg"}],"twitter_card":"summary_large_image","twitter_misc":{"Tiempo de lectura":"1 minuto"},"schema":{"@context":"https:\/\/schema.org","@graph":[{"@type":"WebPage","@id":"https:\/\/global-hookah.com\/product\/arabian-cobra-shaped-hookah-wholesale\/","url":"https:\/\/global-hookah.com\/product\/arabian-cobra-shaped-hookah-wholesale\/","name":"Hookah con forma de cobra \u00e1rabe al por mayor - Global Hookah","isPartOf":{"@id":"https:\/\/global-hookah.com\/#website"},"primaryImageOfPage":{"@id":"https:\/\/global-hookah.com\/product\/arabian-cobra-shaped-hookah-wholesale\/#primaryimage"},"image":{"@id":"https:\/\/global-hookah.com\/product\/arabian-cobra-shaped-hookah-wholesale\/#primaryimage"},"thumbnailUrl":"https:\/\/global-hookah.com\/wp-content\/uploads\/2025\/05\/O1CN01wFKzXy1O1SZMeprnu_2218385811645-0-cib.jpg","datePublished":"2025-05-05T03:04:26+00:00","dateModified":"2025-05-06T00:21:40+00:00","breadcrumb":{"@id":"https:\/\/global-hookah.com\/product\/arabian-cobra-shaped-hookah-wholesale\/#breadcrumb"},"inLanguage":"es","potentialAction":[{"@type":"ReadAction","target":["https:\/\/global-hookah.com\/product\/arabian-cobra-shaped-hookah-wholesale\/"]}]},{"@type":"ImageObject","inLanguage":"es","@id":"https:\/\/global-hookah.com\/product\/arabian-cobra-shaped-hookah-wholesale\/#primaryimage","url":"https:\/\/global-hookah.com\/wp-content\/uploads\/2025\/05\/O1CN01wFKzXy1O1SZMeprnu_2218385811645-0-cib.jpg","contentUrl":"https:\/\/global-hookah.com\/wp-content\/uploads\/2025\/05\/O1CN01wFKzXy1O1SZMeprnu_2218385811645-0-cib.jpg","width":"1920","height":"1920","caption":"Arabian Cobra Shaped Hookah Wholesale"},{"@type":"BreadcrumbList","@id":"https:\/\/global-hookah.com\/product\/arabian-cobra-shaped-hookah-wholesale\/#breadcrumb","itemListElement":[{"@type":"ListItem","position":1,"name":"Home","item":"https:\/\/global-hookah.com\/"},{"@type":"ListItem","position":2,"name":"Shop","item":"https:\/\/global-hookah.com\/shop\/"},{"@type":"ListItem","position":3,"name":"Arabian Cobra Shaped Hookah Wholesale"}]},{"@type":"WebSite","@id":"https:\/\/global-hookah.com\/#website","url":"https:\/\/global-hookah.com\/","name":"Global Hookah","description":"Global Hookah","publisher":{"@id":"https:\/\/global-hookah.com\/#organization"},"potentialAction":[{"@type":"SearchAction","target":{"@type":"EntryPoint","urlTemplate":"https:\/\/global-hookah.com\/?s={search_term_string}"},"query-input":{"@type":"PropertyValueSpecification","valueRequired":true,"valueName":"search_term_string"}}],"inLanguage":"es"},{"@type":"Organization","@id":"https:\/\/global-hookah.com\/#organization","name":"Global Hookah","url":"https:\/\/global-hookah.com\/","logo":{"@type":"ImageObject","inLanguage":"es","@id":"https:\/\/global-hookah.com\/#\/schema\/logo\/image\/","url":"https:\/\/global-hookah.com\/wp-content\/uploads\/2021\/10\/cropped-fgg.png","contentUrl":"https:\/\/global-hookah.com\/wp-content\/uploads\/2021\/10\/cropped-fgg.png","width":512,"height":512,"caption":"Global Hookah"},"image":{"@id":"https:\/\/global-hookah.com\/#\/schema\/logo\/image\/"}}]}},"_links":{"self":[{"href":"https:\/\/global-hookah.com\/es\/wp-json\/wp\/v2\/product\/32524","targetHints":{"allow":["GET"]}}],"collection":[{"href":"https:\/\/global-hookah.com\/es\/wp-json\/wp\/v2\/product"}],"about":[{"href":"https:\/\/global-hookah.com\/es\/wp-json\/wp\/v2\/types\/product"}],"replies":[{"embeddable":true,"href":"https:\/\/global-hookah.com\/es\/wp-json\/wp\/v2\/comments?post=32524"}],"version-history":[{"count":0,"href":"https:\/\/global-hookah.com\/es\/wp-json\/wp\/v2\/product\/32524\/revisions"}],"wp:featuredmedia":[{"embeddable":true,"href":"https:\/\/global-hookah.com\/es\/wp-json\/wp\/v2\/media\/32525"}],"wp:attachment":[{"href":"https:\/\/global-hookah.com\/es\/wp-json\/wp\/v2\/media?parent=32524"}],"wp:term":[{"taxonomy":"product_brand","embeddable":true,"href":"https:\/\/global-hookah.com\/es\/wp-json\/wp\/v2\/product_brand?post=32524"},{"taxonomy":"product_cat","embeddable":true,"href":"https:\/\/global-hookah.com\/es\/wp-json\/wp\/v2\/product_cat?post=32524"},{"taxonomy":"product_tag","embeddable":true,"href":"https:\/\/global-hookah.com\/es\/wp-json\/wp\/v2\/product_tag?post=32524"}],"curies":[{"name":"wp","href":"https:\/\/api.w.org\/{rel}","templated":true}]}}