{"id":32631,"date":"2025-07-03T08:50:35","date_gmt":"2025-07-03T08:50:35","guid":{"rendered":"https:\/\/global-hookah.com\/?post_type=product&#038;p=32631"},"modified":"2025-07-09T08:22:10","modified_gmt":"2025-07-09T08:22:10","slug":"wholesale-custom-dugout-one-hitter","status":"publish","type":"product","link":"https:\/\/global-hookah.com\/es\/producto\/wholesale-custom-dugout-one-hitter\/","title":{"rendered":"Mayorista Custom Dugout One Hitter"},"content":{"rendered":"<p>\u00bfCansado de accesorios voluminosos y de una preparaci\u00f3n engorrosa? No se preocupe, nuestro nuevo dise\u00f1o<strong> Dugout One Hitter<\/strong> es la soluci\u00f3n definitiva dise\u00f1ada para los usuarios modernos, que combina almacenamiento, llenado y fumado en un dispositivo elegante y de bolsillo.<\/p>\n<p>Dise\u00f1o pr\u00e1ctico todo en uno: Estos banquillos de madera tienen dos compartimentos separados, uno para sus hierbas favoritas y el otro para el bateador dedicado.<\/p>\n<p>Este dise\u00f1o de doble compartimento no s\u00f3lo optimiza la utilizaci\u00f3n del espacio, sino que tambi\u00e9n permite a los usuarios completar las operaciones de llenado y fumado con una sola mano, lo que mejora enormemente la comodidad de uso. Lo m\u00e1s importante es que, en comparaci\u00f3n con la eficacia de las pipas o los cigarrillos tradicionales, el <strong>Dugout One Hitter<\/strong> puede ahorrar materiales de forma significativa. Su dise\u00f1o permite controlar con precisi\u00f3n la cantidad de cada uso, lo que es perfecto para usuarios que persiguen peque\u00f1as cantidades y experiencia. Algunos de nuestros Dugouts de alta calidad tambi\u00e9n tienen dientes de molienda incorporados o peque\u00f1as herramientas de limpieza. Es m\u00e1s conveniente para moler marihuana<\/p>\n<p>El proceso de uso tambi\u00e9n es muy sencillo. S\u00f3lo tiene que girar o empujar la tapa, sacar el tubo de un golpeador, insertarlo en el compartimento de hierbas, girarlo suavemente para llenarlo y disfrutar de una experiencia de fumar limpia y pura. Despu\u00e9s de su uso, viene con una herramienta de limpieza adjunta o simplemente l\u00edmpielo para mantenerlo limpio. Se recomienda un mantenimiento regular. Todo el proceso es muy sencillo y puede ser f\u00e1cilmente dominado por un principiante<\/p>\n<p>Adem\u00e1s, nuestro <a href=\"https:\/\/global-hookah.com\/\">global-hookah<\/a> Los dise\u00f1adores entienden que el olor es el problema que m\u00e1s preocupa a los usuarios, por lo que muchos de nuestros dise\u00f1os de <strong>dugout one hitter set <\/strong>los estilos utilizan una cubierta magn\u00e9tica fuerte de la succi\u00f3n o un dise\u00f1o de goma del sello, que puede cerrar con eficacia el olor y evitar la verg\u00fcenza<\/p>\n<p>Podemos <strong>venta al por mayor estos dugout one-hitters<\/strong> al precio m\u00e1s barato. Si necesita <strong>venta al por mayor estos dugout one-hitters<\/strong>P\u00f3ngase en contacto con nosotros<\/p>","protected":false},"excerpt":{"rendered":"<p>\u00bfCansado de accesorios voluminosos y de una preparaci\u00f3n engorrosa? No te preocupes, nuestro reci\u00e9n dise\u00f1ado Dugout One Hitter es la soluci\u00f3n definitiva dise\u00f1ada<\/p>","protected":false},"featured_media":32633,"comment_status":"closed","ping_status":"closed","template":"","meta":{"iawp_total_views":6,"_joinchat":[]},"product_brand":[],"product_cat":[415],"product_tag":[],"class_list":{"0":"post-32631","1":"product","2":"type-product","3":"status-publish","4":"has-post-thumbnail","6":"product_cat-accessories","8":"first","9":"instock","10":"shipping-taxable","11":"product-type-external"},"yoast_head":"<!-- This site is optimized with the Yoast SEO Premium plugin v24.7 (Yoast SEO v26.8) - https:\/\/yoast.com\/product\/yoast-seo-premium-wordpress\/ -->\n<title>Wholesale Custom Dugout One Hitter - Global Hookah<\/title>\n<meta name=\"robots\" content=\"index, follow, max-snippet:-1, max-image-preview:large, max-video-preview:-1\" \/>\n<link rel=\"canonical\" href=\"https:\/\/global-hookah.com\/es\/producto\/wholesale-custom-dugout-one-hitter\/\" \/>\n<meta property=\"og:locale\" content=\"es_ES\" \/>\n<meta property=\"og:type\" content=\"article\" \/>\n<meta property=\"og:title\" content=\"Wholesale Custom Dugout One Hitter\" \/>\n<meta property=\"og:description\" content=\"Tired of bulky accessories and cumbersome preparation? Don&#8217;t worry, our newly designed Dugout One Hitter is the ultimate solution designed\" \/>\n<meta property=\"og:url\" content=\"https:\/\/global-hookah.com\/es\/producto\/wholesale-custom-dugout-one-hitter\/\" \/>\n<meta property=\"og:site_name\" content=\"Global Hookah\" \/>\n<meta property=\"article:modified_time\" content=\"2025-07-09T08:22:10+00:00\" \/>\n<meta property=\"og:image\" content=\"https:\/\/global-hookah.com\/wp-content\/uploads\/2025\/07\/4e718b2f3c795ab1ef031f3a7e84a3f.jpg\" \/>\n\t<meta property=\"og:image:width\" content=\"1000\" \/>\n\t<meta property=\"og:image:height\" content=\"1000\" \/>\n\t<meta property=\"og:image:type\" content=\"image\/jpeg\" \/>\n<meta name=\"twitter:card\" content=\"summary_large_image\" \/>\n<meta name=\"twitter:label1\" content=\"Tiempo de lectura\" \/>\n\t<meta name=\"twitter:data1\" content=\"1 minuto\" \/>\n<script type=\"application\/ld+json\" class=\"yoast-schema-graph\">{\"@context\":\"https:\/\/schema.org\",\"@graph\":[{\"@type\":\"WebPage\",\"@id\":\"https:\/\/global-hookah.com\/product\/wholesale-custom-dugout-one-hitter\/\",\"url\":\"https:\/\/global-hookah.com\/product\/wholesale-custom-dugout-one-hitter\/\",\"name\":\"Wholesale Custom Dugout One Hitter - Global Hookah\",\"isPartOf\":{\"@id\":\"https:\/\/global-hookah.com\/#website\"},\"primaryImageOfPage\":{\"@id\":\"https:\/\/global-hookah.com\/product\/wholesale-custom-dugout-one-hitter\/#primaryimage\"},\"image\":{\"@id\":\"https:\/\/global-hookah.com\/product\/wholesale-custom-dugout-one-hitter\/#primaryimage\"},\"thumbnailUrl\":\"https:\/\/global-hookah.com\/wp-content\/uploads\/2025\/07\/4e718b2f3c795ab1ef031f3a7e84a3f.jpg\",\"datePublished\":\"2025-07-03T08:50:35+00:00\",\"dateModified\":\"2025-07-09T08:22:10+00:00\",\"breadcrumb\":{\"@id\":\"https:\/\/global-hookah.com\/product\/wholesale-custom-dugout-one-hitter\/#breadcrumb\"},\"inLanguage\":\"es\",\"potentialAction\":[{\"@type\":\"ReadAction\",\"target\":[\"https:\/\/global-hookah.com\/product\/wholesale-custom-dugout-one-hitter\/\"]}]},{\"@type\":\"ImageObject\",\"inLanguage\":\"es\",\"@id\":\"https:\/\/global-hookah.com\/product\/wholesale-custom-dugout-one-hitter\/#primaryimage\",\"url\":\"https:\/\/global-hookah.com\/wp-content\/uploads\/2025\/07\/4e718b2f3c795ab1ef031f3a7e84a3f.jpg\",\"contentUrl\":\"https:\/\/global-hookah.com\/wp-content\/uploads\/2025\/07\/4e718b2f3c795ab1ef031f3a7e84a3f.jpg\",\"width\":\"1000\",\"height\":\"1000\",\"caption\":\"one hitter dugout wholesale\"},{\"@type\":\"BreadcrumbList\",\"@id\":\"https:\/\/global-hookah.com\/product\/wholesale-custom-dugout-one-hitter\/#breadcrumb\",\"itemListElement\":[{\"@type\":\"ListItem\",\"position\":1,\"name\":\"Home\",\"item\":\"https:\/\/global-hookah.com\/\"},{\"@type\":\"ListItem\",\"position\":2,\"name\":\"Shop\",\"item\":\"https:\/\/global-hookah.com\/shop\/\"},{\"@type\":\"ListItem\",\"position\":3,\"name\":\"Wholesale Custom Dugout One Hitter\"}]},{\"@type\":\"WebSite\",\"@id\":\"https:\/\/global-hookah.com\/#website\",\"url\":\"https:\/\/global-hookah.com\/\",\"name\":\"Global Hookah\",\"description\":\"Global Hookah\",\"publisher\":{\"@id\":\"https:\/\/global-hookah.com\/#organization\"},\"potentialAction\":[{\"@type\":\"SearchAction\",\"target\":{\"@type\":\"EntryPoint\",\"urlTemplate\":\"https:\/\/global-hookah.com\/?s={search_term_string}\"},\"query-input\":{\"@type\":\"PropertyValueSpecification\",\"valueRequired\":true,\"valueName\":\"search_term_string\"}}],\"inLanguage\":\"es\"},{\"@type\":\"Organization\",\"@id\":\"https:\/\/global-hookah.com\/#organization\",\"name\":\"Global Hookah\",\"url\":\"https:\/\/global-hookah.com\/\",\"logo\":{\"@type\":\"ImageObject\",\"inLanguage\":\"es\",\"@id\":\"https:\/\/global-hookah.com\/#\/schema\/logo\/image\/\",\"url\":\"https:\/\/global-hookah.com\/wp-content\/uploads\/2021\/10\/cropped-fgg.png\",\"contentUrl\":\"https:\/\/global-hookah.com\/wp-content\/uploads\/2021\/10\/cropped-fgg.png\",\"width\":512,\"height\":512,\"caption\":\"Global Hookah\"},\"image\":{\"@id\":\"https:\/\/global-hookah.com\/#\/schema\/logo\/image\/\"}}]}<\/script>\n<!-- \/ Yoast SEO Premium plugin. -->","yoast_head_json":{"title":"Mayorista Custom Dugout One Hitter - Global Hookah","robots":{"index":"index","follow":"follow","max-snippet":"max-snippet:-1","max-image-preview":"max-image-preview:large","max-video-preview":"max-video-preview:-1"},"canonical":"https:\/\/global-hookah.com\/es\/producto\/wholesale-custom-dugout-one-hitter\/","og_locale":"es_ES","og_type":"article","og_title":"Wholesale Custom Dugout One Hitter","og_description":"Tired of bulky accessories and cumbersome preparation? Don&#8217;t worry, our newly designed Dugout One Hitter is the ultimate solution designed","og_url":"https:\/\/global-hookah.com\/es\/producto\/wholesale-custom-dugout-one-hitter\/","og_site_name":"Global Hookah","article_modified_time":"2025-07-09T08:22:10+00:00","og_image":[{"width":1000,"height":1000,"url":"https:\/\/global-hookah.com\/wp-content\/uploads\/2025\/07\/4e718b2f3c795ab1ef031f3a7e84a3f.jpg","type":"image\/jpeg"}],"twitter_card":"summary_large_image","twitter_misc":{"Tiempo de lectura":"1 minuto"},"schema":{"@context":"https:\/\/schema.org","@graph":[{"@type":"WebPage","@id":"https:\/\/global-hookah.com\/product\/wholesale-custom-dugout-one-hitter\/","url":"https:\/\/global-hookah.com\/product\/wholesale-custom-dugout-one-hitter\/","name":"Mayorista Custom Dugout One Hitter - Global Hookah","isPartOf":{"@id":"https:\/\/global-hookah.com\/#website"},"primaryImageOfPage":{"@id":"https:\/\/global-hookah.com\/product\/wholesale-custom-dugout-one-hitter\/#primaryimage"},"image":{"@id":"https:\/\/global-hookah.com\/product\/wholesale-custom-dugout-one-hitter\/#primaryimage"},"thumbnailUrl":"https:\/\/global-hookah.com\/wp-content\/uploads\/2025\/07\/4e718b2f3c795ab1ef031f3a7e84a3f.jpg","datePublished":"2025-07-03T08:50:35+00:00","dateModified":"2025-07-09T08:22:10+00:00","breadcrumb":{"@id":"https:\/\/global-hookah.com\/product\/wholesale-custom-dugout-one-hitter\/#breadcrumb"},"inLanguage":"es","potentialAction":[{"@type":"ReadAction","target":["https:\/\/global-hookah.com\/product\/wholesale-custom-dugout-one-hitter\/"]}]},{"@type":"ImageObject","inLanguage":"es","@id":"https:\/\/global-hookah.com\/product\/wholesale-custom-dugout-one-hitter\/#primaryimage","url":"https:\/\/global-hookah.com\/wp-content\/uploads\/2025\/07\/4e718b2f3c795ab1ef031f3a7e84a3f.jpg","contentUrl":"https:\/\/global-hookah.com\/wp-content\/uploads\/2025\/07\/4e718b2f3c795ab1ef031f3a7e84a3f.jpg","width":"1000","height":"1000","caption":"one hitter dugout wholesale"},{"@type":"BreadcrumbList","@id":"https:\/\/global-hookah.com\/product\/wholesale-custom-dugout-one-hitter\/#breadcrumb","itemListElement":[{"@type":"ListItem","position":1,"name":"Home","item":"https:\/\/global-hookah.com\/"},{"@type":"ListItem","position":2,"name":"Shop","item":"https:\/\/global-hookah.com\/shop\/"},{"@type":"ListItem","position":3,"name":"Wholesale Custom Dugout One Hitter"}]},{"@type":"WebSite","@id":"https:\/\/global-hookah.com\/#website","url":"https:\/\/global-hookah.com\/","name":"Global Hookah","description":"Global Hookah","publisher":{"@id":"https:\/\/global-hookah.com\/#organization"},"potentialAction":[{"@type":"SearchAction","target":{"@type":"EntryPoint","urlTemplate":"https:\/\/global-hookah.com\/?s={search_term_string}"},"query-input":{"@type":"PropertyValueSpecification","valueRequired":true,"valueName":"search_term_string"}}],"inLanguage":"es"},{"@type":"Organization","@id":"https:\/\/global-hookah.com\/#organization","name":"Global Hookah","url":"https:\/\/global-hookah.com\/","logo":{"@type":"ImageObject","inLanguage":"es","@id":"https:\/\/global-hookah.com\/#\/schema\/logo\/image\/","url":"https:\/\/global-hookah.com\/wp-content\/uploads\/2021\/10\/cropped-fgg.png","contentUrl":"https:\/\/global-hookah.com\/wp-content\/uploads\/2021\/10\/cropped-fgg.png","width":512,"height":512,"caption":"Global Hookah"},"image":{"@id":"https:\/\/global-hookah.com\/#\/schema\/logo\/image\/"}}]}},"_links":{"self":[{"href":"https:\/\/global-hookah.com\/es\/wp-json\/wp\/v2\/product\/32631","targetHints":{"allow":["GET"]}}],"collection":[{"href":"https:\/\/global-hookah.com\/es\/wp-json\/wp\/v2\/product"}],"about":[{"href":"https:\/\/global-hookah.com\/es\/wp-json\/wp\/v2\/types\/product"}],"replies":[{"embeddable":true,"href":"https:\/\/global-hookah.com\/es\/wp-json\/wp\/v2\/comments?post=32631"}],"version-history":[{"count":0,"href":"https:\/\/global-hookah.com\/es\/wp-json\/wp\/v2\/product\/32631\/revisions"}],"wp:featuredmedia":[{"embeddable":true,"href":"https:\/\/global-hookah.com\/es\/wp-json\/wp\/v2\/media\/32633"}],"wp:attachment":[{"href":"https:\/\/global-hookah.com\/es\/wp-json\/wp\/v2\/media?parent=32631"}],"wp:term":[{"taxonomy":"product_brand","embeddable":true,"href":"https:\/\/global-hookah.com\/es\/wp-json\/wp\/v2\/product_brand?post=32631"},{"taxonomy":"product_cat","embeddable":true,"href":"https:\/\/global-hookah.com\/es\/wp-json\/wp\/v2\/product_cat?post=32631"},{"taxonomy":"product_tag","embeddable":true,"href":"https:\/\/global-hookah.com\/es\/wp-json\/wp\/v2\/product_tag?post=32631"}],"curies":[{"name":"wp","href":"https:\/\/api.w.org\/{rel}","templated":true}]}}