{"id":33064,"date":"2026-02-03T06:42:45","date_gmt":"2026-02-03T06:42:45","guid":{"rendered":"https:\/\/global-hookah.com\/?post_type=product&#038;p=33064"},"modified":"2026-02-03T07:24:01","modified_gmt":"2026-02-03T07:24:01","slug":"nose-vape-disposable%ef%bc%88-rose-flavor%ef%bc%89","status":"publish","type":"product","link":"https:\/\/global-hookah.com\/es\/producto\/nose-vape-disposable%ef%bc%88-rose-flavor%ef%bc%89\/","title":{"rendered":"Nose Vape Desechable\uff08 Sabor Rosa\uff09"},"content":{"rendered":"","protected":false},"excerpt":{"rendered":"<ul class=\"marker:text-quiet list-disc\">\n<li class=\"py-0 my-0 prose-p:pt-0 prose-p:mb-2 prose-p:my-0 [&amp;&gt;p]:pt-0 [&amp;&gt;p]:mb-2 [&amp;&gt;p]:my-0\">\n<p class=\"my-2 [&amp;+p]:mt-4 [&amp;_strong:has(+br)]:inline-block [&amp;_strong:has(+br)]:pb-2\">Dimensiones del producto: 93 \u00d7 16 \u00d7 16 mm<\/p>\n<\/li>\n<li class=\"py-0 my-0 prose-p:pt-0 prose-p:mb-2 prose-p:my-0 [&amp;&gt;p]:pt-0 [&amp;&gt;p]:mb-2 [&amp;&gt;p]:my-0\">\n<p class=\"my-2 [&amp;+p]:mt-4 [&amp;_strong:has(+br)]:inline-block [&amp;_strong:has(+br)]:pb-2\">Peso del producto: 50 g<\/p>\n<\/li>\n<li class=\"py-0 my-0 prose-p:pt-0 prose-p:mb-2 prose-p:my-0 [&amp;&gt;p]:pt-0 [&amp;&gt;p]:mb-2 [&amp;&gt;p]:my-0\">\n<p class=\"my-2 [&amp;+p]:mt-4 [&amp;_strong:has(+br)]:inline-block [&amp;_strong:has(+br)]:pb-2\">Ventajas del producto: Proporciona una sensaci\u00f3n refrescante; ayuda a refrescar y agudizar la concentraci\u00f3n; favorece una sensaci\u00f3n de respiraci\u00f3n m\u00e1s clara y suave; calmante y revitalizante; ideal para un refresco instant\u00e1neo.<\/p>\n<\/li>\n<li class=\"py-0 my-0 prose-p:pt-0 prose-p:mb-2 prose-p:my-0 [&amp;&gt;p]:pt-0 [&amp;&gt;p]:mb-2 [&amp;&gt;p]:my-0\">\n<p class=\"my-2 [&amp;+p]:mt-4 [&amp;_strong:has(+br)]:inline-block [&amp;_strong:has(+br)]:pb-2\">Escenarios de uso recomendados: Durante los viajes; para un r\u00e1pido est\u00edmulo; cuando se siente calor o congesti\u00f3n; durante las pausas de trabajo o estudio; para refrescarse arom\u00e1ticamente todos los d\u00edas.<\/p>\n<\/li>\n<li>Ingredientes: Glicerina, mentol, extracto de rosa, extracto de Blumea balsamifera.<\/li>\n<li>Ingredientes: Glicerina, mentol, extracto de rosa, extracto de Blumea balsamifera.<\/li>\n<\/ul>","protected":false},"featured_media":33065,"comment_status":"closed","ping_status":"closed","template":"","meta":{"iawp_total_views":8,"_joinchat":[]},"product_brand":[],"product_cat":[1090],"product_tag":[],"class_list":{"0":"post-33064","1":"product","2":"type-product","3":"status-publish","4":"has-post-thumbnail","6":"product_cat-nose-vape","8":"first","9":"instock","10":"shipping-taxable","11":"product-type-external"},"yoast_head":"<!-- This site is optimized with the Yoast SEO Premium plugin v24.7 (Yoast SEO v26.8) - https:\/\/yoast.com\/product\/yoast-seo-premium-wordpress\/ -->\n<title>Nose Vape Disposable\uff08 Rose Flavor\uff09 - Global Hookah<\/title>\n<meta name=\"robots\" content=\"index, follow, max-snippet:-1, max-image-preview:large, max-video-preview:-1\" \/>\n<link rel=\"canonical\" href=\"https:\/\/global-hookah.com\/es\/producto\/nose-vape-disposable\uff08-rose-flavor\uff09\/\" \/>\n<meta property=\"og:locale\" content=\"es_ES\" \/>\n<meta property=\"og:type\" content=\"article\" \/>\n<meta property=\"og:title\" content=\"Nose Vape Disposable\uff08 Rose Flavor\uff09\" \/>\n<meta property=\"og:description\" content=\"Product dimensions: 93 \u00d7 16 \u00d7 16 mm    Product weight: 50 g    Product advantages: Provides a cooling sensation; helps refresh and sharpen focus; promotes a feeling of clearer, smoother breathing; soothing and revitalizing; ideal for an instant refresh.    Recommended use scenarios: While traveling; for a quick pick\u2011me\u2011up; when feeling hot or stuffy; during work or study breaks; for everyday aromatic refresh.   Ingredients: Glycerin, menthol, rose extract, Blumea balsamifera extract.  Ingredients: Glycerin, menthol, rose extract, Blumea balsamifera extract.\" \/>\n<meta property=\"og:url\" content=\"https:\/\/global-hookah.com\/es\/producto\/nose-vape-disposable\uff08-rose-flavor\uff09\/\" \/>\n<meta property=\"og:site_name\" content=\"Global Hookah\" \/>\n<meta property=\"article:modified_time\" content=\"2026-02-03T07:24:01+00:00\" \/>\n<meta property=\"og:image\" content=\"https:\/\/global-hookah.com\/wp-content\/uploads\/2026\/02\/b590c0410d0e3f0d6957ae41b9c3d312_b42f008d-a76e-41ed-900c-959ace760cba.webp\" \/>\n\t<meta property=\"og:image:width\" content=\"990\" \/>\n\t<meta property=\"og:image:height\" content=\"990\" \/>\n\t<meta property=\"og:image:type\" content=\"image\/webp\" \/>\n<meta name=\"twitter:card\" content=\"summary_large_image\" \/>\n<script type=\"application\/ld+json\" class=\"yoast-schema-graph\">{\"@context\":\"https:\/\/schema.org\",\"@graph\":[{\"@type\":\"WebPage\",\"@id\":\"https:\/\/global-hookah.com\/product\/nose-vape-disposable%ef%bc%88-rose-flavor%ef%bc%89\/\",\"url\":\"https:\/\/global-hookah.com\/product\/nose-vape-disposable%ef%bc%88-rose-flavor%ef%bc%89\/\",\"name\":\"Nose Vape Disposable\uff08 Rose Flavor\uff09 - Global Hookah\",\"isPartOf\":{\"@id\":\"https:\/\/global-hookah.com\/#website\"},\"primaryImageOfPage\":{\"@id\":\"https:\/\/global-hookah.com\/product\/nose-vape-disposable%ef%bc%88-rose-flavor%ef%bc%89\/#primaryimage\"},\"image\":{\"@id\":\"https:\/\/global-hookah.com\/product\/nose-vape-disposable%ef%bc%88-rose-flavor%ef%bc%89\/#primaryimage\"},\"thumbnailUrl\":\"https:\/\/global-hookah.com\/wp-content\/uploads\/2026\/02\/b590c0410d0e3f0d6957ae41b9c3d312_b42f008d-a76e-41ed-900c-959ace760cba.webp\",\"datePublished\":\"2026-02-03T06:42:45+00:00\",\"dateModified\":\"2026-02-03T07:24:01+00:00\",\"breadcrumb\":{\"@id\":\"https:\/\/global-hookah.com\/product\/nose-vape-disposable%ef%bc%88-rose-flavor%ef%bc%89\/#breadcrumb\"},\"inLanguage\":\"es\",\"potentialAction\":[{\"@type\":\"ReadAction\",\"target\":[\"https:\/\/global-hookah.com\/product\/nose-vape-disposable%ef%bc%88-rose-flavor%ef%bc%89\/\"]}]},{\"@type\":\"ImageObject\",\"inLanguage\":\"es\",\"@id\":\"https:\/\/global-hookah.com\/product\/nose-vape-disposable%ef%bc%88-rose-flavor%ef%bc%89\/#primaryimage\",\"url\":\"https:\/\/global-hookah.com\/wp-content\/uploads\/2026\/02\/b590c0410d0e3f0d6957ae41b9c3d312_b42f008d-a76e-41ed-900c-959ace760cba.webp\",\"contentUrl\":\"https:\/\/global-hookah.com\/wp-content\/uploads\/2026\/02\/b590c0410d0e3f0d6957ae41b9c3d312_b42f008d-a76e-41ed-900c-959ace760cba.webp\",\"width\":\"990\",\"height\":\"990\",\"caption\":\"Nose Vape Disposable\uff08 Rose Flavor\uff09\"},{\"@type\":\"BreadcrumbList\",\"@id\":\"https:\/\/global-hookah.com\/product\/nose-vape-disposable%ef%bc%88-rose-flavor%ef%bc%89\/#breadcrumb\",\"itemListElement\":[{\"@type\":\"ListItem\",\"position\":1,\"name\":\"Home\",\"item\":\"https:\/\/global-hookah.com\/\"},{\"@type\":\"ListItem\",\"position\":2,\"name\":\"Shop\",\"item\":\"https:\/\/global-hookah.com\/shop\/\"},{\"@type\":\"ListItem\",\"position\":3,\"name\":\"Nose Vape Disposable\uff08 Rose Flavor\uff09\"}]},{\"@type\":\"WebSite\",\"@id\":\"https:\/\/global-hookah.com\/#website\",\"url\":\"https:\/\/global-hookah.com\/\",\"name\":\"Global Hookah\",\"description\":\"Global Hookah\",\"publisher\":{\"@id\":\"https:\/\/global-hookah.com\/#organization\"},\"potentialAction\":[{\"@type\":\"SearchAction\",\"target\":{\"@type\":\"EntryPoint\",\"urlTemplate\":\"https:\/\/global-hookah.com\/?s={search_term_string}\"},\"query-input\":{\"@type\":\"PropertyValueSpecification\",\"valueRequired\":true,\"valueName\":\"search_term_string\"}}],\"inLanguage\":\"es\"},{\"@type\":\"Organization\",\"@id\":\"https:\/\/global-hookah.com\/#organization\",\"name\":\"Global Hookah\",\"url\":\"https:\/\/global-hookah.com\/\",\"logo\":{\"@type\":\"ImageObject\",\"inLanguage\":\"es\",\"@id\":\"https:\/\/global-hookah.com\/#\/schema\/logo\/image\/\",\"url\":\"https:\/\/global-hookah.com\/wp-content\/uploads\/2021\/10\/cropped-fgg.png\",\"contentUrl\":\"https:\/\/global-hookah.com\/wp-content\/uploads\/2021\/10\/cropped-fgg.png\",\"width\":512,\"height\":512,\"caption\":\"Global Hookah\"},\"image\":{\"@id\":\"https:\/\/global-hookah.com\/#\/schema\/logo\/image\/\"}}]}<\/script>\n<!-- \/ Yoast SEO Premium plugin. -->","yoast_head_json":{"title":"Nariz Vape Desechable\uff08 Sabor Rosa\uff09 - Global Hookah","robots":{"index":"index","follow":"follow","max-snippet":"max-snippet:-1","max-image-preview":"max-image-preview:large","max-video-preview":"max-video-preview:-1"},"canonical":"https:\/\/global-hookah.com\/es\/producto\/nose-vape-disposable\uff08-rose-flavor\uff09\/","og_locale":"es_ES","og_type":"article","og_title":"Nose Vape Disposable\uff08 Rose Flavor\uff09","og_description":"Product dimensions: 93 \u00d7 16 \u00d7 16 mm    Product weight: 50 g    Product advantages: Provides a cooling sensation; helps refresh and sharpen focus; promotes a feeling of clearer, smoother breathing; soothing and revitalizing; ideal for an instant refresh.    Recommended use scenarios: While traveling; for a quick pick\u2011me\u2011up; when feeling hot or stuffy; during work or study breaks; for everyday aromatic refresh.   Ingredients: Glycerin, menthol, rose extract, Blumea balsamifera extract.  Ingredients: Glycerin, menthol, rose extract, Blumea balsamifera extract.","og_url":"https:\/\/global-hookah.com\/es\/producto\/nose-vape-disposable\uff08-rose-flavor\uff09\/","og_site_name":"Global Hookah","article_modified_time":"2026-02-03T07:24:01+00:00","og_image":[{"width":990,"height":990,"url":"https:\/\/global-hookah.com\/wp-content\/uploads\/2026\/02\/b590c0410d0e3f0d6957ae41b9c3d312_b42f008d-a76e-41ed-900c-959ace760cba.webp","type":"image\/webp"}],"twitter_card":"summary_large_image","schema":{"@context":"https:\/\/schema.org","@graph":[{"@type":"WebPage","@id":"https:\/\/global-hookah.com\/product\/nose-vape-disposable%ef%bc%88-rose-flavor%ef%bc%89\/","url":"https:\/\/global-hookah.com\/product\/nose-vape-disposable%ef%bc%88-rose-flavor%ef%bc%89\/","name":"Nariz Vape Desechable\uff08 Sabor Rosa\uff09 - Global Hookah","isPartOf":{"@id":"https:\/\/global-hookah.com\/#website"},"primaryImageOfPage":{"@id":"https:\/\/global-hookah.com\/product\/nose-vape-disposable%ef%bc%88-rose-flavor%ef%bc%89\/#primaryimage"},"image":{"@id":"https:\/\/global-hookah.com\/product\/nose-vape-disposable%ef%bc%88-rose-flavor%ef%bc%89\/#primaryimage"},"thumbnailUrl":"https:\/\/global-hookah.com\/wp-content\/uploads\/2026\/02\/b590c0410d0e3f0d6957ae41b9c3d312_b42f008d-a76e-41ed-900c-959ace760cba.webp","datePublished":"2026-02-03T06:42:45+00:00","dateModified":"2026-02-03T07:24:01+00:00","breadcrumb":{"@id":"https:\/\/global-hookah.com\/product\/nose-vape-disposable%ef%bc%88-rose-flavor%ef%bc%89\/#breadcrumb"},"inLanguage":"es","potentialAction":[{"@type":"ReadAction","target":["https:\/\/global-hookah.com\/product\/nose-vape-disposable%ef%bc%88-rose-flavor%ef%bc%89\/"]}]},{"@type":"ImageObject","inLanguage":"es","@id":"https:\/\/global-hookah.com\/product\/nose-vape-disposable%ef%bc%88-rose-flavor%ef%bc%89\/#primaryimage","url":"https:\/\/global-hookah.com\/wp-content\/uploads\/2026\/02\/b590c0410d0e3f0d6957ae41b9c3d312_b42f008d-a76e-41ed-900c-959ace760cba.webp","contentUrl":"https:\/\/global-hookah.com\/wp-content\/uploads\/2026\/02\/b590c0410d0e3f0d6957ae41b9c3d312_b42f008d-a76e-41ed-900c-959ace760cba.webp","width":"990","height":"990","caption":"Nose Vape Disposable\uff08 Rose Flavor\uff09"},{"@type":"BreadcrumbList","@id":"https:\/\/global-hookah.com\/product\/nose-vape-disposable%ef%bc%88-rose-flavor%ef%bc%89\/#breadcrumb","itemListElement":[{"@type":"ListItem","position":1,"name":"Home","item":"https:\/\/global-hookah.com\/"},{"@type":"ListItem","position":2,"name":"Shop","item":"https:\/\/global-hookah.com\/shop\/"},{"@type":"ListItem","position":3,"name":"Nose Vape Disposable\uff08 Rose Flavor\uff09"}]},{"@type":"WebSite","@id":"https:\/\/global-hookah.com\/#website","url":"https:\/\/global-hookah.com\/","name":"Global Hookah","description":"Global Hookah","publisher":{"@id":"https:\/\/global-hookah.com\/#organization"},"potentialAction":[{"@type":"SearchAction","target":{"@type":"EntryPoint","urlTemplate":"https:\/\/global-hookah.com\/?s={search_term_string}"},"query-input":{"@type":"PropertyValueSpecification","valueRequired":true,"valueName":"search_term_string"}}],"inLanguage":"es"},{"@type":"Organization","@id":"https:\/\/global-hookah.com\/#organization","name":"Global Hookah","url":"https:\/\/global-hookah.com\/","logo":{"@type":"ImageObject","inLanguage":"es","@id":"https:\/\/global-hookah.com\/#\/schema\/logo\/image\/","url":"https:\/\/global-hookah.com\/wp-content\/uploads\/2021\/10\/cropped-fgg.png","contentUrl":"https:\/\/global-hookah.com\/wp-content\/uploads\/2021\/10\/cropped-fgg.png","width":512,"height":512,"caption":"Global Hookah"},"image":{"@id":"https:\/\/global-hookah.com\/#\/schema\/logo\/image\/"}}]}},"_links":{"self":[{"href":"https:\/\/global-hookah.com\/es\/wp-json\/wp\/v2\/product\/33064","targetHints":{"allow":["GET"]}}],"collection":[{"href":"https:\/\/global-hookah.com\/es\/wp-json\/wp\/v2\/product"}],"about":[{"href":"https:\/\/global-hookah.com\/es\/wp-json\/wp\/v2\/types\/product"}],"replies":[{"embeddable":true,"href":"https:\/\/global-hookah.com\/es\/wp-json\/wp\/v2\/comments?post=33064"}],"version-history":[{"count":4,"href":"https:\/\/global-hookah.com\/es\/wp-json\/wp\/v2\/product\/33064\/revisions"}],"predecessor-version":[{"id":33069,"href":"https:\/\/global-hookah.com\/es\/wp-json\/wp\/v2\/product\/33064\/revisions\/33069"}],"wp:featuredmedia":[{"embeddable":true,"href":"https:\/\/global-hookah.com\/es\/wp-json\/wp\/v2\/media\/33065"}],"wp:attachment":[{"href":"https:\/\/global-hookah.com\/es\/wp-json\/wp\/v2\/media?parent=33064"}],"wp:term":[{"taxonomy":"product_brand","embeddable":true,"href":"https:\/\/global-hookah.com\/es\/wp-json\/wp\/v2\/product_brand?post=33064"},{"taxonomy":"product_cat","embeddable":true,"href":"https:\/\/global-hookah.com\/es\/wp-json\/wp\/v2\/product_cat?post=33064"},{"taxonomy":"product_tag","embeddable":true,"href":"https:\/\/global-hookah.com\/es\/wp-json\/wp\/v2\/product_tag?post=33064"}],"curies":[{"name":"wp","href":"https:\/\/api.w.org\/{rel}","templated":true}]}}