{"id":8707,"date":"2023-01-01T06:58:31","date_gmt":"2023-01-01T06:58:31","guid":{"rendered":"https:\/\/global-hookah.com\/?post_type=product&#038;p=8707"},"modified":"2024-03-13T00:27:37","modified_gmt":"2024-03-13T00:27:37","slug":"golden-russian-hookah-pipe","status":"publish","type":"product","link":"https:\/\/global-hookah.com\/es\/producto\/golden-russian-hookah-pipe\/","title":{"rendered":"Pipa rusa dorada para narguile"},"content":{"rendered":"<div id=\"ali-anchor-AliPostDhMb-01rzs\" class=\"mceSectionContainer\" style=\"padding-top: 8px;\" data-section=\"AliPostDhMb-01rzs\" data-section-title=\"Product Description\">\n<div id=\"ali-title-AliPostDhMb-01rzs\" style=\"padding: 8px 0; border-bottom: 1px solid #ddd;\"><span style=\"background-color: #ddd; color: #333; font-weight: bold; padding: 8px 10px; line-height: 12px;\">Descripci\u00f3n del producto<\/span><\/div>\n<div style=\"padding: 10px 0;\">\n<div class=\"J_module\" style=\"margin: 10px 0px 0px; padding: 0px; border: 0px; font-size: 12px; line-height: inherit; font-family: Arial, Helvetica, sans-senif; vertical-align: baseline; color: #333333; background-color: #ffffff;\">\n<div class=\"detail-decorate-json-renderer-container\" style=\"margin: 0px; padding: 0px; border: 0px; font-style: inherit; font-variant: inherit; font-size: inherit; line-height: inherit; font-family: Roboto; vertical-align: baseline;\">\n<div class=\"magic-0\" style=\"font-style: inherit; font-variant: inherit; font-size: inherit; line-height: inherit; font-family: inherit; margin: 0px; padding: 0px; border: 0px; vertical-align: top;\">\n<div class=\"magic-1\" style=\"font-style: inherit; font-variant: inherit; font-size: inherit; line-height: inherit; font-family: inherit; margin: 0px; padding: 0px 4px; border: 0px; vertical-align: top;\">\n<div class=\"magic-2\" style=\"font-style: inherit; font-variant: inherit; font-size: inherit; line-height: inherit; font-family: inherit; margin: 0px; padding: 4px 0px; border: 0px; vertical-align: top;\">\n<div class=\"magic-3\" style=\"margin: 0px; padding: 0px; border: 0px; font-style: inherit; font-variant: inherit; font-size: 14px; line-height: inherit; font-family: inherit; vertical-align: baseline;\">\n<p>El dorado <strong>Pipa rusa Hookah<\/strong> tiene un dise\u00f1o fant\u00e1stico y viene en diferentes colores. La pipa tiene un dise\u00f1o estilo AK-47 con un acabado dorado que le da un aspecto muy atractivo.<\/p>\n<p>En <strong>Pipa rusa dorada para narguile<\/strong> est\u00e1 hecha de metal de alta calidad. Es una pipa hookah \u00fanica y hermosa que se puede utilizar para fumar tabaco o shisha. Esta pipa hookah tiene un tallo largo y el tama\u00f1o del taz\u00f3n es m\u00e1s grande que la mayor\u00eda. <a href=\"https:\/\/global-hookah.com\/\">otros narguiles.<\/a> El amplio calibre de esta pipa hookah le permite obtener m\u00e1s humo de una vez. Puede a\u00f1adir f\u00e1cilmente cubitos de hielo en la cazoleta y disfrutar de una experiencia de fumada incre\u00edble.<\/p>\n<p>La pipa narguile rusa dorada viene en un hermoso estuche que parece pertenecer a una costosa colecci\u00f3n de joyas m\u00e1s que a una pipa de tabaco o shisha ordinaria. El estuche protege su pipa de los da\u00f1os y hace que sea f\u00e1cil de llevar con usted dondequiera que vaya.<\/p>\n<p>Esta pipa narguile viene con muchos accesorios como la bandeja, las pinzas, el adaptador de manguera y la junta de la base para que no tenga que preocuparse de nada m\u00e1s que de disfrutar de su experiencia de fumar.<\/p>\n<\/div>\n<\/div>\n<\/div>\n<\/div>\n<\/div>\n<\/div>\n<div class=\"J_module\" style=\"margin: 10px 0px 0px; padding: 0px; border: 0px; font-size: 12px; line-height: inherit; font-family: Arial, Helvetica, sans-senif; vertical-align: baseline; color: #333333; background-color: #ffffff;\">\n<div class=\"ife-detail-decorate-table\" style=\"margin: 0px; padding: 0px; border: 0px; font: inherit; vertical-align: baseline;\">\n<table class=\"has-title all magic-13\" style=\"margin: 0px; padding: 0px; font-style: inherit; font-variant: inherit; font-weight: inherit; font-size: 14px; line-height: inherit; font-family: inherit; width: auto;\">\n<tbody style=\"margin: 0px; padding: 0px; font-style: inherit; font-variant: inherit; font-weight: inherit; line-height: inherit; font-family: inherit;\">\n<tr style=\"margin: 0px; padding: 0px; font-style: inherit; font-variant: inherit; font-weight: inherit; line-height: inherit; font-family: inherit;\">\n<td style=\"margin: 0px; padding: 0px; font-style: inherit; font-variant: inherit; line-height: inherit; font-family: inherit; float: none; border: 1px solid #cccccc; overflow: hidden; height: 20px; vertical-align: top; background-color: #f7f8fa; width: 146px;\">\n<div class=\"magic-14\" style=\"margin: 0px; padding: 5px 10px; border: 0px; font: inherit; vertical-align: baseline; width: 126px; min-height: 18px;\"><span style=\"font-weight: bold;\">Material<\/span><\/div>\n<\/td>\n<td style=\"margin: 0px; padding: 0px; font-style: inherit; font-variant: inherit; line-height: inherit; font-family: inherit; float: none; border: 1px solid #cccccc; overflow: hidden; height: 20px; vertical-align: top; background-color: #f7f8fa; width: 10px;\" colspan=\"4\">Pl\u00e1stico<\/td>\n<\/tr>\n<tr style=\"margin: 0px; padding: 0px; font-style: inherit; font-variant: inherit; font-weight: inherit; line-height: inherit; font-family: inherit;\">\n<td style=\"margin: 0px; padding: 0px; font-style: inherit; font-variant: inherit; line-height: inherit; font-family: inherit; float: none; border: 1px solid #cccccc; overflow: hidden; height: 20px; vertical-align: top; width: 146px;\">\n<div class=\"magic-14\" style=\"margin: 0px; padding: 5px 10px; border: 0px; font: inherit; vertical-align: baseline; width: 126px; min-height: 18px;\"><span style=\"font-weight: bold;\">logotipo<\/span><\/div>\n<\/td>\n<td style=\"margin: 0px; padding: 0px; font-style: inherit; font-variant: inherit; line-height: inherit; font-family: inherit; float: none; border: 1px solid #cccccc; overflow: hidden; height: 20px; vertical-align: top; width: 10px;\" colspan=\"4\">\n<div class=\"magic-15\" style=\"margin: 0px; padding: 5px 10px; border: 0px; font: inherit; vertical-align: baseline; width: 569px; min-height: 18px;\">Logotipo personalizable<\/div>\n<\/td>\n<\/tr>\n<tr style=\"margin: 0px; padding: 0px; font-style: inherit; font-variant: inherit; font-weight: inherit; line-height: inherit; font-family: inherit;\">\n<td style=\"margin: 0px; padding: 0px; font-style: inherit; font-variant: inherit; line-height: inherit; font-family: inherit; float: none; border: 1px solid #cccccc; overflow: hidden; height: 20px; vertical-align: top; width: 146px;\">\n<div class=\"magic-14\" style=\"margin: 0px; padding: 5px 10px; border: 0px; font: inherit; vertical-align: baseline; width: 126px; min-height: 18px;\"><span style=\"font-weight: bold;\">MOQ<\/span><\/div>\n<\/td>\n<td style=\"margin: 0px; padding: 0px; font-style: inherit; font-variant: inherit; line-height: inherit; font-family: inherit; float: none; border: 1px solid #cccccc; overflow: hidden; height: 20px; vertical-align: top; width: 10px;\" colspan=\"4\">\n<div class=\"magic-18\" style=\"margin: 0px; padding: 5px 10px; border: 0px; font: inherit; vertical-align: baseline; width: 568px; min-height: 18px;\">1 unidad<\/div>\n<\/td>\n<\/tr>\n<tr style=\"margin: 0px; padding: 0px; font-style: inherit; font-variant: inherit; font-weight: inherit; line-height: inherit; font-family: inherit;\">\n<td style=\"margin: 0px; padding: 0px; font-style: inherit; font-variant: inherit; line-height: inherit; font-family: inherit; float: none; border: 1px solid #cccccc; overflow: hidden; height: 20px; vertical-align: top; width: 146px;\">\n<div class=\"magic-14\" style=\"margin: 0px; padding: 5px 10px; border: 0px; font: inherit; vertical-align: baseline; width: 126px; min-height: 18px;\"><span style=\"font-weight: bold;\">Color<\/span><\/div>\n<\/td>\n<td style=\"margin: 0px; padding: 0px; font-style: inherit; font-variant: inherit; line-height: inherit; font-family: inherit; float: none; border: 1px solid #cccccc; overflow: hidden; height: 20px; vertical-align: top; width: 10px;\" colspan=\"4\">\n<div class=\"magic-18\" style=\"margin: 0px; padding: 5px 10px; border: 0px; font: inherit; vertical-align: baseline; width: 568px; min-height: 18px;\">4 colores<\/div>\n<\/td>\n<\/tr>\n<tr style=\"margin: 0px; padding: 0px; font-style: inherit; font-variant: inherit; font-weight: inherit; line-height: inherit; font-family: inherit;\">\n<td style=\"margin: 0px; padding: 0px; font-style: inherit; font-variant: inherit; line-height: inherit; font-family: inherit; float: none; border: 1px solid #cccccc; overflow: hidden; height: 20px; vertical-align: top; width: 146px;\">\n<div class=\"magic-14\" style=\"margin: 0px; padding: 5px 10px; border: 0px; font: inherit; vertical-align: baseline; width: 126px; min-height: 18px;\"><span style=\"font-weight: bold;\" data-spm-anchor-id=\"0.0.0.i11.7a664f05vo3gDt\">Utilizaci\u00f3n<\/span><\/div>\n<\/td>\n<td style=\"margin: 0px; padding: 0px; font-style: inherit; font-variant: inherit; line-height: inherit; font-family: inherit; float: none; border: 1px solid #cccccc; overflow: hidden; height: 20px; vertical-align: top; width: 10px;\" colspan=\"4\">\n<div class=\"magic-18\" style=\"margin: 0px; padding: 5px 10px; border: 0px; font: inherit; vertical-align: baseline; width: 568px; min-height: 18px;\">Accesorios para fumadores<\/div>\n<\/td>\n<\/tr>\n<tr style=\"margin: 0px; padding: 0px; font-style: inherit; font-variant: inherit; font-weight: inherit; line-height: inherit; font-family: inherit;\">\n<td style=\"margin: 0px; padding: 0px; font-style: inherit; font-variant: inherit; line-height: inherit; font-family: inherit; float: none; border: 1px solid #cccccc; overflow: hidden; height: 20px; vertical-align: top; width: 146px;\">\n<div class=\"magic-14\" style=\"margin: 0px; padding: 5px 10px; border: 0px; font: inherit; vertical-align: baseline; width: 126px; min-height: 18px;\"><span style=\"font-weight: bold;\">Nombre del producto<\/span><\/div>\n<\/td>\n<td style=\"margin: 0px; padding: 0px; font-style: inherit; font-variant: inherit; line-height: inherit; font-family: inherit; float: none; border: 1px solid #cccccc; overflow: hidden; height: 20px; vertical-align: top; width: 10px;\" colspan=\"4\">\n<div class=\"magic-18\" style=\"margin: 0px; padding: 5px 10px; border: 0px; font: inherit; vertical-align: baseline; width: 568px; min-height: 18px;\">Shisha Hookah<\/div>\n<\/td>\n<\/tr>\n<\/tbody>\n<\/table>\n<p>&nbsp;<\/p>\n<p>&nbsp;<\/p>\n<p><img decoding=\"async\" src=\"\/\/sc04.alicdn.com\/kf\/H0f754fec383e41b88b85c977fd45ac1cj\/239327057\/H0f754fec383e41b88b85c977fd45ac1cj.jpg\" alt=\"Main-1.jpg\" \/><img decoding=\"async\" src=\"\/\/sc04.alicdn.com\/kf\/Hf4d8035ae5494101a8918359d9f0e57eF\/239327057\/Hf4d8035ae5494101a8918359d9f0e57eF.jpg\" alt=\"Main-5.jpg\" \/><img decoding=\"async\" src=\"\/\/sc04.alicdn.com\/kf\/H3f3a9df5bfa545a7ac2a3a7abc27d313T\/239327057\/H3f3a9df5bfa545a7ac2a3a7abc27d313T.jpg\" alt=\"SKU-1.jpg\" \/><img decoding=\"async\" src=\"\/\/sc04.alicdn.com\/kf\/H45122487946d44b9b8fc8ab377164d12H\/239327057\/H45122487946d44b9b8fc8ab377164d12H.jpg\" alt=\"Detail-3.jpg\" \/><img decoding=\"async\" src=\"\/\/sc04.alicdn.com\/kf\/H8adccb42067349a4b75ede132bce48cb9\/239327057\/H8adccb42067349a4b75ede132bce48cb9.jpg\" alt=\"Detail-7.jpg\" \/><img decoding=\"async\" src=\"\/\/sc04.alicdn.com\/kf\/H295813b61b914fdeadae2b2489edcbeeJ\/239327057\/H295813b61b914fdeadae2b2489edcbeeJ.jpg\" alt=\"Main-2.jpg\" \/><img decoding=\"async\" src=\"\/\/sc04.alicdn.com\/kf\/Had1727cef1e448d9b1949a717b5df073d\/239327057\/Had1727cef1e448d9b1949a717b5df073d.jpg\" alt=\"Main-6.jpg\" \/><img decoding=\"async\" src=\"\/\/sc04.alicdn.com\/kf\/Ha5889a54515d4322b9174631d8c67f8e8\/239327057\/Ha5889a54515d4322b9174631d8c67f8e8.jpg\" alt=\"1.png\" \/><img decoding=\"async\" src=\"\/\/sc04.alicdn.com\/kf\/H5f0fab1093c74653b770783ebafc002bR\/239327057\/H5f0fab1093c74653b770783ebafc002bR.png\" alt=\"2.png\" \/><img decoding=\"async\" src=\"\/\/sc04.alicdn.com\/kf\/H22b5a4552ad74fdbb0a19504bf0313a7t\/239327057\/H22b5a4552ad74fdbb0a19504bf0313a7t.png\" alt=\"3.png\" \/><img decoding=\"async\" src=\"\/\/sc04.alicdn.com\/kf\/H01f346ff0b764b3b8aaa73fb71be34ff8\/239327057\/H01f346ff0b764b3b8aaa73fb71be34ff8.jpg\" alt=\"4.png\" \/><img decoding=\"async\" src=\"\/\/sc04.alicdn.com\/kf\/H955290e449d147fc909eefc010d6edccG\/239327057\/H955290e449d147fc909eefc010d6edccG.jpg\" alt=\"5.png\" \/><img decoding=\"async\" src=\"\/\/sc04.alicdn.com\/kf\/Hbf1421c16c2549d7878bfe48148c21c0s\/239327057\/Hbf1421c16c2549d7878bfe48148c21c0s.jpg\" alt=\"6.png\" \/><img decoding=\"async\" src=\"\/\/sc04.alicdn.com\/kf\/H7a077d9b88c74494b97ce69e9229387aX\/239327057\/H7a077d9b88c74494b97ce69e9229387aX.jpg\" alt=\".jpg\" \/><img decoding=\"async\" src=\"\/\/sc04.alicdn.com\/kf\/H872657c67b684f6aaf68c231ac0072322\/239327057\/H872657c67b684f6aaf68c231ac0072322.jpg\" alt=\"8.png\" \/><\/p>\n<\/div>\n<\/div>\n<\/div>\n<\/div>","protected":false},"excerpt":{"rendered":"<p>Descripci\u00f3n del producto La pipa hookah rusa dorada tiene un dise\u00f1o fant\u00e1stico y viene en diferentes colores. La pipa tiene un<\/p>","protected":false},"featured_media":8737,"comment_status":"open","ping_status":"closed","template":"","meta":{"iawp_total_views":3,"_joinchat":[]},"product_brand":[],"product_cat":[415],"product_tag":[],"class_list":{"0":"post-8707","1":"product","2":"type-product","3":"status-publish","4":"has-post-thumbnail","6":"product_cat-accessories","8":"first","9":"outofstock","10":"shipping-taxable","11":"product-type-variable"},"yoast_head":"<!-- This site is optimized with the Yoast SEO Premium plugin v24.7 (Yoast SEO v26.8) - https:\/\/yoast.com\/product\/yoast-seo-premium-wordpress\/ -->\n<title>Golden Russian Hookah Pipe - Global Hookah<\/title>\n<meta name=\"robots\" content=\"index, follow, max-snippet:-1, max-image-preview:large, max-video-preview:-1\" \/>\n<link rel=\"canonical\" href=\"https:\/\/global-hookah.com\/es\/producto\/golden-russian-hookah-pipe\/\" \/>\n<meta property=\"og:locale\" content=\"es_ES\" \/>\n<meta property=\"og:type\" content=\"article\" \/>\n<meta property=\"og:title\" content=\"Golden Russian Hookah Pipe\" \/>\n<meta property=\"og:description\" content=\"Product Description The Golden Russian Hookah Pipe has a fantastic design and comes in different colors. The pipe has an\" \/>\n<meta property=\"og:url\" content=\"https:\/\/global-hookah.com\/es\/producto\/golden-russian-hookah-pipe\/\" \/>\n<meta property=\"og:site_name\" content=\"Global Hookah\" \/>\n<meta property=\"article:modified_time\" content=\"2024-03-13T00:27:37+00:00\" \/>\n<meta property=\"og:image\" content=\"https:\/\/global-hookah.com\/wp-content\/uploads\/2023\/01\/Hb907e29177a14087943a49d48dfc7aeeV.jpg\" \/>\n\t<meta property=\"og:image:width\" content=\"800\" \/>\n\t<meta property=\"og:image:height\" content=\"800\" \/>\n\t<meta property=\"og:image:type\" content=\"image\/jpeg\" \/>\n<meta name=\"twitter:card\" content=\"summary_large_image\" \/>\n<meta name=\"twitter:label1\" content=\"Tiempo de lectura\" \/>\n\t<meta name=\"twitter:data1\" content=\"1 minuto\" \/>\n<script type=\"application\/ld+json\" class=\"yoast-schema-graph\">{\"@context\":\"https:\/\/schema.org\",\"@graph\":[{\"@type\":\"WebPage\",\"@id\":\"https:\/\/global-hookah.com\/product\/golden-russian-hookah-pipe\/\",\"url\":\"https:\/\/global-hookah.com\/product\/golden-russian-hookah-pipe\/\",\"name\":\"Golden Russian Hookah Pipe - Global Hookah\",\"isPartOf\":{\"@id\":\"https:\/\/global-hookah.com\/#website\"},\"primaryImageOfPage\":{\"@id\":\"https:\/\/global-hookah.com\/product\/golden-russian-hookah-pipe\/#primaryimage\"},\"image\":{\"@id\":\"https:\/\/global-hookah.com\/product\/golden-russian-hookah-pipe\/#primaryimage\"},\"thumbnailUrl\":\"https:\/\/global-hookah.com\/wp-content\/uploads\/2023\/01\/Hb907e29177a14087943a49d48dfc7aeeV.jpg\",\"datePublished\":\"2023-01-01T06:58:31+00:00\",\"dateModified\":\"2024-03-13T00:27:37+00:00\",\"breadcrumb\":{\"@id\":\"https:\/\/global-hookah.com\/product\/golden-russian-hookah-pipe\/#breadcrumb\"},\"inLanguage\":\"es\",\"potentialAction\":[{\"@type\":\"ReadAction\",\"target\":[\"https:\/\/global-hookah.com\/product\/golden-russian-hookah-pipe\/\"]}]},{\"@type\":\"ImageObject\",\"inLanguage\":\"es\",\"@id\":\"https:\/\/global-hookah.com\/product\/golden-russian-hookah-pipe\/#primaryimage\",\"url\":\"https:\/\/global-hookah.com\/wp-content\/uploads\/2023\/01\/Hb907e29177a14087943a49d48dfc7aeeV.jpg\",\"contentUrl\":\"https:\/\/global-hookah.com\/wp-content\/uploads\/2023\/01\/Hb907e29177a14087943a49d48dfc7aeeV.jpg\",\"width\":800,\"height\":800},{\"@type\":\"BreadcrumbList\",\"@id\":\"https:\/\/global-hookah.com\/product\/golden-russian-hookah-pipe\/#breadcrumb\",\"itemListElement\":[{\"@type\":\"ListItem\",\"position\":1,\"name\":\"Home\",\"item\":\"https:\/\/global-hookah.com\/\"},{\"@type\":\"ListItem\",\"position\":2,\"name\":\"Shop\",\"item\":\"https:\/\/global-hookah.com\/shop\/\"},{\"@type\":\"ListItem\",\"position\":3,\"name\":\"Golden Russian Hookah Pipe\"}]},{\"@type\":\"WebSite\",\"@id\":\"https:\/\/global-hookah.com\/#website\",\"url\":\"https:\/\/global-hookah.com\/\",\"name\":\"Global Hookah\",\"description\":\"Global Hookah\",\"publisher\":{\"@id\":\"https:\/\/global-hookah.com\/#organization\"},\"potentialAction\":[{\"@type\":\"SearchAction\",\"target\":{\"@type\":\"EntryPoint\",\"urlTemplate\":\"https:\/\/global-hookah.com\/?s={search_term_string}\"},\"query-input\":{\"@type\":\"PropertyValueSpecification\",\"valueRequired\":true,\"valueName\":\"search_term_string\"}}],\"inLanguage\":\"es\"},{\"@type\":\"Organization\",\"@id\":\"https:\/\/global-hookah.com\/#organization\",\"name\":\"Global Hookah\",\"url\":\"https:\/\/global-hookah.com\/\",\"logo\":{\"@type\":\"ImageObject\",\"inLanguage\":\"es\",\"@id\":\"https:\/\/global-hookah.com\/#\/schema\/logo\/image\/\",\"url\":\"https:\/\/global-hookah.com\/wp-content\/uploads\/2021\/10\/cropped-fgg.png\",\"contentUrl\":\"https:\/\/global-hookah.com\/wp-content\/uploads\/2021\/10\/cropped-fgg.png\",\"width\":512,\"height\":512,\"caption\":\"Global Hookah\"},\"image\":{\"@id\":\"https:\/\/global-hookah.com\/#\/schema\/logo\/image\/\"}}]}<\/script>\n<!-- \/ Yoast SEO Premium plugin. -->","yoast_head_json":{"title":"Pipa rusa dorada para narguile - Global Hookah","robots":{"index":"index","follow":"follow","max-snippet":"max-snippet:-1","max-image-preview":"max-image-preview:large","max-video-preview":"max-video-preview:-1"},"canonical":"https:\/\/global-hookah.com\/es\/producto\/golden-russian-hookah-pipe\/","og_locale":"es_ES","og_type":"article","og_title":"Golden Russian Hookah Pipe","og_description":"Product Description The Golden Russian Hookah Pipe has a fantastic design and comes in different colors. The pipe has an","og_url":"https:\/\/global-hookah.com\/es\/producto\/golden-russian-hookah-pipe\/","og_site_name":"Global Hookah","article_modified_time":"2024-03-13T00:27:37+00:00","og_image":[{"width":800,"height":800,"url":"https:\/\/global-hookah.com\/wp-content\/uploads\/2023\/01\/Hb907e29177a14087943a49d48dfc7aeeV.jpg","type":"image\/jpeg"}],"twitter_card":"summary_large_image","twitter_misc":{"Tiempo de lectura":"1 minuto"},"schema":{"@context":"https:\/\/schema.org","@graph":[{"@type":"WebPage","@id":"https:\/\/global-hookah.com\/product\/golden-russian-hookah-pipe\/","url":"https:\/\/global-hookah.com\/product\/golden-russian-hookah-pipe\/","name":"Pipa rusa dorada para narguile - Global Hookah","isPartOf":{"@id":"https:\/\/global-hookah.com\/#website"},"primaryImageOfPage":{"@id":"https:\/\/global-hookah.com\/product\/golden-russian-hookah-pipe\/#primaryimage"},"image":{"@id":"https:\/\/global-hookah.com\/product\/golden-russian-hookah-pipe\/#primaryimage"},"thumbnailUrl":"https:\/\/global-hookah.com\/wp-content\/uploads\/2023\/01\/Hb907e29177a14087943a49d48dfc7aeeV.jpg","datePublished":"2023-01-01T06:58:31+00:00","dateModified":"2024-03-13T00:27:37+00:00","breadcrumb":{"@id":"https:\/\/global-hookah.com\/product\/golden-russian-hookah-pipe\/#breadcrumb"},"inLanguage":"es","potentialAction":[{"@type":"ReadAction","target":["https:\/\/global-hookah.com\/product\/golden-russian-hookah-pipe\/"]}]},{"@type":"ImageObject","inLanguage":"es","@id":"https:\/\/global-hookah.com\/product\/golden-russian-hookah-pipe\/#primaryimage","url":"https:\/\/global-hookah.com\/wp-content\/uploads\/2023\/01\/Hb907e29177a14087943a49d48dfc7aeeV.jpg","contentUrl":"https:\/\/global-hookah.com\/wp-content\/uploads\/2023\/01\/Hb907e29177a14087943a49d48dfc7aeeV.jpg","width":800,"height":800},{"@type":"BreadcrumbList","@id":"https:\/\/global-hookah.com\/product\/golden-russian-hookah-pipe\/#breadcrumb","itemListElement":[{"@type":"ListItem","position":1,"name":"Home","item":"https:\/\/global-hookah.com\/"},{"@type":"ListItem","position":2,"name":"Shop","item":"https:\/\/global-hookah.com\/shop\/"},{"@type":"ListItem","position":3,"name":"Golden Russian Hookah Pipe"}]},{"@type":"WebSite","@id":"https:\/\/global-hookah.com\/#website","url":"https:\/\/global-hookah.com\/","name":"Global Hookah","description":"Global Hookah","publisher":{"@id":"https:\/\/global-hookah.com\/#organization"},"potentialAction":[{"@type":"SearchAction","target":{"@type":"EntryPoint","urlTemplate":"https:\/\/global-hookah.com\/?s={search_term_string}"},"query-input":{"@type":"PropertyValueSpecification","valueRequired":true,"valueName":"search_term_string"}}],"inLanguage":"es"},{"@type":"Organization","@id":"https:\/\/global-hookah.com\/#organization","name":"Global Hookah","url":"https:\/\/global-hookah.com\/","logo":{"@type":"ImageObject","inLanguage":"es","@id":"https:\/\/global-hookah.com\/#\/schema\/logo\/image\/","url":"https:\/\/global-hookah.com\/wp-content\/uploads\/2021\/10\/cropped-fgg.png","contentUrl":"https:\/\/global-hookah.com\/wp-content\/uploads\/2021\/10\/cropped-fgg.png","width":512,"height":512,"caption":"Global Hookah"},"image":{"@id":"https:\/\/global-hookah.com\/#\/schema\/logo\/image\/"}}]}},"_links":{"self":[{"href":"https:\/\/global-hookah.com\/es\/wp-json\/wp\/v2\/product\/8707","targetHints":{"allow":["GET"]}}],"collection":[{"href":"https:\/\/global-hookah.com\/es\/wp-json\/wp\/v2\/product"}],"about":[{"href":"https:\/\/global-hookah.com\/es\/wp-json\/wp\/v2\/types\/product"}],"replies":[{"embeddable":true,"href":"https:\/\/global-hookah.com\/es\/wp-json\/wp\/v2\/comments?post=8707"}],"version-history":[{"count":0,"href":"https:\/\/global-hookah.com\/es\/wp-json\/wp\/v2\/product\/8707\/revisions"}],"wp:featuredmedia":[{"embeddable":true,"href":"https:\/\/global-hookah.com\/es\/wp-json\/wp\/v2\/media\/8737"}],"wp:attachment":[{"href":"https:\/\/global-hookah.com\/es\/wp-json\/wp\/v2\/media?parent=8707"}],"wp:term":[{"taxonomy":"product_brand","embeddable":true,"href":"https:\/\/global-hookah.com\/es\/wp-json\/wp\/v2\/product_brand?post=8707"},{"taxonomy":"product_cat","embeddable":true,"href":"https:\/\/global-hookah.com\/es\/wp-json\/wp\/v2\/product_cat?post=8707"},{"taxonomy":"product_tag","embeddable":true,"href":"https:\/\/global-hookah.com\/es\/wp-json\/wp\/v2\/product_tag?post=8707"}],"curies":[{"name":"wp","href":"https:\/\/api.w.org\/{rel}","templated":true}]}}